{"id":3372,"date":"2024-04-01T22:41:14","date_gmt":"2024-04-01T22:41:14","guid":{"rendered":"https:\/\/encinardeljamon.com\/?post_type=product&#038;p=3372"},"modified":"2026-01-14T09:46:24","modified_gmt":"2026-01-14T09:46:24","slug":"delirium-tremens-barril-keg-5-l","status":"publish","type":"product","link":"https:\/\/encinardeljamon.com\/es\/product\/delirium-tremens-barril-keg-5-l\/","title":{"rendered":"Delirium Tremens Barril Keg 5 L"},"content":{"rendered":"<div><main id=\"main\" role=\"main\"><\/p>\n<div id=\"bd_results\" role=\"region\" aria-live=\"polite\">\n<article class=\"productdetails-view vm-productdetails\">\n<div class=\"row row-condensed\">\n<div class=\"col-xs-12\">\n<div class=\"product-bottom-cont\">\n<div class=\"row row-condensed\">\n<div class=\"col-sm-9\">\n<div class=\"product-tabpanel\" role=\"tabpanel\">\n<div class=\"tab-content\">\n<div id=\"tab-product-desc\" class=\"tab-pane fade in active\" role=\"tabpanel\">\n<div class=\"full-product-description\">\n<div class=\"description\">\n<h2 class=\"titulo-ficha\">Delirium Tremens Barril Keg 5 L<\/h2>\n<div class=\"inf\"><\/div>\n<div class=\"info-ficha\">Delirium Tremens es una celebrada cerveza artesana belga, elaborada mediante la combinaci\u00f3n de tres tipos diferentes de levadura que le aportan un sabor \u00fanico y caracter\u00edstico. Al paladar es<strong>una cerveza c\u00e1lida y especiada<\/strong> con ligeras notas afrutadas. Esta cerveza rubia belga ha obtenido numerosos premios, entre lo que se encuentran la medalla de oro en el International Beer Challenge de Londres en 2015 y 2016 y la medalla de oro en los World Beer Awards 2021. Versi\u00f3n en formato barril de 5 litros.<\/div>\n<p>&nbsp;<\/p>\n<h2 class=\"titulo-ficha\">Brouwerij Huyghe<\/h2>\n<div class=\"inf\"><\/div>\n<div class=\"info-ficha\">Las cervezas Delirium tienen su origen en 1902, cuando Leon Huyghe comenz\u00f3 a trabajar en una cervecer\u00eda en Melle llamada Brouwerij-Mouterij den Appel. Huyghe adquiri\u00f3 la f\u00e1brica de cerveza en 1906 y en 1938 cambi\u00f3 su nombre a Brouwerij Huyghe. En 1998 se lanz\u00f3 al mercado la ic\u00f3nica cerveza Delirium Tremens y pronto <strong>se convirti\u00f3 en un gran \u00e9xito<\/strong>. Brouwerij Huyghe elabora otras cervezas como <a href=\"https:\/\/www.bodecall.com\/cerveza\/todas-las-cervezas\/mongozo-premium-pilsener-detail\">Mongozo<\/a>, <a href=\"https:\/\/www.bodecall.com\/cerveza\/todas-las-cervezas\/floris-chocolat-detail\">Floris<\/a>, <a href=\"https:\/\/www.bodecall.com\/cerveza\/todas-las-cervezas\/la-guillotine-detail\">La Guillotine<\/a> y Averbode, entre otras.<\/div>\n<p>&nbsp;<\/p>\n<h2 class=\"titulo-ficha\">Notas de cata<\/h2>\n<div class=\"inf\"><\/div>\n<div class=\"info-ficha\">Aspecto algo turbio, color dorado y espuma densa y persistente. Aroma frutal con notas a malta y especias. Al paladar esta cerveza artesana tiene un inicio c\u00e1lido y amargo que se va suavizando gracias a sus matices frutales y bals\u00e1micos. Graduaci\u00f3n: 8,5 grados de alcohol.<\/div>\n<p>&nbsp;<\/p>\n<p>&nbsp;<\/p>\n<p align=\"center\"><img decoding=\"async\" src=\"https:\/\/www.bodecall.com\/images\/productores\/delirium.jpg\" alt=\"Delirium y Brouwerij Huyghe en Bodecall\" border=\"0\" \/><\/p>\n<\/div>\n<\/div>\n<\/div>\n<\/div>\n<\/div>\n<\/div>\n<div class=\"col-sm-3\">\n<div class=\"related-products-cont\"><\/div>\n<\/div>\n<\/div>\n<\/div>\n<\/div>\n<\/div>\n<\/article>\n<\/div>\n<p><\/main><\/div>\n<div><\/div>\n<div class=\"product-short-desc-cont\">Ic\u00f3nica cerveza artesanal belga de sabor c\u00e1lido y equilibrado, en formato barril de 5 litros<\/div>\n<div class=\"ontop-fields-cont\">\n<div class=\"product-fields\">\n<div class=\"product-field product-field-type-S\">\n<table>\n<tbody>\n<tr class=\"\">\n<td class=\"filtro1\">\n<div class=\"product-fields-title-wrapper\"><span class=\"product-fields-title\">Al\u00e9rgenos<\/span><\/div>\n<\/td>\n<td class=\"filtro2\">\n<div class=\"product-field-display\">Gluten<\/div>\n<\/td>\n<\/tr>\n<\/tbody>\n<\/table>\n<\/div>\n<div class=\"product-field product-field-type-S\">\n<table>\n<tbody>\n<tr class=\"\">\n<td class=\"filtro1\">\n<div class=\"product-fields-title-wrapper\"><span class=\"product-fields-title\">Pa\u00eds<\/span><\/div>\n<\/td>\n<td class=\"filtro2\">\n<div class=\"product-field-display\">B\u00e9lgica<\/div>\n<\/td>\n<\/tr>\n<\/tbody>\n<\/table>\n<\/div>\n<div class=\"product-field product-field-type-S\">\n<table>\n<tbody>\n<tr class=\"\">\n<td class=\"filtro1\">\n<div class=\"product-fields-title-wrapper\"><span class=\"product-fields-title\">Marca<\/span><\/div>\n<\/td>\n<td class=\"filtro2\">\n<div class=\"product-field-display\">Delirium<\/div>\n<\/td>\n<\/tr>\n<\/tbody>\n<\/table>\n<\/div>\n<div class=\"product-field product-field-type-S\">\n<table>\n<tbody>\n<tr class=\"\">\n<td class=\"filtro1\">\n<div class=\"product-fields-title-wrapper\"><span class=\"product-fields-title\">Volumen<\/span><\/div>\n<\/td>\n<td class=\"filtro2\">\n<div class=\"product-field-display\">5 L<\/div>\n<\/td>\n<\/tr>\n<\/tbody>\n<\/table>\n<\/div>\n<div class=\"product-field product-field-type-S\">\n<table>\n<tbody>\n<tr class=\"\">\n<td class=\"filtro1\">\n<div class=\"product-fields-title-wrapper\"><span class=\"product-fields-title\">Tipo<\/span><\/div>\n<\/td>\n<td class=\"filtro2\">\n<div class=\"product-field-display\">Belgian Ale<\/div>\n<\/td>\n<\/tr>\n<\/tbody>\n<\/table>\n<\/div>\n<div class=\"product-field product-field-type-S\">\n<table>\n<tbody>\n<tr class=\"\">\n<td class=\"filtro1\">\n<div class=\"product-fields-title-wrapper\"><span class=\"product-fields-title\">Color<\/span><\/div>\n<\/td>\n<td class=\"filtro2\">\n<div class=\"product-field-display\">Rubia<\/div>\n<\/td>\n<\/tr>\n<\/tbody>\n<\/table>\n<\/div>\n<div class=\"product-field product-field-type-S\">\n<table>\n<tbody>\n<tr class=\"\">\n<td class=\"filtro1\">\n<div class=\"product-fields-title-wrapper\"><span class=\"product-fields-title\">Alcohol<\/span><\/div>\n<\/td>\n<td class=\"filtro2\">\n<div class=\"product-field-display\">8,5%<\/div>\n<\/td>\n<\/tr>\n<\/tbody>\n<\/table>\n<\/div>\n<\/div>\n<\/div>\n","protected":false},"excerpt":{"rendered":"<p>Delirium Tremens Barril Keg 5 L Delirium Tremens es una celebrada cerveza artesana belga, elaborada mediante la combinaci\u00f3n de tres tipos diferentes de levadura que le aportan un sabor \u00fanico y caracter\u00edstico. Al paladar esuna cerveza c\u00e1lida y especiada con ligeras notas afrutadas. Esta cerveza rubia belga ha obtenido numerosos premios, entre lo que se &hellip;<\/p>\n<p class=\"read-more\"> <a class=\"\" href=\"https:\/\/encinardeljamon.com\/es\/product\/delirium-tremens-barril-keg-5-l\/\"> <span class=\"screen-reader-text\">Delirium Tremens Barril Keg 5 L<\/span> Leer m\u00e1s &raquo;<\/a><\/p>\n","protected":false},"featured_media":3373,"comment_status":"closed","ping_status":"closed","template":"","meta":{"site-sidebar-layout":"default","site-content-layout":null,"ast-site-content-layout":"default","site-content-style":"default","site-sidebar-style":"default","ast-global-header-display":"","ast-banner-title-visibility":"","ast-main-header-display":"","ast-hfb-above-header-display":null,"ast-hfb-below-header-display":null,"ast-hfb-mobile-header-display":"","site-post-title":"","ast-breadcrumbs-content":null,"ast-featured-img":"","footer-sml-layout":"","theme-transparent-header-meta":"default","adv-header-id-meta":null,"stick-header-meta":null,"header-above-stick-meta":null,"header-main-stick-meta":null,"header-below-stick-meta":null,"astra-migrate-meta-layouts":"set","_joinchat":[]},"product_brand":[],"product_cat":[27,39],"product_tag":[],"yst_prominent_words":[],"class_list":{"0":"post-3372","1":"product","2":"type-product","3":"status-publish","4":"has-post-thumbnail","6":"product_cat-licores-vinos-y-cervezas","7":"product_cat-ofertas-y-novedades","8":"desktop-align-left","9":"tablet-align-left","10":"mobile-align-left","12":"first","13":"instock","14":"taxable","15":"shipping-taxable","16":"purchasable","17":"product-type-simple"},"_links":{"self":[{"href":"https:\/\/encinardeljamon.com\/es\/wp-json\/wp\/v2\/product\/3372","targetHints":{"allow":["GET"]}}],"collection":[{"href":"https:\/\/encinardeljamon.com\/es\/wp-json\/wp\/v2\/product"}],"about":[{"href":"https:\/\/encinardeljamon.com\/es\/wp-json\/wp\/v2\/types\/product"}],"replies":[{"embeddable":true,"href":"https:\/\/encinardeljamon.com\/es\/wp-json\/wp\/v2\/comments?post=3372"}],"wp:featuredmedia":[{"embeddable":true,"href":"https:\/\/encinardeljamon.com\/es\/wp-json\/wp\/v2\/media\/3373"}],"wp:attachment":[{"href":"https:\/\/encinardeljamon.com\/es\/wp-json\/wp\/v2\/media?parent=3372"}],"wp:term":[{"taxonomy":"product_brand","embeddable":true,"href":"https:\/\/encinardeljamon.com\/es\/wp-json\/wp\/v2\/product_brand?post=3372"},{"taxonomy":"product_cat","embeddable":true,"href":"https:\/\/encinardeljamon.com\/es\/wp-json\/wp\/v2\/product_cat?post=3372"},{"taxonomy":"product_tag","embeddable":true,"href":"https:\/\/encinardeljamon.com\/es\/wp-json\/wp\/v2\/product_tag?post=3372"},{"taxonomy":"yst_prominent_words","embeddable":true,"href":"https:\/\/encinardeljamon.com\/es\/wp-json\/wp\/v2\/yst_prominent_words?post=3372"}],"curies":[{"name":"wp","href":"https:\/\/api.w.org\/{rel}","templated":true}]}}