{"id":3368,"date":"2024-04-01T22:30:25","date_gmt":"2024-04-01T22:30:25","guid":{"rendered":"https:\/\/encinardeljamon.com\/?post_type=product&#038;p=3368"},"modified":"2026-01-14T09:46:38","modified_gmt":"2026-01-14T09:46:38","slug":"gulden-draak-classic-5-litros","status":"publish","type":"product","link":"https:\/\/encinardeljamon.com\/es\/product\/gulden-draak-classic-5-litros\/","title":{"rendered":"Gulden Draak Classic 5 litros"},"content":{"rendered":"<div class=\"product-short-desc-cont\">Cerveza triple oscura con notas a caramelo, malta tostada y caf\u00e9, 10,5%. Barril de 5 litros<main id=\"main\" role=\"main\"><\/p>\n<div id=\"bd_results\" role=\"region\" aria-live=\"polite\">\n<article class=\"productdetails-view vm-productdetails\">\n<div class=\"row row-condensed\">\n<div class=\"col-xs-12\">\n<div class=\"product-bottom-cont\">\n<div class=\"row row-condensed\">\n<div class=\"col-sm-9\">\n<div class=\"product-tabpanel\" role=\"tabpanel\">\n<div class=\"tab-content\">\n<div id=\"tab-product-desc\" class=\"tab-pane fade active in\" role=\"tabpanel\">\n<div class=\"full-product-description\">\n<div class=\"description\">\n<h2 class=\"titulo-ficha\">Gulden Draak Classic Barril 5 litros<\/h2>\n<div class=\"inf\"><\/div>\n<div class=\"info-ficha\">Gulden Draak Classic es una <strong>cerveza Triple oscura de tipo Strong Dark Ale <\/strong>elaborada con materias primas de la mejor calidad que incluyen l\u00fapulos nobles y la levadura de vino exclusiva que Josef Van Steenberge trajo de Buerdeos en 1986. El resultado es una cerveza belga artesana de color oscuro, con aroma y sabor a malta tostada, caramelo y caf\u00e9.&nbsp;<\/p>\n<p>Su perfil evoluciona con el tiempo si se deja reposar, adquiriendo<strong> m\u00faltiples matices y complejidad<\/strong>. Su nombre proviene del hist\u00f3rico Drag\u00f3n Dorado que corona la torre del campanario de Gante y que simboliza el poder y la libertad de la ciudad.<\/div>\n<p>&nbsp;<\/p>\n<h2 class=\"titulo-ficha\">Brouwerij Van Steenberge<\/h2>\n<div class=\"inf\"><\/div>\n<div class=\"info-ficha\">La historia de la gama de cervezas Gulden Draak comenz\u00f3 en 1784, cuando Jean Baptiste De Bruin <strong>fund\u00f3 una cervecer\u00eda en la localidad de Ertvelde<\/strong> (B\u00e9lgica) llamada De Peer. Cuando falleci\u00f3, su esposa Angelina Petronella Schelfaut tom\u00f3 las riendas de la f\u00e1brica de cerveza. Unos a\u00f1os m\u00e1s tarde, su sobrino Josef Schelfaut, un gran conocedor del arte de elaborar cerveza, se puso al mando de la cervecer\u00eda.&nbsp;<\/p>\n<p>Posteriormente, la hija de Josef, Margriet Schelfaut, se cas\u00f3 con Paul Van Steenberge. Van Steenberge, un profesor de microbiolog\u00eda, se hizo cargo de la cervecer\u00eda despu\u00e9s de la Primera Guerra Mundial. Josef Van Steenberge, al frente de la empresa a partir de 1962, comenz\u00f3 a elaborar cervezas especiales de fermentaci\u00f3n alta y en 1978 adquiri\u00f3 las recetas de las cervezas de abad\u00eda St Augustijn. Las cervezas de la gama <a href=\"https:\/\/www.bodecall.com\/cerveza\/augustijn-blond-detail\">St Augustijn<\/a> se lanzaron al mercado pocos a\u00f1os m\u00e1s tarde junto con la cerveza <a href=\"https:\/\/www.bodecall.com\/cerveza\/piraat-detail\">Piraat<\/a> y Guldren Draak.<\/div>\n<p>&nbsp;<\/p>\n<h2 class=\"titulo-ficha\">Notas de cata<\/h2>\n<div class=\"inf\"><\/div>\n<div class=\"info-ficha\">Color oscuro y espuma densa y cremosa. Aroma tostado con matices a caramelo, malta, levadura, caf\u00e9 y frutos secos. Al paladar es una cerveza potente de sabor dulce a caramelo y tofe. Final largo y amargo. Graduaci\u00f3n: 10,5 grados de alcohol.<\/div>\n<p>&nbsp;<\/p>\n<p>&nbsp;<\/p>\n<p align=\"center\"><img fetchpriority=\"high\" decoding=\"async\" src=\"https:\/\/www.bodecall.com\/images\/productores\/van_steenberge_brouwerij_logo.jpg\" alt=\"Van Steenberge Brouwerij en Bodecall\" width=\"253\" height=\"254\" border=\"0\" \/><\/p>\n<\/div>\n<\/div>\n<\/div>\n<\/div>\n<\/div>\n<\/div>\n<div class=\"col-sm-3\">\n<div class=\"related-products-cont\">\n<div class=\"related-products related-products-carousel owl-carousel owl-nav-top\">\n<div class=\"owl-controls clickable\">\n<div class=\"owl-buttons\">\n<div class=\"owl-next\"><\/div>\n<\/div>\n<\/div>\n<\/div>\n<\/div>\n<\/div>\n<\/div>\n<\/div>\n<\/div>\n<\/div>\n<\/article>\n<\/div>\n<p><\/main><\/p>\n<section class=\"content-bottom-horizontal\">\n<div class=\"row\">\n<div class=\"col-md-12 col-xs-12 horizontal-module\">\n<div class=\"module-cont module-autowidth \">\n<div class=\"custom\"><\/div>\n<\/div>\n<\/div>\n<\/div>\n<\/section>\n<\/div>\n<div><\/div>\n<div class=\"ontop-fields-cont\">\n<div class=\"product-fields\">\n<div class=\"product-field product-field-type-S\">\n<table>\n<tbody>\n<tr class=\"\">\n<td class=\"filtro1\">\n<div class=\"product-fields-title-wrapper\"><span class=\"product-fields-title\">Pa\u00eds<\/span><\/div>\n<\/td>\n<td class=\"filtro2\">\n<div class=\"product-field-display\">B\u00e9lgica<\/div>\n<\/td>\n<\/tr>\n<\/tbody>\n<\/table>\n<\/div>\n<div class=\"product-field product-field-type-S\">\n<table>\n<tbody>\n<tr class=\"\">\n<td class=\"filtro1\">\n<div class=\"product-fields-title-wrapper\"><span class=\"product-fields-title\">Marca<\/span><\/div>\n<\/td>\n<td class=\"filtro2\">\n<div class=\"product-field-display\">Gulden Draak<\/div>\n<\/td>\n<\/tr>\n<\/tbody>\n<\/table>\n<\/div>\n<div class=\"product-field product-field-type-S\">\n<table>\n<tbody>\n<tr class=\"\">\n<td class=\"filtro1\">\n<div class=\"product-fields-title-wrapper\"><span class=\"product-fields-title\">Volumen<\/span><\/div>\n<\/td>\n<td class=\"filtro2\">\n<div class=\"product-field-display\">5 L<\/div>\n<\/td>\n<\/tr>\n<\/tbody>\n<\/table>\n<\/div>\n<div class=\"product-field product-field-type-S\">\n<table>\n<tbody>\n<tr class=\"\">\n<td class=\"filtro1\">\n<div class=\"product-fields-title-wrapper\"><span class=\"product-fields-title\">Tipo<\/span><\/div>\n<\/td>\n<td class=\"filtro2\">\n<div class=\"product-field-display\">Belgian Ale<\/div>\n<\/td>\n<\/tr>\n<\/tbody>\n<\/table>\n<\/div>\n<div class=\"product-field product-field-type-S\">\n<table>\n<tbody>\n<tr class=\"\">\n<td class=\"filtro1\">\n<div class=\"product-fields-title-wrapper\"><span class=\"product-fields-title\">Color<\/span><\/div>\n<\/td>\n<td class=\"filtro2\">\n<div class=\"product-field-display\">Tostada<\/div>\n<\/td>\n<\/tr>\n<\/tbody>\n<\/table>\n<\/div>\n<div class=\"product-field product-field-type-S\">\n<table>\n<tbody>\n<tr class=\"\">\n<td class=\"filtro1\">\n<div class=\"product-fields-title-wrapper\"><span class=\"product-fields-title\">Alcohol<\/span><\/div>\n<\/td>\n<td class=\"filtro2\">\n<div class=\"product-field-display\">10,5%<\/div>\n<\/td>\n<\/tr>\n<\/tbody>\n<\/table>\n<\/div>\n<div class=\"product-field product-field-type-S\">\n<table>\n<tbody>\n<tr class=\"\">\n<td class=\"filtro1\">\n<div class=\"product-fields-title-wrapper\"><span class=\"product-fields-title\">Al\u00e9rgenos<\/span><\/div>\n<\/td>\n<td class=\"filtro2\">\n<div class=\"product-field-display\">Gluten<\/div>\n<\/td>\n<\/tr>\n<\/tbody>\n<\/table>\n<\/div>\n<div class=\"product-field product-field-type-S\">\n<table>\n<tbody>\n<tr class=\"\">\n<td class=\"filtro1\">\n<div class=\"product-fields-title-wrapper\"><span class=\"product-fields-title\">Nombre del operador<\/span><\/div>\n<\/td>\n<td class=\"filtro2\">\n<div class=\"product-field-display\">Brouwerij Van Steenberge<\/div>\n<\/td>\n<\/tr>\n<\/tbody>\n<\/table>\n<\/div>\n<div class=\"product-field product-field-type-S\">\n<table>\n<tbody>\n<tr class=\"\">\n<td class=\"filtro1\">\n<div class=\"product-fields-title-wrapper\"><span class=\"product-fields-title\">Direcci\u00f3n del operador<\/span><\/div>\n<\/td>\n<td class=\"filtro2\">\n<div class=\"product-field-display\">Lindenlaan 25- B-9940 Ertvelde<\/div>\n<\/td>\n<\/tr>\n<\/tbody>\n<\/table>\n<\/div>\n<\/div>\n<\/div>\n","protected":false},"excerpt":{"rendered":"<p>Cerveza triple oscura con notas a caramelo, malta tostada y caf\u00e9, 10,5%. Barril de 5 litros Gulden Draak Classic Barril 5 litros Gulden Draak Classic es una cerveza Triple oscura de tipo Strong Dark Ale elaborada con materias primas de la mejor calidad que incluyen l\u00fapulos nobles y la levadura de vino exclusiva que Josef &hellip;<\/p>\n<p class=\"read-more\"> <a class=\"\" href=\"https:\/\/encinardeljamon.com\/es\/product\/gulden-draak-classic-5-litros\/\"> <span class=\"screen-reader-text\">Gulden Draak Classic 5 litros<\/span> Leer m\u00e1s &raquo;<\/a><\/p>\n","protected":false},"featured_media":3369,"comment_status":"closed","ping_status":"closed","template":"","meta":{"site-sidebar-layout":"default","site-content-layout":null,"ast-site-content-layout":"default","site-content-style":"default","site-sidebar-style":"default","ast-global-header-display":"","ast-banner-title-visibility":"","ast-main-header-display":"","ast-hfb-above-header-display":null,"ast-hfb-below-header-display":null,"ast-hfb-mobile-header-display":"","site-post-title":"","ast-breadcrumbs-content":null,"ast-featured-img":"","footer-sml-layout":"","theme-transparent-header-meta":"default","adv-header-id-meta":null,"stick-header-meta":null,"header-above-stick-meta":null,"header-main-stick-meta":null,"header-below-stick-meta":null,"astra-migrate-meta-layouts":"set","_joinchat":[]},"product_brand":[],"product_cat":[27,39],"product_tag":[],"yst_prominent_words":[],"class_list":{"0":"post-3368","1":"product","2":"type-product","3":"status-publish","4":"has-post-thumbnail","6":"product_cat-licores-vinos-y-cervezas","7":"product_cat-ofertas-y-novedades","8":"desktop-align-left","9":"tablet-align-left","10":"mobile-align-left","12":"first","13":"instock","14":"taxable","15":"shipping-taxable","16":"purchasable","17":"product-type-simple"},"_links":{"self":[{"href":"https:\/\/encinardeljamon.com\/es\/wp-json\/wp\/v2\/product\/3368","targetHints":{"allow":["GET"]}}],"collection":[{"href":"https:\/\/encinardeljamon.com\/es\/wp-json\/wp\/v2\/product"}],"about":[{"href":"https:\/\/encinardeljamon.com\/es\/wp-json\/wp\/v2\/types\/product"}],"replies":[{"embeddable":true,"href":"https:\/\/encinardeljamon.com\/es\/wp-json\/wp\/v2\/comments?post=3368"}],"wp:featuredmedia":[{"embeddable":true,"href":"https:\/\/encinardeljamon.com\/es\/wp-json\/wp\/v2\/media\/3369"}],"wp:attachment":[{"href":"https:\/\/encinardeljamon.com\/es\/wp-json\/wp\/v2\/media?parent=3368"}],"wp:term":[{"taxonomy":"product_brand","embeddable":true,"href":"https:\/\/encinardeljamon.com\/es\/wp-json\/wp\/v2\/product_brand?post=3368"},{"taxonomy":"product_cat","embeddable":true,"href":"https:\/\/encinardeljamon.com\/es\/wp-json\/wp\/v2\/product_cat?post=3368"},{"taxonomy":"product_tag","embeddable":true,"href":"https:\/\/encinardeljamon.com\/es\/wp-json\/wp\/v2\/product_tag?post=3368"},{"taxonomy":"yst_prominent_words","embeddable":true,"href":"https:\/\/encinardeljamon.com\/es\/wp-json\/wp\/v2\/yst_prominent_words?post=3368"}],"curies":[{"name":"wp","href":"https:\/\/api.w.org\/{rel}","templated":true}]}}