{"id":3366,"date":"2024-04-01T22:21:54","date_gmt":"2024-04-01T22:21:54","guid":{"rendered":"https:\/\/encinardeljamon.com\/?post_type=product&#038;p=3366"},"modified":"2026-01-14T09:46:51","modified_gmt":"2026-01-14T09:46:51","slug":"la-chouffe-blonde-barril-5l","status":"publish","type":"product","link":"https:\/\/encinardeljamon.com\/es\/product\/la-chouffe-blonde-barril-5l\/","title":{"rendered":"La Chouffe Blonde Barril 5L"},"content":{"rendered":"<div class=\"product-short-desc-cont\">\n<p>Barril de 5L de La Chouffe Blonde, 4%<\/p>\n<p>&nbsp;<\/p>\n<div id=\"bd_results\" role=\"region\" aria-live=\"polite\">\n<article class=\"productdetails-view vm-productdetails\">\n<div class=\"row row-condensed\">\n<div class=\"col-xs-12\">\n<div class=\"product-bottom-cont\">\n<div class=\"row row-condensed\">\n<div class=\"col-sm-9\">\n<div class=\"product-tabpanel\" role=\"tabpanel\">\n<div class=\"tab-content\">\n<div id=\"tab-product-desc\" class=\"tab-pane fade active in\" role=\"tabpanel\">\n<div class=\"full-product-description\">\n<div class=\"description\">\n<h2 class=\"titulo-ficha\">La Chouffe Blonde<\/h2>\n<div class=\"inf\"><\/div>\n<div class=\"info-ficha\">La Chouffe Blonde en<strong> formato barril de cinco litros<\/strong>, lista para servir. El barril incluye una c\u00e1psula de CO2 y no necesita m\u00e1quina. Es ideal para acompa\u00f1ar celebraciones, barbacoas, picnic o aperitivos. La Chouffe Blonde es una cerveza rubia fuerte, especiada y afrutada con un toque a cilantro.<\/div>\n<p align=\"center\"><img decoding=\"async\" src=\"https:\/\/www.bodecall.com\/images\/productores\/barril-la-chouffe-5-litros.jpg\" alt=\"Instrucciones de uso de barril de cerveza La Chouffe de 5 litros Bodecall\" border=\"0\" \/><\/p>\n<p>&nbsp;<\/p>\n<h2 class=\"titulo-ficha\">Brasserie d\u2019Achouffe<\/h2>\n<div class=\"inf\"><\/div>\n<div class=\"info-ficha\">\n<p>Brasseria D\u2019Achouffe es<strong> una cervecer\u00eda situada en las \u00c1rdenas belgas<\/strong>, fundada por Pierre Gobron y su cu\u00f1ado Chris Bauweraerts, quienes empezaron a finales de los 70 a elaborar cerveza de forma casera en el garaje. En el 1982 empezaron a producir cerveza de forma profesional con un presupuesto de menos de cinco mil euros. Su primera cerveza, La Chouffe Blonde, fue un \u00e9xito tal que les permiti\u00f3 comprar la peque\u00f1a granja en la que elaboraban cerveza.<\/p>\n<p>En el 2006, el grupo cervecero belga Duvel Moortgat adquiri\u00f3 Brasseria D\u2019Achouffe. El<strong> gnomo del gorro rojo<\/strong>que aparece en todas las etiquetas de sus cervezas es conocido en el mundo entero, y las cervezas Chouffe son exportadas a m\u00e1s de 40 pa\u00edses de todo el mundo.<\/p>\n<\/div>\n<h2 class=\"titulo-ficha\">Notas de cata<\/h2>\n<div class=\"inf\"><\/div>\n<div class=\"info-ficha\">Color dorado, aspecto ligeramente turbio y espuma blanca y abundante. Aroma especiado con notas c\u00edtricas y afrutadas. Sabor afrutado y muy equilibrado. Graduaci\u00f3n: 8% alc\/vol.<\/div>\n<p>&nbsp;<\/p>\n<p>&nbsp;<\/p>\n<p>&nbsp;<\/p>\n<p align=\"center\"><img fetchpriority=\"high\" decoding=\"async\" src=\"https:\/\/www.bodecall.com\/images\/productores\/Brasserie_d_Achouffe.jpg\" alt=\"Brasserie d'Achouffeen Bodecall\" width=\"253\" height=\"254\" border=\"0\" \/><\/p>\n<\/div>\n<\/div>\n<\/div>\n<\/div>\n<\/div>\n<\/div>\n<div class=\"col-sm-3\">\n<div class=\"related-products-cont\">\n<div class=\"related-products related-products-carousel owl-carousel owl-nav-top\">\n<div class=\"owl-wrapper-outer autoHeight\">\n<div class=\"owl-wrapper\">\n<div class=\"owl-item\">\n<div class=\"related-product\">\n<div class=\"related-item-cont\">\n<div class=\"related-item-inner\">\n<div class=\"product-rating\"><\/div>\n<\/div>\n<\/div>\n<\/div>\n<\/div>\n<\/div>\n<\/div>\n<div class=\"owl-controls clickable\">\n<div class=\"owl-buttons\">\n<div class=\"owl-prev\"><\/div>\n<div class=\"owl-next\"><\/div>\n<\/div>\n<\/div>\n<\/div>\n<\/div>\n<\/div>\n<\/div>\n<\/div>\n<\/div>\n<\/div>\n<\/article>\n<\/div>\n<p>&nbsp;<\/p>\n<section class=\"content-bottom-horizontal\">\n<div class=\"row\">\n<div class=\"col-md-12 col-xs-12 horizontal-module\">\n<div class=\"module-cont module-autowidth \">\n<div class=\"custom\">\n<h2 class=\"titulo-ficha\">\u00bfTe gusta la cerveza?<\/h2>\n<div class=\"inf\"><\/div>\n<div class=\"info-ficha\">\n<p>La cerveza es una bebida milenaria que ha acompa\u00f1ado a la humanidad a trav\u00e9s de los siglos y que se elabora con cuatro ingredientes b\u00e1sicos: agua, levadura, malta (que aporta cuerpo y color y nivel de alcohol) y l\u00fapulo (que a\u00f1ade amargor y armoniza el conjunto).<\/p>\n<\/div>\n<\/div>\n<\/div>\n<\/div>\n<\/div>\n<\/section>\n<\/div>\n<div class=\"ontop-fields-cont\">\n<div class=\"product-fields\">\n<div class=\"product-field product-field-type-S\">\n<table>\n<tbody>\n<tr class=\"\">\n<td class=\"filtro1\">\n<div class=\"product-fields-title-wrapper\"><span class=\"product-fields-title\">Pa\u00eds<\/span><\/div>\n<\/td>\n<td class=\"filtro2\">\n<div class=\"product-field-display\">B\u00e9lgica<\/div>\n<\/td>\n<\/tr>\n<\/tbody>\n<\/table>\n<\/div>\n<div class=\"product-field product-field-type-S\">\n<table>\n<tbody>\n<tr class=\"\">\n<td class=\"filtro1\">\n<div class=\"product-fields-title-wrapper\"><span class=\"product-fields-title\">Marca<\/span><\/div>\n<\/td>\n<td class=\"filtro2\">\n<div class=\"product-field-display\">Chouffe<\/div>\n<\/td>\n<\/tr>\n<\/tbody>\n<\/table>\n<\/div>\n<div class=\"product-field product-field-type-S\">\n<table>\n<tbody>\n<tr class=\"\">\n<td class=\"filtro1\">\n<div class=\"product-fields-title-wrapper\"><span class=\"product-fields-title\">Volumen<\/span><\/div>\n<\/td>\n<td class=\"filtro2\">\n<div class=\"product-field-display\">5 L<\/div>\n<\/td>\n<\/tr>\n<\/tbody>\n<\/table>\n<\/div>\n<div class=\"product-field product-field-type-S\">\n<table>\n<tbody>\n<tr class=\"\">\n<td class=\"filtro1\">\n<div class=\"product-fields-title-wrapper\"><span class=\"product-fields-title\">Tipo<\/span><\/div>\n<\/td>\n<td class=\"filtro2\">\n<div class=\"product-field-display\">Belgian Ale<\/div>\n<\/td>\n<\/tr>\n<\/tbody>\n<\/table>\n<\/div>\n<div class=\"product-field product-field-type-S\">\n<table>\n<tbody>\n<tr class=\"\">\n<td class=\"filtro1\">\n<div class=\"product-fields-title-wrapper\"><span class=\"product-fields-title\">Color<\/span><\/div>\n<\/td>\n<td class=\"filtro2\">\n<div class=\"product-field-display\">Rubia<\/div>\n<\/td>\n<\/tr>\n<\/tbody>\n<\/table>\n<\/div>\n<div class=\"product-field product-field-type-S\">\n<table>\n<tbody>\n<tr class=\"\">\n<td class=\"filtro1\">\n<div class=\"product-fields-title-wrapper\"><span class=\"product-fields-title\">Alcohol<\/span><\/div>\n<\/td>\n<td class=\"filtro2\">\n<div class=\"product-field-display\">4%<\/div>\n<\/td>\n<\/tr>\n<\/tbody>\n<\/table>\n<\/div>\n<div class=\"product-field product-field-type-S\">\n<table>\n<tbody>\n<tr class=\"\">\n<td class=\"filtro1\">\n<div class=\"product-fields-title-wrapper\"><span class=\"product-fields-title\">Al\u00e9rgenos<\/span><\/div>\n<\/td>\n<td class=\"filtro2\">\n<div class=\"product-field-display\">Gluten<\/div>\n<\/td>\n<\/tr>\n<\/tbody>\n<\/table>\n<\/div>\n<div class=\"product-field product-field-type-S\">\n<table>\n<tbody>\n<tr class=\"\">\n<td class=\"filtro1\">\n<div class=\"product-fields-title-wrapper\"><span class=\"product-fields-title\">Nombre del operador<\/span><\/div>\n<\/td>\n<td class=\"filtro2\">\n<div class=\"product-field-display\">Duvel Moortgat<\/div>\n<\/td>\n<\/tr>\n<\/tbody>\n<\/table>\n<\/div>\n<div class=\"product-field product-field-type-S\">\n<table>\n<tbody>\n<tr class=\"\">\n<td class=\"filtro1\">\n<div class=\"product-fields-title-wrapper\"><span class=\"product-fields-title\">Direcci\u00f3n del operador<\/span><\/div>\n<\/td>\n<td class=\"filtro2\">\n<div class=\"product-field-display\">Breendonk-Dorp 58, 2870 Puurs<\/div>\n<\/td>\n<\/tr>\n<\/tbody>\n<\/table>\n<\/div>\n<\/div>\n<\/div>\n","protected":false},"excerpt":{"rendered":"<p>Barril de 5L de La Chouffe Blonde, 4% &nbsp; La Chouffe Blonde La Chouffe Blonde en formato barril de cinco litros, lista para servir. El barril incluye una c\u00e1psula de CO2 y no necesita m\u00e1quina. Es ideal para acompa\u00f1ar celebraciones, barbacoas, picnic o aperitivos. La Chouffe Blonde es una cerveza rubia fuerte, especiada y afrutada &hellip;<\/p>\n<p class=\"read-more\"> <a class=\"\" href=\"https:\/\/encinardeljamon.com\/es\/product\/la-chouffe-blonde-barril-5l\/\"> <span class=\"screen-reader-text\">La Chouffe Blonde Barril 5L<\/span> Leer m\u00e1s &raquo;<\/a><\/p>\n","protected":false},"featured_media":3367,"comment_status":"closed","ping_status":"closed","template":"","meta":{"site-sidebar-layout":"default","site-content-layout":null,"ast-site-content-layout":"default","site-content-style":"default","site-sidebar-style":"default","ast-global-header-display":"","ast-banner-title-visibility":"","ast-main-header-display":"","ast-hfb-above-header-display":null,"ast-hfb-below-header-display":null,"ast-hfb-mobile-header-display":"","site-post-title":"","ast-breadcrumbs-content":null,"ast-featured-img":"","footer-sml-layout":"","theme-transparent-header-meta":"default","adv-header-id-meta":null,"stick-header-meta":null,"header-above-stick-meta":null,"header-main-stick-meta":null,"header-below-stick-meta":null,"astra-migrate-meta-layouts":"set","_joinchat":[]},"product_brand":[],"product_cat":[27,39],"product_tag":[],"yst_prominent_words":[],"class_list":{"0":"post-3366","1":"product","2":"type-product","3":"status-publish","4":"has-post-thumbnail","6":"product_cat-licores-vinos-y-cervezas","7":"product_cat-ofertas-y-novedades","8":"desktop-align-left","9":"tablet-align-left","10":"mobile-align-left","12":"first","13":"instock","14":"taxable","15":"shipping-taxable","16":"purchasable","17":"product-type-simple"},"_links":{"self":[{"href":"https:\/\/encinardeljamon.com\/es\/wp-json\/wp\/v2\/product\/3366","targetHints":{"allow":["GET"]}}],"collection":[{"href":"https:\/\/encinardeljamon.com\/es\/wp-json\/wp\/v2\/product"}],"about":[{"href":"https:\/\/encinardeljamon.com\/es\/wp-json\/wp\/v2\/types\/product"}],"replies":[{"embeddable":true,"href":"https:\/\/encinardeljamon.com\/es\/wp-json\/wp\/v2\/comments?post=3366"}],"wp:featuredmedia":[{"embeddable":true,"href":"https:\/\/encinardeljamon.com\/es\/wp-json\/wp\/v2\/media\/3367"}],"wp:attachment":[{"href":"https:\/\/encinardeljamon.com\/es\/wp-json\/wp\/v2\/media?parent=3366"}],"wp:term":[{"taxonomy":"product_brand","embeddable":true,"href":"https:\/\/encinardeljamon.com\/es\/wp-json\/wp\/v2\/product_brand?post=3366"},{"taxonomy":"product_cat","embeddable":true,"href":"https:\/\/encinardeljamon.com\/es\/wp-json\/wp\/v2\/product_cat?post=3366"},{"taxonomy":"product_tag","embeddable":true,"href":"https:\/\/encinardeljamon.com\/es\/wp-json\/wp\/v2\/product_tag?post=3366"},{"taxonomy":"yst_prominent_words","embeddable":true,"href":"https:\/\/encinardeljamon.com\/es\/wp-json\/wp\/v2\/yst_prominent_words?post=3366"}],"curies":[{"name":"wp","href":"https:\/\/api.w.org\/{rel}","templated":true}]}}