{"id":3153,"date":"2023-10-15T21:46:18","date_gmt":"2023-10-15T21:46:18","guid":{"rendered":"https:\/\/encinardeljamon.com\/?post_type=product&#038;p=3153"},"modified":"2026-02-14T09:52:58","modified_gmt":"2026-02-14T09:52:58","slug":"plato-lomo-iberico-100-gramos-cortado-a-cuchillo","status":"publish","type":"product","link":"https:\/\/encinardeljamon.com\/es\/product\/plato-lomo-iberico-100-gramos-cortado-a-cuchillo\/","title":{"rendered":"Plato Lomo ib\u00e9rico 100 gramos (Cortado a cuchillo)"},"content":{"rendered":"<div class=\"bloque especial\">\n<h2 class=\"titulo uppercase\">DESCRIPCI\u00d3N<\/h2>\n<div class=\"descripcion\">\n<p>La <strong><em>Ca\u00f1a de Lomo de Cebo 50% raza ib\u00e9rica<\/em><\/strong> se obtiene de cerdos ib\u00e9ricos criados en ganader\u00edas de Guijuelo.<\/p>\n<p>Esta ca\u00f1a de lomo de Cebo \u00a050% raza ib\u00e9rica es el resultado de una cuidadosa crianza de cerdos ib\u00e9ricos con una alimentaci\u00f3n basada en cereales y piensos naturales, lo que le confiere su sabor inigualable y su textura delicada.<\/p>\n<p>El olor y sabor de los lomos y embutidos ib\u00e9ricos \u00a0son tan caracter\u00edsticos y \u00fanicos gracias a su curaci\u00f3n con el aire puro y la sombra que le proporciona la dehesa de Guijuelo<\/p>\n<p>Es el producto elaborado con el comienzo del m\u00fasculo ileoespinal del cerdo, pr\u00e1cticamente libre de grasa externa, salado, adobado y embutido en tripa natural o fibran, grapado o atado en un extremo y que ha sufrido un proceso de curaci\u00f3n apropiado para conferir al producto unos sabores y olores excelentes.<\/p>\n<p>Saborea la excelencia del ib\u00e9rico en cada bocado.<\/p>\n<p><em><strong>Producto c\u00e1rnico<\/strong><\/em>.<\/p>\n<h2><em><strong>Consumo<\/strong><\/em><\/h2>\n<p>Para disfrutar de todo el sabor del lomito de bellota 100% ib\u00e9rico te recomendamos consumirlo aproximadamente a 24\u00b0C.<\/p>\n<p>En caso de estar envasado, te recomendamos retirar de su envase y dejar a temperatura ambiente 30 minutos antes de servirlo. En caso de haberse conservado en fr\u00edo este tiempo puede aumentar hasta las 2 horas.<\/p>\n<p>&nbsp;<\/p>\n<h2><em><strong>Almacenamiento<\/strong><\/em><\/h2>\n<p><em><strong>Lomo cortado o loncheado<\/strong><\/em>: almacenar en fr\u00edo entre 4-10\u00b0C. Cuando se vaya a consumir dejar atemperar 10 minutos.<\/p>\n<h2><em><strong>Alimentaci\u00f3n<\/strong><\/em><\/h2>\n<p>Cereales y piensos naturales.<\/p>\n<h2><em><strong>Tiempo de curaci\u00f3n<\/strong><\/em><\/h2>\n<p>Curaci\u00f3n total de 6 meses<\/p>\n<\/div>\n<\/div>\n<div class=\"caracteristicas\">\n<div class=\"bloque especial\">\n<p><span class=\"titulo uppercase\">INGREDIENTES<\/span><\/p>\n<div class=\"descripcion\">\n<p>Lomo de Cebo \u00a050% raza ib\u00e9rico, piment\u00f3n, sal com\u00fan, especias naturales, conservadores (E252 nitrato pat\u00e1sico y E250 nitrato s\u00f3dico), antioxidantes (E301 ascorbato s\u00f3dico), tripa tipo fibrant.<\/p>\n<table>\n<tbody>\n<tr>\n<th class=\"uppercase\">VALORES NUTRICIONALES<\/th>\n<th class=\"uppercase\">VALOR MEDIO POR 100 G.<\/th>\n<\/tr>\n<tr>\n<td>Valor Energ\u00e9tico (Kj.)<\/td>\n<td>1971 Kj.<\/td>\n<\/tr>\n<tr>\n<td>Valor Energ\u00e9tico (Kcal.)<\/td>\n<td>476 Kcal.<\/td>\n<\/tr>\n<tr>\n<td>Grasas<\/td>\n<td>48.3 g.<\/td>\n<\/tr>\n<tr>\n<td>De las cuales \u00e1cidos grasos saturados<\/td>\n<td>23.54 g.<\/td>\n<\/tr>\n<tr>\n<td>Hidratos de carbono<\/td>\n<td>0.5 g.<\/td>\n<\/tr>\n<tr>\n<td>De los cuales az\u00facares<\/td>\n<td>0.5 g.<\/td>\n<\/tr>\n<tr>\n<td>Prote\u00ednas<\/td>\n<td>41.3 g.<\/td>\n<\/tr>\n<tr>\n<td>Sal<\/td>\n<td>3.65 g.<\/td>\n<\/tr>\n<\/tbody>\n<\/table>\n<\/div>\n<\/div>\n<\/div>\n<div class=\"otros\">\n<div class=\"bloque\"><\/div>\n<div class=\"bloque\">\n<p><span class=\"titulo uppercase\">RECOMENDACIONES<\/span><\/p>\n<div class=\"descripcion\">\n<p>Mantener en un lugar fresco y seco protegido de la luz solar directa<\/p>\n<h2 class=\"titulo uppercase\">DESCRIPCI\u00d3N<\/h2>\n<div class=\"bloque especial\">\n<div class=\"descripcion\">\n<p>El <em><strong>Lomo de Bellota Ib\u00e9rico 100% raza ib\u00e9rica<\/strong><\/em> se obtiene de cerdos ib\u00e9ricos al 100 % de pureza criados en ganader\u00edas de Guijuelo<\/p>\n<p>Este Lomo de Bellota Ib\u00e9rico 100% raza ib\u00e9rico es el resultado de una cuidadosa crianza de cerdos ib\u00e9ricos con una alimentaci\u00f3n basada en hierbas, plantas silvestres y bellotas, lo que le confiere su sabor inigualable y su textura delicada.<\/p>\n<p>El olor y sabor de los lomos y embutidos ib\u00e9ricos \u00a0son tan caracter\u00edsticos y \u00fanicos gracias a su curaci\u00f3n con el aire puro y la sombra que le proporciona la dehesa de Guijuelo<\/p>\n<p>Es el producto elaborado con el comienzo del m\u00fasculo ileoespinal del cerdo, pr\u00e1cticamente libre de grasa externa, salado, adobado y embutido en tripa natural o fibran, grapado o atado en un extremo y que ha sufrido un proceso de curaci\u00f3n apropiado para conferir al producto unos sabores y olores excelentes.<\/p>\n<p>Saborea la excelencia del ib\u00e9rico en cada bocado.<\/p>\n<p><em><strong>Producto c\u00e1rnico<\/strong><\/em>.<\/p>\n<h2><em><strong>Consumo<\/strong><\/em><\/h2>\n<p>Para disfrutar de todo el sabor del lomo de bellota 100% ib\u00e9rico te recomendamos consumirlo aproximadamente a 24\u00b0C.<\/p>\n<p>En caso de estar envasado, te recomendamos retirar de su envase y dejar a temperatura ambiente 30 minutos antes de servirlo. En caso de haberse conservado en fr\u00edo este tiempo puede aumentar hasta las 2 horas.<\/p>\n<p>Consumo preferente: 16 meses<\/p>\n<h2><em><strong>Almacenamiento<\/strong><\/em><\/h2>\n<p><em><strong>Lomo cortado o loncheado<\/strong><\/em>: almacenar en fr\u00edo entre 4-10\u00b0C. Cuando se vaya a consumir dejar atemperar 10 minutos.<\/p>\n<h2><em><strong>Alimentaci\u00f3n<\/strong><\/em><\/h2>\n<p>Hierbas, plantas silvestres y bellotas.<\/p>\n<h2><em><strong>Tiempo de curaci\u00f3n<\/strong><\/em><\/h2>\n<p>Curaci\u00f3n total de 6 meses<\/p>\n<\/div>\n<\/div>\n<div class=\"caracteristicas\">\n<div class=\"bloque especial\">\n<p><span class=\"titulo uppercase\">INGREDIENTES<\/span><\/p>\n<div class=\"descripcion\">\n<p>Lomo de cerdo de bellota ib\u00e9rico, piment\u00f3n, sal com\u00fan, especias naturales, conservadores (E252 nitrato pat\u00e1sico y E250 nitrato s\u00f3dico), antioxidantes (E301 ascorbato s\u00f3dico), tripa tipo fibrant.<\/p>\n<table>\n<tbody>\n<tr>\n<th class=\"uppercase\">VALORES NUTRICIONALES<\/th>\n<th class=\"uppercase\">VALOR MEDIO POR 100 G.<\/th>\n<\/tr>\n<tr>\n<td>Valor Energ\u00e9tico (Kj.)<\/td>\n<td>1971 Kj.<\/td>\n<\/tr>\n<tr>\n<td>Valor Energ\u00e9tico (Kcal.)<\/td>\n<td>476 Kcal.<\/td>\n<\/tr>\n<tr>\n<td>Grasas<\/td>\n<td>48.3 g.<\/td>\n<\/tr>\n<tr>\n<td>De las cuales \u00e1cidos grasos saturados<\/td>\n<td>23.54 g.<\/td>\n<\/tr>\n<tr>\n<td>Hidratos de carbono<\/td>\n<td>0.5 g.<\/td>\n<\/tr>\n<tr>\n<td>De los cuales az\u00facares<\/td>\n<td>0.5 g.<\/td>\n<\/tr>\n<tr>\n<td>Prote\u00ednas<\/td>\n<td>41.3 g.<\/td>\n<\/tr>\n<tr>\n<td>Sal<\/td>\n<td>3.65 g.<\/td>\n<\/tr>\n<\/tbody>\n<\/table>\n<\/div>\n<\/div>\n<\/div>\n<div class=\"otros\">\n<div class=\"bloque\">\n<p><span class=\"titulo uppercase\">CONSERVACI\u00d3N Y CADUCIDAD<\/span><\/p>\n<div class=\"descripcion\">\n<p><em><strong>Conservaci\u00f3n pieza entera<\/strong><\/em>: Sin abrir 6 meses, una vez abierto o en zonas h\u00famedas te recomendamos que sea antes de un mes.<\/p>\n<\/div>\n<\/div>\n<div class=\"bloque\">\n<p><span class=\"titulo uppercase\">RECOMENDACIONES<\/span><\/p>\n<div class=\"descripcion\">\n<p>Mantener en un lugar fresco y seco protegido de la luz solar directa.<\/p>\n<\/div>\n<\/div>\n<\/div>\n<p>&nbsp;<\/p>\n<\/div>\n<\/div>\n<\/div>\n","protected":false},"excerpt":{"rendered":"<p>DESCRIPCI\u00d3N La Ca\u00f1a de Lomo de Cebo 50% raza ib\u00e9rica se obtiene de cerdos ib\u00e9ricos criados en ganader\u00edas de Guijuelo. Esta ca\u00f1a de lomo de Cebo \u00a050% raza ib\u00e9rica es el resultado de una cuidadosa crianza de cerdos ib\u00e9ricos con una alimentaci\u00f3n basada en cereales y piensos naturales, lo que le confiere su sabor inigualable &hellip;<\/p>\n<p class=\"read-more\"> <a class=\"\" href=\"https:\/\/encinardeljamon.com\/es\/product\/plato-lomo-iberico-100-gramos-cortado-a-cuchillo\/\"> <span class=\"screen-reader-text\">Plato Lomo ib\u00e9rico 100 gramos (Cortado a cuchillo)<\/span> Leer m\u00e1s &raquo;<\/a><\/p>\n","protected":false},"featured_media":3163,"comment_status":"closed","ping_status":"closed","template":"","meta":{"site-sidebar-layout":"default","site-content-layout":"","ast-site-content-layout":"default","site-content-style":"default","site-sidebar-style":"default","ast-global-header-display":"","ast-banner-title-visibility":"","ast-main-header-display":"","ast-hfb-above-header-display":"","ast-hfb-below-header-display":"","ast-hfb-mobile-header-display":"","site-post-title":"","ast-breadcrumbs-content":"","ast-featured-img":"","footer-sml-layout":"","theme-transparent-header-meta":"default","adv-header-id-meta":"","stick-header-meta":"","header-above-stick-meta":"","header-main-stick-meta":"","header-below-stick-meta":"","astra-migrate-meta-layouts":"set","_joinchat":[]},"product_brand":[],"product_cat":[39,29],"product_tag":[],"yst_prominent_words":[],"class_list":{"0":"post-3153","1":"product","2":"type-product","3":"status-publish","4":"has-post-thumbnail","6":"product_cat-ofertas-y-novedades","7":"product_cat-eventos-especiales","8":"desktop-align-left","9":"tablet-align-left","10":"mobile-align-left","12":"first","13":"instock","14":"taxable","15":"shipping-taxable","16":"purchasable","17":"product-type-variable"},"_links":{"self":[{"href":"https:\/\/encinardeljamon.com\/es\/wp-json\/wp\/v2\/product\/3153","targetHints":{"allow":["GET"]}}],"collection":[{"href":"https:\/\/encinardeljamon.com\/es\/wp-json\/wp\/v2\/product"}],"about":[{"href":"https:\/\/encinardeljamon.com\/es\/wp-json\/wp\/v2\/types\/product"}],"replies":[{"embeddable":true,"href":"https:\/\/encinardeljamon.com\/es\/wp-json\/wp\/v2\/comments?post=3153"}],"wp:featuredmedia":[{"embeddable":true,"href":"https:\/\/encinardeljamon.com\/es\/wp-json\/wp\/v2\/media\/3163"}],"wp:attachment":[{"href":"https:\/\/encinardeljamon.com\/es\/wp-json\/wp\/v2\/media?parent=3153"}],"wp:term":[{"taxonomy":"product_brand","embeddable":true,"href":"https:\/\/encinardeljamon.com\/es\/wp-json\/wp\/v2\/product_brand?post=3153"},{"taxonomy":"product_cat","embeddable":true,"href":"https:\/\/encinardeljamon.com\/es\/wp-json\/wp\/v2\/product_cat?post=3153"},{"taxonomy":"product_tag","embeddable":true,"href":"https:\/\/encinardeljamon.com\/es\/wp-json\/wp\/v2\/product_tag?post=3153"},{"taxonomy":"yst_prominent_words","embeddable":true,"href":"https:\/\/encinardeljamon.com\/es\/wp-json\/wp\/v2\/yst_prominent_words?post=3153"}],"curies":[{"name":"wp","href":"https:\/\/api.w.org\/{rel}","templated":true}]}}