{"id":3126,"date":"2023-10-15T21:58:34","date_gmt":"2023-10-15T21:58:34","guid":{"rendered":"https:\/\/encinardeljamon.com\/?post_type=product&#038;p=3126"},"modified":"2026-02-14T09:51:40","modified_gmt":"2026-02-14T09:51:40","slug":"plato-de-chorizo-iberico-100-gramos-cortado-a-cuchillo","status":"publish","type":"product","link":"https:\/\/encinardeljamon.com\/es\/product\/plato-de-chorizo-iberico-100-gramos-cortado-a-cuchillo\/","title":{"rendered":"Plato de Chorizo ib\u00e9rico 100 gramos (Cortado a cuchillo)"},"content":{"rendered":"<div class=\"bloque especial\">\n<h2 class=\"titulo uppercase\">DESCRIPCI\u00d3N<\/h2>\n<div class=\"descripcion\">\n<p><strong>\u00a1PRIMER PREMIO AL MEJOR CHORIZO DEL MUNDO!<\/strong><\/p>\n<p>El <em><strong>Chorizo Cular de Bellota<\/strong>\u00a0<\/em>se obtiene de cerdos ib\u00e9ricos criados en ganader\u00edas de Ledesma y los Arribes del Duero.<\/p>\n<p>Esta Chorizo Cular de Bellota es el resultado de una cuidadosa crianza de cerdos ib\u00e9ricos con una alimentaci\u00f3n 100% natural, principalmente hierbas silvestres y bellotas, lo que le confiere su sabor inigualable y su textura delicada.<\/p>\n<p>El olor y sabor de los chorizos y embutidos ib\u00e9ricos de <em><strong>Puente Robles<\/strong><\/em> son tan caracter\u00edsticos y \u00fanicos gracias a su curaci\u00f3n con el aire puro y la sombra que le proporciona los Arribes del Duero.<\/p>\n<p>Elaborado de carne y grasa de cerdo ib\u00e9rico de bellota, picada y adicionada de sal y otras especias naturales, condimentos y aditivos autorizados, amasada y embutida en tripa natural (cular), que ha sufrido un proceso de maduraci\u00f3n-desecaci\u00f3n, que le asegura una buena estabilidad, as\u00ed como un olor y sabor excelentes.<\/p>\n<p>Saborea la excelencia del ib\u00e9rico en cada bocado.<\/p>\n<p><strong><em>Producto c\u00e1rnico<\/em><\/strong>.<\/p>\n<h2><em>Consumo<\/em><\/h2>\n<p>Para disfrutar del mejor <em><strong>Chorizo Cular de Bellota<\/strong><\/em> del mundo te recomendamos consumirlo aproximadamente a 24\u00b0C.<\/p>\n<p>En caso de estar envasado, te recomendamos retirar de su envase y dejar a temperatura ambiente 30 minutos antes de servirlo. En caso de haberse conservado en fr\u00edo este tiempo puede aumentar hasta las 2 horas.<\/p>\n<p>Consumo preferente: 16 meses.<\/p>\n<h2><em>Almacenamiento<\/em><\/h2>\n<p><em><strong>Chorizo cortado o loncheado<\/strong><\/em>: almacenar en fr\u00edo entre 4-10\u00b0C. Cuando se vaya a consumir dejar atemperar 10 minutos.<\/p>\n<h2><em>Alimentaci\u00f3n<\/em><\/h2>\n<p>Hierbas, plantas silvestres y bellotas.<\/p>\n<h2><em>Tiempo de curaci\u00f3n<\/em><\/h2>\n<p>Curaci\u00f3n total de 8 meses a la sombra de los Arribes del Duero.<\/p>\n<\/div>\n<\/div>\n<div class=\"caracteristicas\">\n<div class=\"bloque especial\">\n<p><span class=\"titulo uppercase\">INGREDIENTES<\/span><\/p>\n<div class=\"descripcion\">\n<p>Carne y grasa de cerdo ib\u00e9rico de bellota, sal com\u00fan, piment\u00f3n natural, ajo, conservantes (E-250 y E252), dextrosa, az\u00facares (lactosa, dextrosa), dextrina, estabilizante (E-450III), antioxidante natural (E300) y tripa natural. Sin Gluten. Al\u00e9rgenos: Lactosa.<\/p>\n<table>\n<tbody>\n<tr>\n<th class=\"uppercase\">VALORES NUTRICIONALES<\/th>\n<th class=\"uppercase\">VALOR MEDIO POR 100 G.<\/th>\n<\/tr>\n<tr>\n<td>Valor Energ\u00e9tico (Kj.)<\/td>\n<td>1955 Kj.<\/td>\n<\/tr>\n<tr>\n<td>Valor Energ\u00e9tico (Kcal.)<\/td>\n<td>472.3 Kcal.<\/td>\n<\/tr>\n<tr>\n<td>Grasas<\/td>\n<td>41.7 g.<\/td>\n<\/tr>\n<tr>\n<td>De las cuales \u00e1cidos grasos saturados<\/td>\n<td>16.5 g.<\/td>\n<\/tr>\n<tr>\n<td>Hidratos de carbono<\/td>\n<td>1.6 g.<\/td>\n<\/tr>\n<tr>\n<td>De los cuales az\u00facares<\/td>\n<td>1.2 g.<\/td>\n<\/tr>\n<tr>\n<td>Prote\u00ednas<\/td>\n<td>22.5 g.<\/td>\n<\/tr>\n<tr>\n<td>Sal<\/td>\n<td>3.4 g.<\/td>\n<\/tr>\n<\/tbody>\n<\/table>\n<\/div>\n<\/div>\n<\/div>\n<div class=\"otros\">\n<div class=\"bloque\"><\/div>\n<div class=\"bloque\">\n<p><span class=\"titulo uppercase\">RECOMENDACIONES<\/span><\/p>\n<div class=\"descripcion\">\n<p>Mantener en un lugar fresco y seco protegido de la luz solar directa<\/p>\n<div class=\"bloque especial\">\n<h2 class=\"titulo uppercase\">DESCRIPCI\u00d3N<\/h2>\n<div class=\"descripcion\">\n<p>El <em><strong>Chorizo Cular Extra<\/strong><\/em> se obtiene de cerdos ib\u00e9ricos criados en ganader\u00edas de Zamora y los Arribes del Duero.<\/p>\n<p>Esta Chorizo Cular Extra es el resultado de una cuidadosa crianza de cerdos con una alimentaci\u00f3n basada en piensos naturales, lo que le confiere su sabor y su textura.<\/p>\n<p>El olor y sabor de los chorizos y embutidos ib\u00e9ricos de <em><strong>Puente Robles<\/strong><\/em> son tan caracter\u00edsticos y \u00fanicos gracias a su curaci\u00f3n con el aire puro y la sombra que le proporciona los Arribes del Duero.<\/p>\n<p>Elaborado de carne y grasa de cerdo, picada y adicionada de sal y otras especias naturales, condimentos y aditivos autorizados, amasada y embutida en tripa natural (cular), que ha sufrido un proceso de maduraci\u00f3n-desecaci\u00f3n, que le asegura una buena estabilidad, as\u00ed como un olor y sabor excelentes.<\/p>\n<p>Saborea la excelencia en cada bocado.<\/p>\n<p><strong><em>Producto c\u00e1rnico<\/em><\/strong>.<\/p>\n<h2><em>Consumo<\/em><\/h2>\n<p>Para disfrutar del <em><strong>Chorizo Cular Extra<\/strong><\/em> te recomendamos consumirlo aproximadamente a 24\u00b0C.<\/p>\n<p>En caso de estar envasado, te recomendamos retirar de su envase y dejar a temperatura ambiente 30 minutos antes de servirlo. En caso de haberse conservado en fr\u00edo este tiempo puede aumentar hasta las 2 horas.<\/p>\n<p>Consumo preferente: 16 meses.<\/p>\n<h2><em>Almacenamiento<\/em><\/h2>\n<p><em><strong>Chorizo cortado o loncheado<\/strong><\/em>: almacenar en fr\u00edo entre 4-10\u00b0C. Cuando se vaya a consumir dejar atemperar 10 minutos.<\/p>\n<h2><em>Alimentaci\u00f3n<\/em><\/h2>\n<p>Piensos naturales.<\/p>\n<h2><em>Tiempo de curaci\u00f3n<\/em><\/h2>\n<p>Curaci\u00f3n total de 4 meses a la sombra de los Arribes del Duero.<\/p>\n<\/div>\n<\/div>\n<div class=\"caracteristicas\">\n<div class=\"bloque especial\">\n<p><span class=\"titulo uppercase\">INGREDIENTES<\/span><\/p>\n<div class=\"descripcion\">\n<p>Carne y grasa de cerdo, sal com\u00fan, piment\u00f3n natural, ajo, conservantes (E-250 y E252), dextrosa, az\u00facares (LACTOSA, dextrosa), dextrina, estabilizante (E-450iii), antioxidante natural (E300) y tripa natural.<\/p>\n<table>\n<tbody>\n<tr>\n<th class=\"uppercase\">VALORES NUTRICIONALES<\/th>\n<th class=\"uppercase\">VALOR MEDIO POR 100 G.<\/th>\n<\/tr>\n<tr>\n<td>Valor Energ\u00e9tico (Kj.)<\/td>\n<td>1955 Kj.<\/td>\n<\/tr>\n<tr>\n<td>Valor Energ\u00e9tico (Kcal.)<\/td>\n<td>472.3 Kcal.<\/td>\n<\/tr>\n<tr>\n<td>Grasas<\/td>\n<td>41.7 g.<\/td>\n<\/tr>\n<tr>\n<td>De las cuales \u00e1cidos grasos saturados<\/td>\n<td>16.5 g.<\/td>\n<\/tr>\n<tr>\n<td>Hidratos de carbono<\/td>\n<td>1.6 g.<\/td>\n<\/tr>\n<tr>\n<td>De los cuales az\u00facares<\/td>\n<td>1.2 g.<\/td>\n<\/tr>\n<tr>\n<td>Prote\u00ednas<\/td>\n<td>22.5 g.<\/td>\n<\/tr>\n<tr>\n<td>Sal<\/td>\n<td>3.4 g.<\/td>\n<\/tr>\n<\/tbody>\n<\/table>\n<\/div>\n<\/div>\n<\/div>\n<div class=\"otros\">\n<div class=\"bloque\"><\/div>\n<div class=\"bloque\">\n<p><span class=\"titulo uppercase\">RECOMENDACIONES<\/span><\/p>\n<div class=\"descripcion\">\n<p>Mantener en un lugar fresco y seco protegido de la luz solar directa.<\/p>\n<\/div>\n<\/div>\n<\/div>\n<p>&nbsp;<\/p>\n<\/div>\n<\/div>\n<\/div>\n","protected":false},"excerpt":{"rendered":"<p>DESCRIPCI\u00d3N \u00a1PRIMER PREMIO AL MEJOR CHORIZO DEL MUNDO! El Chorizo Cular de Bellota\u00a0se obtiene de cerdos ib\u00e9ricos criados en ganader\u00edas de Ledesma y los Arribes del Duero. Esta Chorizo Cular de Bellota es el resultado de una cuidadosa crianza de cerdos ib\u00e9ricos con una alimentaci\u00f3n 100% natural, principalmente hierbas silvestres y bellotas, lo que le &hellip;<\/p>\n<p class=\"read-more\"> <a class=\"\" href=\"https:\/\/encinardeljamon.com\/es\/product\/plato-de-chorizo-iberico-100-gramos-cortado-a-cuchillo\/\"> <span class=\"screen-reader-text\">Plato de Chorizo ib\u00e9rico 100 gramos (Cortado a cuchillo)<\/span> Leer m\u00e1s &raquo;<\/a><\/p>\n","protected":false},"featured_media":3121,"comment_status":"closed","ping_status":"closed","template":"","meta":{"site-sidebar-layout":"default","site-content-layout":"","ast-site-content-layout":"default","site-content-style":"default","site-sidebar-style":"default","ast-global-header-display":"","ast-banner-title-visibility":"","ast-main-header-display":"","ast-hfb-above-header-display":"","ast-hfb-below-header-display":"","ast-hfb-mobile-header-display":"","site-post-title":"","ast-breadcrumbs-content":"","ast-featured-img":"","footer-sml-layout":"","theme-transparent-header-meta":"default","adv-header-id-meta":"","stick-header-meta":"","header-above-stick-meta":"","header-main-stick-meta":"","header-below-stick-meta":"","astra-migrate-meta-layouts":"set","_joinchat":[]},"product_brand":[],"product_cat":[39,29],"product_tag":[],"yst_prominent_words":[],"class_list":{"0":"post-3126","1":"product","2":"type-product","3":"status-publish","4":"has-post-thumbnail","6":"product_cat-ofertas-y-novedades","7":"product_cat-eventos-especiales","8":"desktop-align-left","9":"tablet-align-left","10":"mobile-align-left","12":"first","13":"instock","14":"taxable","15":"shipping-taxable","16":"purchasable","17":"product-type-variable"},"_links":{"self":[{"href":"https:\/\/encinardeljamon.com\/es\/wp-json\/wp\/v2\/product\/3126","targetHints":{"allow":["GET"]}}],"collection":[{"href":"https:\/\/encinardeljamon.com\/es\/wp-json\/wp\/v2\/product"}],"about":[{"href":"https:\/\/encinardeljamon.com\/es\/wp-json\/wp\/v2\/types\/product"}],"replies":[{"embeddable":true,"href":"https:\/\/encinardeljamon.com\/es\/wp-json\/wp\/v2\/comments?post=3126"}],"wp:featuredmedia":[{"embeddable":true,"href":"https:\/\/encinardeljamon.com\/es\/wp-json\/wp\/v2\/media\/3121"}],"wp:attachment":[{"href":"https:\/\/encinardeljamon.com\/es\/wp-json\/wp\/v2\/media?parent=3126"}],"wp:term":[{"taxonomy":"product_brand","embeddable":true,"href":"https:\/\/encinardeljamon.com\/es\/wp-json\/wp\/v2\/product_brand?post=3126"},{"taxonomy":"product_cat","embeddable":true,"href":"https:\/\/encinardeljamon.com\/es\/wp-json\/wp\/v2\/product_cat?post=3126"},{"taxonomy":"product_tag","embeddable":true,"href":"https:\/\/encinardeljamon.com\/es\/wp-json\/wp\/v2\/product_tag?post=3126"},{"taxonomy":"yst_prominent_words","embeddable":true,"href":"https:\/\/encinardeljamon.com\/es\/wp-json\/wp\/v2\/yst_prominent_words?post=3126"}],"curies":[{"name":"wp","href":"https:\/\/api.w.org\/{rel}","templated":true}]}}