{"id":3070,"date":"2023-09-17T20:07:25","date_gmt":"2023-09-17T20:07:25","guid":{"rendered":"https:\/\/encinardeljamon.com\/?post_type=product&#038;p=3070"},"modified":"2026-02-14T09:54:33","modified_gmt":"2026-02-14T09:54:33","slug":"pates-gourmet-de-la-caza__trashed","status":"publish","type":"product","link":"https:\/\/encinardeljamon.com\/es\/product\/pates-gourmet-de-la-caza__trashed\/","title":{"rendered":"Pates Gourmet de la Caza"},"content":{"rendered":"<p>SURTIDO PAT\u00c9S GOURMET DE CAZA<\/p>\n<p>Elaborados con carnes de ciervo, corzo, jabal\u00ed, liebre, fais\u00e1n, pato,\u2026, siguiendo de forma artesanal, las mejores recetas francesas. Pat\u00e9s de gran calidad, exquisito sabor , Se presenta en un envase con doble abertura de forma que puede extraerse en bloque de una sola pieza por ambos lados con gran facilidad.<\/p>\n<p>Peso por unidad: 130 gramos netos.<\/p>\n","protected":false},"excerpt":{"rendered":"<p>SURTIDO PAT\u00c9S GOURMET DE CAZA Elaborados con carnes de ciervo, corzo, jabal\u00ed, liebre, fais\u00e1n, pato,\u2026, siguiendo de forma artesanal, las mejores recetas francesas. Pat\u00e9s de gran calidad, exquisito sabor , Se presenta en un envase con doble abertura de forma que puede extraerse en bloque de una sola pieza por ambos lados con gran facilidad. &hellip;<\/p>\n<p class=\"read-more\"> <a class=\"\" href=\"https:\/\/encinardeljamon.com\/es\/product\/pates-gourmet-de-la-caza__trashed\/\"> <span class=\"screen-reader-text\">Pates Gourmet de la Caza<\/span> Leer m\u00e1s &raquo;<\/a><\/p>\n","protected":false},"featured_media":3076,"comment_status":"closed","ping_status":"closed","template":"","meta":{"site-sidebar-layout":"default","site-content-layout":"","ast-site-content-layout":"default","site-content-style":"default","site-sidebar-style":"default","ast-global-header-display":"","ast-banner-title-visibility":"","ast-main-header-display":"","ast-hfb-above-header-display":"","ast-hfb-below-header-display":"","ast-hfb-mobile-header-display":"","site-post-title":"","ast-breadcrumbs-content":"","ast-featured-img":"","footer-sml-layout":"","theme-transparent-header-meta":"default","adv-header-id-meta":"","stick-header-meta":"","header-above-stick-meta":"","header-main-stick-meta":"","header-below-stick-meta":"","astra-migrate-meta-layouts":"set","_joinchat":[]},"product_brand":[],"product_cat":[20,29],"product_tag":[],"yst_prominent_words":[],"class_list":{"0":"post-3070","1":"product","2":"type-product","3":"status-publish","4":"has-post-thumbnail","6":"product_cat-aceites-quesos-y-embutidos","7":"product_cat-eventos-especiales","8":"desktop-align-left","9":"tablet-align-left","10":"mobile-align-left","12":"first","13":"instock","14":"taxable","15":"shipping-taxable","16":"purchasable","17":"product-type-variable"},"_links":{"self":[{"href":"https:\/\/encinardeljamon.com\/es\/wp-json\/wp\/v2\/product\/3070","targetHints":{"allow":["GET"]}}],"collection":[{"href":"https:\/\/encinardeljamon.com\/es\/wp-json\/wp\/v2\/product"}],"about":[{"href":"https:\/\/encinardeljamon.com\/es\/wp-json\/wp\/v2\/types\/product"}],"replies":[{"embeddable":true,"href":"https:\/\/encinardeljamon.com\/es\/wp-json\/wp\/v2\/comments?post=3070"}],"wp:featuredmedia":[{"embeddable":true,"href":"https:\/\/encinardeljamon.com\/es\/wp-json\/wp\/v2\/media\/3076"}],"wp:attachment":[{"href":"https:\/\/encinardeljamon.com\/es\/wp-json\/wp\/v2\/media?parent=3070"}],"wp:term":[{"taxonomy":"product_brand","embeddable":true,"href":"https:\/\/encinardeljamon.com\/es\/wp-json\/wp\/v2\/product_brand?post=3070"},{"taxonomy":"product_cat","embeddable":true,"href":"https:\/\/encinardeljamon.com\/es\/wp-json\/wp\/v2\/product_cat?post=3070"},{"taxonomy":"product_tag","embeddable":true,"href":"https:\/\/encinardeljamon.com\/es\/wp-json\/wp\/v2\/product_tag?post=3070"},{"taxonomy":"yst_prominent_words","embeddable":true,"href":"https:\/\/encinardeljamon.com\/es\/wp-json\/wp\/v2\/yst_prominent_words?post=3070"}],"curies":[{"name":"wp","href":"https:\/\/api.w.org\/{rel}","templated":true}]}}