{"id":3008,"date":"2023-09-17T17:42:03","date_gmt":"2023-09-17T17:42:03","guid":{"rendered":"https:\/\/encinardeljamon.com\/?post_type=product&#038;p=3008"},"modified":"2025-01-21T12:28:58","modified_gmt":"2025-01-21T12:28:58","slug":"queso-oveja-curado-leche-cruda-cuna-250-gramos","status":"publish","type":"product","link":"https:\/\/encinardeljamon.com\/es\/product\/queso-oveja-curado-leche-cruda-cuna-250-gramos\/","title":{"rendered":"Queso Oveja Curado Leche Cruda\/Cu\u00f1a 250 gramos"},"content":{"rendered":"<blockquote><p>Queso de leche cruda de oveja<br \/>\nDEFINICI\u00d3N DEL PRODUCTO<br \/>\nDescripci\u00f3n: Es el que tras el proceso de fabricaci\u00f3n requiere mantenerse durante cierto tiempo a una<br \/>\nMarca: Ib\u00e9ricos Benito<br \/>\ntemperatura y a condiciones tales que se produzcan los cambios f\u00edsicos y qu\u00edmicos caracter\u00edsticos del mismo.<br \/>\nINGREDIENTES<br \/>\nLeche cruda de oveja, cuajo, fermento l\u00e1ctico, sal, lisozima y cloruro c\u00e1lcico.<br \/>\nAL\u00c9RGENOS<br \/>\nCaracterizaci\u00f3n seg\u00fan Reglamento CE 2073\/2005<br \/>\nAlimento listo para el consumo que no favorece el crecimiento de la Listeria monocytogenes.<br \/>\nGLUTEN. &#8212;<br \/>\nCRUST\u00c1CEOS. &#8212;<br \/>\nHUEVO. &#8212;<br \/>\nPESCADO. &#8212;<br \/>\nCACAHUETE. &#8212;<br \/>\nSOJA. &#8212;<br \/>\nL\u00c1CTEOS SI<br \/>\nMOLUSCOS. &#8212;<br \/>\nFRUTOS SECOS&#8211;<br \/>\nMOSTAZA. &#8212;<br \/>\nS\u00c9SAMO. &#8212;<br \/>\nSULFITOS. &#8212;<br \/>\nALTRAMUZ. &#8212;<br \/>\nAPIO. &#8212;<\/p><\/blockquote>\n<p>CARACTER\u00cdSTICAS DEL PRODUCTO<br \/>\nORGANOL\u00c9PTICAS<br \/>\nColor, olor y sabor caracter\u00edsticos. Textura t\u00edpica.<br \/>\nMICROBIOL\u00d3GICOS<br \/>\nListeria monocytogenes:<br \/>\nn=5, c=0, (durante su vida \u00fatil: m=10 , M=10 )<br \/>\nFISIOQU\u00cdMICAS<br \/>\nVALOR NUTRICIONAL: (por 100 g.)<br \/>\nValor energ\u00e9tico<br \/>\n455,58 Kcal 1890,29 Kj<br \/>\nGrasas<br \/>\n36,74 g<br \/>\nGrasas Saturadas<br \/>\n15,29 g<br \/>\nHidratos de Carbono<br \/>\n1.80g<br \/>\nAz\u00facares<br \/>\n0,40g<br \/>\nProte\u00ednas<br \/>\n29,43 g<br \/>\nSal<br \/>\n1.81 g<br \/>\nP\u00e1g 1 de 4<br \/>\nIb\u00e9ricos Benito, S.L.<br \/>\nCtra. Arahal-El Coronil, Km. 1,5 Arahal 41600 (Sevilla)<br \/>\nHoja de especificaciones t\u00e9cnicas<br \/>\nFecha: 10\/05\/2021 Rev: 0 | Ed. t37<br \/>\nMantenga esta hoja siempre actualizada<br \/>\nGRUPO DE CONSUMIDORES<br \/>\nToda la poblaci\u00f3n, a excepci\u00f3n de contraindicaciones m\u00e9dicas.<br \/>\nDESCRIPCI\u00d3N DE ENVASE Y EMBALAJE<br \/>\nCajas de cart\u00f3n<br \/>\nFORMATO DE VENTA<br \/>\n\u2022 Entero<br \/>\n\u2022 Media pieza envasada al vac\u00edo<br \/>\n\u2022 Cuarto de pieza envasado al vac\u00edo<br \/>\n\u2022 Octavo de pieza envasado al vac\u00edo<br \/>\nM\u00c9TODOS DE CONSERVACI\u00d3N, ALMACENAMIENTO Y VIDA \u00daTIL<br \/>\nALMACENAMIENTO: A temperatura ambiente.<br \/>\nVIDA \u00daTIL: Un a\u00f1o a partir de la fecha de envasado.<br \/>\nINSTRUCCIONES PARA EL CONSUMIDOR<br \/>\nListo para el consumo. No necesita ning\u00fan tipo de manipulaci\u00f3n posterior por parte del consumidor<br \/>\nETIQUETADO<br \/>\nETIQUETADO:<br \/>\nEtiquetas que cumplen con el Real Decreto 474\/2014, Norma de Calidad de Derivados C\u00e1rnicos y Reglamento 1169\/2011, informaci\u00f3n alimentaria facilitada al consumidor.<br \/>\nDISTRIBUCI\u00d3N Y TRANSPORTE<br \/>\nA temperatura ambiente<\/p>\n<p>Arahal (Sevilla)<br \/>\nES 40.065024\/SE C.E.<\/p>\n","protected":false},"excerpt":{"rendered":"<blockquote><p>Queso de leche cruda de oveja<\/p><\/blockquote>\n<p>Descripci\u00f3n: Es el que tras el proceso de fabricaci\u00f3n requiere mantenerse durante cierto tiempo a una<br \/>\nMarca: Ib\u00e9ricos Benito<br \/>\ntemperatura y a condiciones tales que se produzcan los cambios f\u00edsicos y qu\u00edmicos caracter\u00edsticos del mismo.<br \/>\nINGREDIENTES<br \/>\nLeche cruda de oveja, cuajo, fermento l\u00e1ctico, sal, lisozima y cloruro c\u00e1lcico.<\/p>\n","protected":false},"featured_media":3009,"comment_status":"closed","ping_status":"closed","template":"","meta":{"site-sidebar-layout":"default","site-content-layout":"","ast-site-content-layout":"default","site-content-style":"default","site-sidebar-style":"default","ast-global-header-display":"","ast-banner-title-visibility":"","ast-main-header-display":"","ast-hfb-above-header-display":"","ast-hfb-below-header-display":"","ast-hfb-mobile-header-display":"","site-post-title":"","ast-breadcrumbs-content":"","ast-featured-img":"","footer-sml-layout":"","theme-transparent-header-meta":"default","adv-header-id-meta":"","stick-header-meta":"","header-above-stick-meta":"","header-main-stick-meta":"","header-below-stick-meta":"","astra-migrate-meta-layouts":"set","_joinchat":[]},"product_brand":[],"product_cat":[20,29],"product_tag":[],"yst_prominent_words":[],"class_list":{"0":"post-3008","1":"product","2":"type-product","3":"status-publish","4":"has-post-thumbnail","6":"product_cat-aceites-quesos-y-embutidos","7":"product_cat-eventos-especiales","8":"desktop-align-left","9":"tablet-align-left","10":"mobile-align-left","12":"first","13":"instock","14":"taxable","15":"shipping-taxable","16":"purchasable","17":"product-type-simple"},"_links":{"self":[{"href":"https:\/\/encinardeljamon.com\/es\/wp-json\/wp\/v2\/product\/3008","targetHints":{"allow":["GET"]}}],"collection":[{"href":"https:\/\/encinardeljamon.com\/es\/wp-json\/wp\/v2\/product"}],"about":[{"href":"https:\/\/encinardeljamon.com\/es\/wp-json\/wp\/v2\/types\/product"}],"replies":[{"embeddable":true,"href":"https:\/\/encinardeljamon.com\/es\/wp-json\/wp\/v2\/comments?post=3008"}],"wp:featuredmedia":[{"embeddable":true,"href":"https:\/\/encinardeljamon.com\/es\/wp-json\/wp\/v2\/media\/3009"}],"wp:attachment":[{"href":"https:\/\/encinardeljamon.com\/es\/wp-json\/wp\/v2\/media?parent=3008"}],"wp:term":[{"taxonomy":"product_brand","embeddable":true,"href":"https:\/\/encinardeljamon.com\/es\/wp-json\/wp\/v2\/product_brand?post=3008"},{"taxonomy":"product_cat","embeddable":true,"href":"https:\/\/encinardeljamon.com\/es\/wp-json\/wp\/v2\/product_cat?post=3008"},{"taxonomy":"product_tag","embeddable":true,"href":"https:\/\/encinardeljamon.com\/es\/wp-json\/wp\/v2\/product_tag?post=3008"},{"taxonomy":"yst_prominent_words","embeddable":true,"href":"https:\/\/encinardeljamon.com\/es\/wp-json\/wp\/v2\/yst_prominent_words?post=3008"}],"curies":[{"name":"wp","href":"https:\/\/api.w.org\/{rel}","templated":true}]}}