{"id":2974,"date":"2023-05-07T21:21:09","date_gmt":"2023-05-07T21:21:09","guid":{"rendered":"https:\/\/encinardeljamon.com\/?post_type=product&#038;p=2974"},"modified":"2025-01-21T12:29:37","modified_gmt":"2025-01-21T12:29:37","slug":"queso-de-oveja-viejo-3kg-aprox","status":"publish","type":"product","link":"https:\/\/encinardeljamon.com\/es\/product\/queso-de-oveja-viejo-3kg-aprox\/","title":{"rendered":"Queso de Oveja Viejo 3kg. aprox."},"content":{"rendered":"<p>DEFINICI\u00d3N DEL PRODUCTO<br \/>\nDescripci\u00f3n: Es el que tras el proceso de fabricaci\u00f3n requiere mantenerse durante cierto tiempo a una<br \/>\nMarca: Ib\u00e9ricos Benito<br \/>\ntemperatura y a condiciones tales que se produzcan los cambios f\u00edsicos y qu\u00edmicos caracter\u00edsticos del mismo.<br \/>\nINGREDIENTES Leche cruda de oveja, cuajo, fermento, sal, lisozima (derivado del huevo).<br \/>\nAL\u00c9RGENOS<br \/>\nCaracterizaci\u00f3n seg\u00fan Reglamento CE 2073\/2005<br \/>\nAlimento listo para el consumo que no favorece el crecimiento de la Listeria monocytogenes.<br \/>\nGLUTEN-<br \/>\nCRUST\u00c1CEOS-<br \/>\nHUEVO S\u00cd<br \/>\nPESCADO-<br \/>\nCACAHUETE-<br \/>\nSOJA-<br \/>\nL\u00c1CTEOS S\u00cd<br \/>\nMOLUSCOS-<br \/>\nFRUTOS SECOS-<br \/>\nMOSTAZA-<br \/>\nS\u00c9SAMO-<br \/>\nSULFITOS-<br \/>\nALTRAMUZ-<br \/>\nAPIO-<\/p>\n<p>CARACTER\u00cdSTICAS DEL PRODUCTO<br \/>\nORGANOL\u00c9PTICAS<br \/>\nColor, olor y sabor caracter\u00edsticos. Textura t\u00edpica.<br \/>\nMICROBIOL\u00d3GICOS<br \/>\nListeria monocytogenes:<br \/>\nn=5, c=0, (durante su vida \u00fatil: m=10 , M=10 )<br \/>\nFISIOQU\u00cdMICAS<br \/>\nVALOR NUTRICIONAL: (por 100 g.)<br \/>\nValor energ\u00e9tico<br \/>\n461 Kcal 1911 Kj<br \/>\nGrasas<br \/>\n37g<br \/>\nGrasas Saturadas<br \/>\n26,11 g<br \/>\nHidratos de Carbono<br \/>\n3,4 g<br \/>\nAz\u00facares<br \/>\n2,45 g<br \/>\nProte\u00ednas<br \/>\n28,5 g<br \/>\nSal<br \/>\n1,76 g<br \/>\nGRUPO DE CONSUMIDORES<br \/>\nToda la poblaci\u00f3n, a excepci\u00f3n de contraindicaciones m\u00e9dicas.<\/p>\n<p>Hoja de especificaciones t\u00e9cnicas<br \/>\nFecha: 10\/05\/2021 Rev: 0 | Ed. t-35<br \/>\nMantenga esta hoja siempre actualizada<br \/>\nDESCRIPCI\u00d3N DE ENVASE Y EMBALAJE<br \/>\nCajas de cart\u00f3n<br \/>\nFORMATO DE VENTA<br \/>\n\u2022 Entero<br \/>\n\u2022 Media pieza envasada al vac\u00edo<br \/>\n\u2022 Cuarto de pieza envasado al vac\u00edo<br \/>\n\u2022 Octavo de pieza envasado al vac\u00edo<br \/>\nM\u00c9TODOS DE CONSERVACI\u00d3N, ALMACENAMIENTO Y VIDA \u00daTIL<br \/>\nALMACENAMIENTO: A temperatura ambiente.<br \/>\nVIDA \u00daTIL: Un a\u00f1o a partir de la fecha de envasado.<br \/>\nINSTRUCCIONES PARA EL CONSUMIDOR<br \/>\nListo para el consumo. No necesita ning\u00fan tipo de manipulaci\u00f3n posterior por parte del consumidor<br \/>\nETIQUETADO<br \/>\nETIQUETADO:<br \/>\nEtiquetas que cumplen con el Real Decreto 474\/2014, Norma de Calidad de Derivados C\u00e1rnicos y Reglamento 1169\/2011, informaci\u00f3n alimentaria facilitada al consumidor.<br \/>\nDISTRIBUCI\u00d3N Y TRANSPORTE<br \/>\nA temperatura ambiente<br \/>\nLEGISLACI\u00d3N APLICABLE<br \/>\nReglamento (UE) No 1169\/2011 del Palamento Europeo y del Consejo de 25 de octubre de 2011 sobre la informaci\u00f3n alimentaria facilitada al consumidor y por el que se modifican los Reglamentos (CE) no 1924\/2006 y (CE) no 1925\/2006 del Parlamento Europeo y del Consejo, y por el que se derogan la Directiva 87\/250\/CEE de la Comisi\u00f3n, la Directiva 90\/496\/CEE del Consejo, la Directiva 1999\/10\/CE de la Comisi\u00f3n, la Directiva 2000\/13\/ CE del Parlamento Europeo y del Consejo, las Directivas 2002\/67\/CE, y 2008\/5\/CE de la Comisi\u00f3n, y el Reglamento (CE) no 608\/2004 de la Comisi\u00f3n<br \/>\nReal Decreto 640\/2006, de 29 de septiembre, por el que se aprueban las normas de calidad para quesos y quesos<br \/>\nfundidos.<br \/>\nReal Decreto 640\/2006, de 26 de mayo, por el que se regulan determinadas condiciones de aplicaci\u00f3n de las disposiciones comunitarias en materia de higiene, de la producci\u00f3n y comercializaci\u00f3n de los productos alimenticios.<br \/>\nReglamento (CE) no 2073\/ 2005 de la Comisi\u00f3n de 15 de noviembre de 2005 relativo a los criterios microbiol\u00f3gicos<br \/>\naplicables a los productos alimenticios.<\/p>\n<p>Hoja de especificaciones t\u00e9cnicas<br \/>\nFecha: 10\/05\/2021 Rev: 0 | Ed. t-35<br \/>\nMantenga esta hoja siempre actualizada<br \/>\nReglamento (CE) no 2074\/ 2005, de la comisi\u00f3n por, de 5 de noviembre de 2005 por el que se establecen medidas de aplicaci\u00f3n para determinados productos con arreglo a lo dispuesto en en Reglamento no 853\/ 2004 del Parlamento Europeo y del Consejo y para la organizaci\u00f3n de controles oficiales con arreglo a lo dispuesto en los Reglamentos (CE) no 854\/2004 del Parlamento Europeo y del Consejo y (CE) no882\/2004 del Parlamento Europeo y del Consejo, se introducen excepciones a lo dispuesto en el Reglamento (CE)852\/2004 del Parlamento Europeo y del Consejo y se modifican los Reglamentos (CE) mo 853\/2004 y (CE) no 854\/2004 (Diario Oficial de la Uni\u00f3n Europea L 338, de 22 de diciembre).<br \/>\nReglamento (CE) 852\/ 2004 del Parlamento Europeo y del Consejo de 29 de abril de 2004, relativo a la higiene de los alimentos.<br \/>\nReglamento (CE) 853\/ 2004 del Parlamento Europeo y del Consejo de 29 de abril de 2004, por el que se establecen<br \/>\nnormas espec\u00edficas de higiene de los alimentos de origen animal.<br \/>\nReglamentos (CE) 854\/2004 del Parlamento Europeo y del Consejo de 29 de abril de 2004, por el que se establecen<br \/>\nnormas espec\u00edficas para la organizaci\u00f3n de controles oficiales de los productos de origen animal destinados a consumo humano.<br \/>\nR.D. 1334\/ 1999, de 31 de Julio, por el que se aprueba la Norma General de Etiquetado, Presentaci\u00f3n y Publicidad de los productos Alimenticios. (BOE no 202, de 24\/08\/99). Modificado por R.D. 238\/ 2000 (BOE de 25\/12\/91).<br \/>\nR.D. 1808\/1991, menciones o marcas que permiten identificar el lote al que pertenece un producto alimenticio.<br \/>\nETIQUETA<br \/>\nArahal (Sevilla)<br \/>\nES 40.065024\/SE C.E.<\/p>\n","protected":false},"excerpt":{"rendered":"<p>DEFINICI\u00d3N DEL PRODUCTO Descripci\u00f3n: Es el que tras el proceso de fabricaci\u00f3n requiere mantenerse durante cierto tiempo a una Marca: Ib\u00e9ricos Benito temperatura y a condiciones tales que se produzcan los cambios f\u00edsicos y qu\u00edmicos caracter\u00edsticos del mismo. INGREDIENTES Leche cruda de oveja, cuajo, fermento, sal, lisozima (derivado del huevo). AL\u00c9RGENOS Caracterizaci\u00f3n seg\u00fan Reglamento CE &hellip;<\/p>\n<p class=\"read-more\"> <a class=\"\" href=\"https:\/\/encinardeljamon.com\/es\/product\/queso-de-oveja-viejo-3kg-aprox\/\"> <span class=\"screen-reader-text\">Queso de Oveja Viejo 3kg. aprox.<\/span> Leer m\u00e1s &raquo;<\/a><\/p>\n","protected":false},"featured_media":2975,"comment_status":"closed","ping_status":"closed","template":"","meta":{"site-sidebar-layout":"default","site-content-layout":"","ast-site-content-layout":"default","site-content-style":"default","site-sidebar-style":"default","ast-global-header-display":"","ast-banner-title-visibility":"","ast-main-header-display":"","ast-hfb-above-header-display":"","ast-hfb-below-header-display":"","ast-hfb-mobile-header-display":"","site-post-title":"","ast-breadcrumbs-content":"","ast-featured-img":"","footer-sml-layout":"","theme-transparent-header-meta":"default","adv-header-id-meta":"","stick-header-meta":"","header-above-stick-meta":"","header-main-stick-meta":"","header-below-stick-meta":"","astra-migrate-meta-layouts":"set","_joinchat":[]},"product_brand":[],"product_cat":[20],"product_tag":[],"yst_prominent_words":[],"class_list":{"0":"post-2974","1":"product","2":"type-product","3":"status-publish","4":"has-post-thumbnail","6":"product_cat-aceites-quesos-y-embutidos","7":"desktop-align-left","8":"tablet-align-left","9":"mobile-align-left","11":"first","12":"instock","13":"taxable","14":"shipping-taxable","15":"purchasable","16":"product-type-simple"},"_links":{"self":[{"href":"https:\/\/encinardeljamon.com\/es\/wp-json\/wp\/v2\/product\/2974","targetHints":{"allow":["GET"]}}],"collection":[{"href":"https:\/\/encinardeljamon.com\/es\/wp-json\/wp\/v2\/product"}],"about":[{"href":"https:\/\/encinardeljamon.com\/es\/wp-json\/wp\/v2\/types\/product"}],"replies":[{"embeddable":true,"href":"https:\/\/encinardeljamon.com\/es\/wp-json\/wp\/v2\/comments?post=2974"}],"wp:featuredmedia":[{"embeddable":true,"href":"https:\/\/encinardeljamon.com\/es\/wp-json\/wp\/v2\/media\/2975"}],"wp:attachment":[{"href":"https:\/\/encinardeljamon.com\/es\/wp-json\/wp\/v2\/media?parent=2974"}],"wp:term":[{"taxonomy":"product_brand","embeddable":true,"href":"https:\/\/encinardeljamon.com\/es\/wp-json\/wp\/v2\/product_brand?post=2974"},{"taxonomy":"product_cat","embeddable":true,"href":"https:\/\/encinardeljamon.com\/es\/wp-json\/wp\/v2\/product_cat?post=2974"},{"taxonomy":"product_tag","embeddable":true,"href":"https:\/\/encinardeljamon.com\/es\/wp-json\/wp\/v2\/product_tag?post=2974"},{"taxonomy":"yst_prominent_words","embeddable":true,"href":"https:\/\/encinardeljamon.com\/es\/wp-json\/wp\/v2\/yst_prominent_words?post=2974"}],"curies":[{"name":"wp","href":"https:\/\/api.w.org\/{rel}","templated":true}]}}