{"id":2740,"date":"2022-10-16T21:40:58","date_gmt":"2022-10-16T21:40:58","guid":{"rendered":"https:\/\/encinardeljamon.com\/?post_type=product&#038;p=2740"},"modified":"2025-11-07T22:57:49","modified_gmt":"2025-11-07T22:57:49","slug":"trilogy-chimay-3-cervezas-1-vaso","status":"publish","type":"product","link":"https:\/\/encinardeljamon.com\/es\/product\/trilogy-chimay-3-cervezas-1-vaso\/","title":{"rendered":"Trilogy Chimay 3 Cervezas 1 Vaso"},"content":{"rendered":"<p>3 botellas de aut\u00e9ntica cerveza trapense Chimay de 33 cl (1 Azul, 1 Roja, y 1 Blanca) y una copa original dise\u00f1ada especialmente para degustar la cerveza. Es un regalo de cerveza ideal para cualquier amante de la cerveza artesana belga.<\/p>\n<p>Chimay Bleue<\/p>\n<p>Chimay Bleue Azul es una cerveza oscura belga de estilo Strong Ale, elaborada por primera vez en 1948, como cerveza navide\u00f1a de temporada. Su \u00e9xito hizo que se a\u00f1adiese al cat\u00e1logo de forma permanente. Posee un color oscuro, espuma de color caramelo y aroma a levadura con un toque a malta y fruta. Su sabor es delicado a uvas, ciruelas y caramelo. Graduaci\u00f3n: 9 grados de alcohol.<\/p>\n<p>Chimay Blanche<\/p>\n<p>Chimay Blanche Triple es una cerveza rubia de estilo triple, de color dorado, aspecto turbio y espuma fina y persistente. Su aroma es intenso con notas a levadura, l\u00fapulo y especias. Su sabor es suave, refrescante y afrutado con un final de sutil amargor. Graduaci\u00f3n: 8 grados de alcohol.<\/p>\n<p>Chimay Rouge<\/p>\n<p>Chimay Rouge Roja es una cerveza de estilo Dubbel, elaborada con agua de los pozos de la abad\u00eda y una levadura propia. Chimay Roja fue la primera cerveza que elaboraron los monjes de Chimay en 1862. Muestra un color cobre con espuma densa y cremosa. Su aroma es complejo y frutal a ciruela, albaricoque y frutos secos. Sabor delicado y lleno de matices con un toque dulce. Graduaci\u00f3n: 7 grados de alcohol.<\/p>\n<p>Brasserie de Chimay<\/p>\n<p>La cervecer\u00eda de Chimay es una de las productoras de cerveza trapense belga m\u00e1s importantes del mundo. Su historia se remonta a 1850, cuando un grupo de monjes procedentes de Westvleteren fund\u00f3 una abad\u00eda en la meseta de Scourmont, cerveza de la localidad de Chimay. En 1862, elaboraron su primera cerveza: Chimay Rouge. En la actualidad, sus cervezas trapenses se siguen elaborando conforme a los m\u00e1s altos est\u00e1ndares de calidad y siguiendo la tradici\u00f3n de la abad\u00eda.<\/p>\n","protected":false},"excerpt":{"rendered":"<p>3 botellas de aut\u00e9ntica cerveza trapense Chimay de 33 cl (1 Azul, 1 Roja, y 1 Blanca) y una copa original dise\u00f1ada especialmente para degustar la cerveza. Es un regalo de cerveza ideal para cualquier amante de la cerveza artesana belga. Chimay Bleue Chimay Bleue Azul es una cerveza oscura belga de estilo Strong Ale, &hellip;<\/p>\n<p class=\"read-more\"> <a class=\"\" href=\"https:\/\/encinardeljamon.com\/es\/product\/trilogy-chimay-3-cervezas-1-vaso\/\"> <span class=\"screen-reader-text\">Trilogy Chimay 3 Cervezas 1 Vaso<\/span> Leer m\u00e1s &raquo;<\/a><\/p>\n","protected":false},"featured_media":2741,"comment_status":"closed","ping_status":"closed","template":"","meta":{"site-sidebar-layout":"default","site-content-layout":"","ast-site-content-layout":"default","site-content-style":"default","site-sidebar-style":"default","ast-global-header-display":"","ast-banner-title-visibility":"","ast-main-header-display":"","ast-hfb-above-header-display":"","ast-hfb-below-header-display":"","ast-hfb-mobile-header-display":"","site-post-title":"","ast-breadcrumbs-content":"","ast-featured-img":"","footer-sml-layout":"","theme-transparent-header-meta":"default","adv-header-id-meta":"","stick-header-meta":"","header-above-stick-meta":"","header-main-stick-meta":"","header-below-stick-meta":"","astra-migrate-meta-layouts":"set","_joinchat":[]},"product_brand":[],"product_cat":[27,29],"product_tag":[],"yst_prominent_words":[],"class_list":{"0":"post-2740","1":"product","2":"type-product","3":"status-publish","4":"has-post-thumbnail","6":"product_cat-licores-vinos-y-cervezas","7":"product_cat-eventos-especiales","8":"desktop-align-left","9":"tablet-align-left","10":"mobile-align-left","12":"first","13":"instock","14":"taxable","15":"shipping-taxable","16":"purchasable","17":"product-type-simple"},"_links":{"self":[{"href":"https:\/\/encinardeljamon.com\/es\/wp-json\/wp\/v2\/product\/2740","targetHints":{"allow":["GET"]}}],"collection":[{"href":"https:\/\/encinardeljamon.com\/es\/wp-json\/wp\/v2\/product"}],"about":[{"href":"https:\/\/encinardeljamon.com\/es\/wp-json\/wp\/v2\/types\/product"}],"replies":[{"embeddable":true,"href":"https:\/\/encinardeljamon.com\/es\/wp-json\/wp\/v2\/comments?post=2740"}],"wp:featuredmedia":[{"embeddable":true,"href":"https:\/\/encinardeljamon.com\/es\/wp-json\/wp\/v2\/media\/2741"}],"wp:attachment":[{"href":"https:\/\/encinardeljamon.com\/es\/wp-json\/wp\/v2\/media?parent=2740"}],"wp:term":[{"taxonomy":"product_brand","embeddable":true,"href":"https:\/\/encinardeljamon.com\/es\/wp-json\/wp\/v2\/product_brand?post=2740"},{"taxonomy":"product_cat","embeddable":true,"href":"https:\/\/encinardeljamon.com\/es\/wp-json\/wp\/v2\/product_cat?post=2740"},{"taxonomy":"product_tag","embeddable":true,"href":"https:\/\/encinardeljamon.com\/es\/wp-json\/wp\/v2\/product_tag?post=2740"},{"taxonomy":"yst_prominent_words","embeddable":true,"href":"https:\/\/encinardeljamon.com\/es\/wp-json\/wp\/v2\/yst_prominent_words?post=2740"}],"curies":[{"name":"wp","href":"https:\/\/api.w.org\/{rel}","templated":true}]}}