{"id":2738,"date":"2022-10-16T21:39:12","date_gmt":"2022-10-16T21:39:12","guid":{"rendered":"https:\/\/encinardeljamon.com\/?post_type=product&#038;p=2738"},"modified":"2025-11-07T23:06:02","modified_gmt":"2025-11-07T23:06:02","slug":"st-bernardus-6-cervezas-2-vasos","status":"publish","type":"product","link":"https:\/\/encinardeljamon.com\/es\/product\/st-bernardus-6-cervezas-2-vasos\/","title":{"rendered":"St Bernardus 6 Cervezas 2 copas"},"content":{"rendered":"<p>St Bernardus 6 Cervezas 2 copas<\/p>\n<p>\u00bfEst\u00e1s buscando cerveza para regalar? Esta cerveza de abad\u00eda St. Bernardus es el regalo perfecto para cualquier amante de la cerveza belga. Contiene 6 cervezas St Bernardus (2x Prior 8, 2x ABT 12, 2x Tripel) y dos copas originales de 15 cl dise\u00f1adas especialmente para su degustaci\u00f3n.<br \/>\nSt. Bernardus Prior 8 es una cerveza de estilo Abbey Dubbel, de alta fermentaci\u00f3n con segunda fermentaci\u00f3n en botella. Se elabora con agua pura procedente de los pozos de la abad\u00eda de St Bernard, l\u00fapulos locales y una extraordinaria cepa de levadura propia. Muestra un color caoba con reflejos \u00e1mbar y espuma fina de color beige. Su aroma es frutal con notas a pasas, malta, especias y l\u00fapulo. Al paladar es c\u00e1lida con sabor a chocolate, especias y notas a malta y levadura. Graduaci\u00f3n: 8 grados de alcohol.<br \/>\nSt. Bernardus ABT 12 es una cerveza de estilo Quadrupel, caracterizada por su alta graduaci\u00f3n y su sabor potente. Se elabora con agua de gran pureza de los pozos de la abad\u00eda y se realiza una segunda fermentaci\u00f3n en botella. Posee un color caoba y opaco con espuma media de color marfil. Su aroma es maltoso con notas ahumadas, a especias, frutas y flores. Sabor agradable y complejo con predominio de las notas dulces a caramelo, malta y levadura y un fondo a caf\u00e9. Graudaci\u00f3n: 10 grados de alcohol.<br \/>\nSt. Bernardus Tripel es una cerveza de estilo Abbey Tripel, creada seg\u00fan una receta propia de Guy Claus, maestro cervecero de St Bernard, e inspirada en su colaboraci\u00f3n con el maestro cervecero de St Sixtus. Al igual que las otras St Bernardus, en su elaboraci\u00f3n se utiliza agua del subsuelo de Watou y se realiza una segunda fermentaci\u00f3n en botella. Su color es \u00e1mbar con reflejos caoba y espuma blanca y abundante. Presenta aromas florales y frutales con presencia del pl\u00e1tano y el alcohol. Sabor ligero y muy equilibrado a l\u00fapulo y malta. Graudaci\u00f3n: 8 grados de alcohol.<br \/>\nBrouwerij St Bernardus<\/p>\n<p>La historia de estas cervezas empieza cuando la f\u00e1brica de quesos del Refugio de Notre Dame de St. Bernard en Watou recibe la licencia para elaborar las cervezas del monasterio trapense de St. Sixtus en Westvleteren, con la condici\u00f3n de que su producci\u00f3n se llevase a cabo bajo la supervisi\u00f3n de los monjes de St Sixtus y solo se vendiesen a un par de tabernas cercanas. En 1992 finaliz\u00f3 la licencia, por lo que el nombre de las cervezas se cambi\u00f3 a St. Bernardus. Las cervezas se sigueron elaborando seg\u00fan las recetas de St Sixtus de Westvleteren y usando su levadura original. Las cervezas St Bernardus poseen una enorme calidad y est\u00e1n consideradas entre las mejores del mundo.<\/p>\n<p>Te recomendamos<\/p>\n<p>St. Bernardus Prior 8<\/p>\n<p>St. Bernardus Tripel<\/p>\n<p>St. Bernardus Pater 6<\/p>\n","protected":false},"excerpt":{"rendered":"<p>St Bernardus 6 Cervezas 2 copas \u00bfEst\u00e1s buscando cerveza para regalar? Esta cerveza de abad\u00eda St. Bernardus es el regalo perfecto para cualquier amante de la cerveza belga. Contiene 6 cervezas St Bernardus (2x Prior 8, 2x ABT 12, 2x Tripel) y dos copas originales de 15 cl dise\u00f1adas especialmente para su degustaci\u00f3n. St. Bernardus &hellip;<\/p>\n<p class=\"read-more\"> <a class=\"\" href=\"https:\/\/encinardeljamon.com\/es\/product\/st-bernardus-6-cervezas-2-vasos\/\"> <span class=\"screen-reader-text\">St Bernardus 6 Cervezas 2 copas<\/span> Leer m\u00e1s &raquo;<\/a><\/p>\n","protected":false},"featured_media":2739,"comment_status":"closed","ping_status":"closed","template":"","meta":{"site-sidebar-layout":"default","site-content-layout":"","ast-site-content-layout":"default","site-content-style":"default","site-sidebar-style":"default","ast-global-header-display":"","ast-banner-title-visibility":"","ast-main-header-display":"","ast-hfb-above-header-display":"","ast-hfb-below-header-display":"","ast-hfb-mobile-header-display":"","site-post-title":"","ast-breadcrumbs-content":"","ast-featured-img":"","footer-sml-layout":"","theme-transparent-header-meta":"default","adv-header-id-meta":"","stick-header-meta":"","header-above-stick-meta":"","header-main-stick-meta":"","header-below-stick-meta":"","astra-migrate-meta-layouts":"set","_joinchat":[]},"product_brand":[],"product_cat":[27,29],"product_tag":[],"yst_prominent_words":[],"class_list":{"0":"post-2738","1":"product","2":"type-product","3":"status-publish","4":"has-post-thumbnail","6":"product_cat-licores-vinos-y-cervezas","7":"product_cat-eventos-especiales","8":"desktop-align-left","9":"tablet-align-left","10":"mobile-align-left","12":"first","13":"instock","14":"taxable","15":"shipping-taxable","16":"purchasable","17":"product-type-simple"},"_links":{"self":[{"href":"https:\/\/encinardeljamon.com\/es\/wp-json\/wp\/v2\/product\/2738","targetHints":{"allow":["GET"]}}],"collection":[{"href":"https:\/\/encinardeljamon.com\/es\/wp-json\/wp\/v2\/product"}],"about":[{"href":"https:\/\/encinardeljamon.com\/es\/wp-json\/wp\/v2\/types\/product"}],"replies":[{"embeddable":true,"href":"https:\/\/encinardeljamon.com\/es\/wp-json\/wp\/v2\/comments?post=2738"}],"wp:featuredmedia":[{"embeddable":true,"href":"https:\/\/encinardeljamon.com\/es\/wp-json\/wp\/v2\/media\/2739"}],"wp:attachment":[{"href":"https:\/\/encinardeljamon.com\/es\/wp-json\/wp\/v2\/media?parent=2738"}],"wp:term":[{"taxonomy":"product_brand","embeddable":true,"href":"https:\/\/encinardeljamon.com\/es\/wp-json\/wp\/v2\/product_brand?post=2738"},{"taxonomy":"product_cat","embeddable":true,"href":"https:\/\/encinardeljamon.com\/es\/wp-json\/wp\/v2\/product_cat?post=2738"},{"taxonomy":"product_tag","embeddable":true,"href":"https:\/\/encinardeljamon.com\/es\/wp-json\/wp\/v2\/product_tag?post=2738"},{"taxonomy":"yst_prominent_words","embeddable":true,"href":"https:\/\/encinardeljamon.com\/es\/wp-json\/wp\/v2\/yst_prominent_words?post=2738"}],"curies":[{"name":"wp","href":"https:\/\/api.w.org\/{rel}","templated":true}]}}