{"id":2731,"date":"2022-10-16T21:31:55","date_gmt":"2022-10-16T21:31:55","guid":{"rendered":"https:\/\/encinardeljamon.com\/?post_type=product&#038;p=2731"},"modified":"2024-04-04T21:26:20","modified_gmt":"2024-04-04T21:26:20","slug":"la-chouffe-blond-4-33cl-1-vaso","status":"publish","type":"product","link":"https:\/\/encinardeljamon.com\/es\/product\/la-chouffe-blond-4-33cl-1-vaso\/","title":{"rendered":"La Chouffe blond 4 X 33 CL. 1 Vaso"},"content":{"rendered":"<p>Pack La Chouffe 4 Cervezas 1 Vaso<br \/>\n<em><strong>No contiene el estuche\u00a0<\/strong><\/em><br \/>\nEste Pack contiene 1 botella de cerveza La Chouffe Blonde de 33 cl, 1 botella de cerveza Chouffe blanche de 33 cl, 1 cerveza Chouffe Houblon de 33 cl, 1 cerveza Mc Chouffe de 33 cl\u00a0 y una copa original dise\u00f1ada especialmente para degustar estas cervezas.<\/p>\n<p>La Chouffe Blonde<\/p>\n<p>El buque insignia de Brasserie D\u2019Achouffe, La Chouffe, es una cerveza belga de estilo Strong Ale, sin filtrar, de fermentaci\u00f3n alta y con segunda fermentaci\u00f3n en botella, Esta cerveza rubia fuerte se elabora con ingredientes naturales de la m\u00e1s alta calidad que incluyen agua, levadura, malta de cebada, cilantro y los l\u00fapulos Saaz, Styrian Golding. Su aspecto turbio y posee un color dorado con espuma densa y persistente. Muestra aromas frutales con notas c\u00edtricas y un toque a cilantro. Su sabor es suave y agradable a malta y frutas. 8% alc\/vol.<\/p>\n<p>Chouffe Blanche<\/p>\n<p>Cerveza de trigo de estilo Witbier, sin filtrar y elaborada con malta de cebada p\u00e1lida, malta de trigo, l\u00fapulo Perle y semillas de cilantro y lim\u00f3n. Su sabor es suave, especiado y muy refrescante, con notas a c\u00edtricos y a cilantro. Se recomienda servirla a una temperatura de 6\u00ba C. 6% alc\/vol.<\/p>\n<p>Chouffe Houblon<\/p>\n<p>Cerveza artesanal belga de tipo Tripel IPA que recrea el amargor de las IPAs usando tres tipos diferentes de l\u00fapulos: Tomahawk, Saaz y Amarillo. El resultado es una cerveza intensa, de aroma especiado, c\u00edtrico y floral y con gran presencia amarga. Su aspecto es turbio y tiene color dorado y espuma densa y persistente. Su aroma es perfumado, herbal y c\u00edtrico con un fondo especiado. Al paladar es amarga, c\u00edtrica y herbal con notas a pomelo y poca presencia alcoh\u00f3lica. Final amargo y persistente. 9% alc\/vol.<\/p>\n<p>Mc Chouffe<\/p>\n<p>Cerveza de alta fermentaci\u00f3n y con segunda fermentaci\u00f3n en botella, inspirada en las Scotch Ale procedentes de escocia, un estilo de cerveza muy habitual en la provincia de Valonia. Se elabora con los l\u00fapulos Styrians y Saaz, maltas Pilsen y candy sugar. El resultado es una cerveza oscura y potente de gran cuerpo, con notas a regaliz anisado y caramelo. 8% alc\/vol.<\/p>\n<p>Brasserie D\u2019Achouffe<\/p>\n<p>La historia de Brasserie D\u2019Achouffe comienza en los a\u00f1os 70, cuando los dos cu\u00f1ados Pierre Gobron y Chris Bauweraerts empiezan a elaborar cerveza en un garaje. Poco a poco sus cervezas comienzan a tener \u00e9xito y en 1986 deciden dedicarse a la elaboraci\u00f3n de cerveza de lleno. En 1992 la producci\u00f3n aumenta de 3400 a 5000 hectolitros por a\u00f1o y en mayo del 2009 empieza a producir botellas de 33 cl. En la actualidad Brasserie D&#8217;Achouffe pertenece al grupo cervecero Duvel Moortgat. La historia de las cervezas Chouffe est\u00e1 ligada a la leyenda de los gnomos de Vall\u00e9e des F\u00e9es (valle de las hadas), seg\u00fan la cual los gnomos decidieron compartir su receta secreta con el ser humano como s\u00edmbolo de amistad.<\/p>\n","protected":false},"excerpt":{"rendered":"<p>Pack La Chouffe 4 Cervezas 1 Vaso No contiene el estuche\u00a0 Este Pack contiene 1 botella de cerveza La Chouffe Blonde de 33 cl, 1 botella de cerveza Chouffe blanche de 33 cl, 1 cerveza Chouffe Houblon de 33 cl, 1 cerveza Mc Chouffe de 33 cl\u00a0 y una copa original dise\u00f1ada especialmente para degustar &hellip;<\/p>\n<p class=\"read-more\"> <a class=\"\" href=\"https:\/\/encinardeljamon.com\/es\/product\/la-chouffe-blond-4-33cl-1-vaso\/\"> <span class=\"screen-reader-text\">La Chouffe blond 4 X 33 CL. 1 Vaso<\/span> Leer m\u00e1s &raquo;<\/a><\/p>\n","protected":false},"featured_media":2732,"comment_status":"closed","ping_status":"closed","template":"","meta":{"site-sidebar-layout":"default","site-content-layout":"","ast-site-content-layout":"default","site-content-style":"default","site-sidebar-style":"default","ast-global-header-display":"","ast-banner-title-visibility":"","ast-main-header-display":"","ast-hfb-above-header-display":"","ast-hfb-below-header-display":"","ast-hfb-mobile-header-display":"","site-post-title":"","ast-breadcrumbs-content":"","ast-featured-img":"","footer-sml-layout":"","theme-transparent-header-meta":"default","adv-header-id-meta":"","stick-header-meta":"","header-above-stick-meta":"","header-main-stick-meta":"","header-below-stick-meta":"","astra-migrate-meta-layouts":"set","_joinchat":[]},"product_brand":[],"product_cat":[27,29],"product_tag":[],"yst_prominent_words":[],"class_list":{"0":"post-2731","1":"product","2":"type-product","3":"status-publish","4":"has-post-thumbnail","6":"product_cat-licores-vinos-y-cervezas","7":"product_cat-eventos-especiales","8":"desktop-align-left","9":"tablet-align-left","10":"mobile-align-left","12":"first","13":"instock","14":"taxable","15":"shipping-taxable","16":"purchasable","17":"product-type-simple"},"_links":{"self":[{"href":"https:\/\/encinardeljamon.com\/es\/wp-json\/wp\/v2\/product\/2731","targetHints":{"allow":["GET"]}}],"collection":[{"href":"https:\/\/encinardeljamon.com\/es\/wp-json\/wp\/v2\/product"}],"about":[{"href":"https:\/\/encinardeljamon.com\/es\/wp-json\/wp\/v2\/types\/product"}],"replies":[{"embeddable":true,"href":"https:\/\/encinardeljamon.com\/es\/wp-json\/wp\/v2\/comments?post=2731"}],"wp:featuredmedia":[{"embeddable":true,"href":"https:\/\/encinardeljamon.com\/es\/wp-json\/wp\/v2\/media\/2732"}],"wp:attachment":[{"href":"https:\/\/encinardeljamon.com\/es\/wp-json\/wp\/v2\/media?parent=2731"}],"wp:term":[{"taxonomy":"product_brand","embeddable":true,"href":"https:\/\/encinardeljamon.com\/es\/wp-json\/wp\/v2\/product_brand?post=2731"},{"taxonomy":"product_cat","embeddable":true,"href":"https:\/\/encinardeljamon.com\/es\/wp-json\/wp\/v2\/product_cat?post=2731"},{"taxonomy":"product_tag","embeddable":true,"href":"https:\/\/encinardeljamon.com\/es\/wp-json\/wp\/v2\/product_tag?post=2731"},{"taxonomy":"yst_prominent_words","embeddable":true,"href":"https:\/\/encinardeljamon.com\/es\/wp-json\/wp\/v2\/yst_prominent_words?post=2731"}],"curies":[{"name":"wp","href":"https:\/\/api.w.org\/{rel}","templated":true}]}}