{"id":2728,"date":"2022-10-16T21:29:47","date_gmt":"2022-10-16T21:29:47","guid":{"rendered":"https:\/\/encinardeljamon.com\/?post_type=product&#038;p=2728"},"modified":"2024-04-04T21:25:02","modified_gmt":"2024-04-04T21:25:02","slug":"la-corne-3-cervezas-33-cl-1-vaso","status":"publish","type":"product","link":"https:\/\/encinardeljamon.com\/es\/product\/la-corne-3-cervezas-33-cl-1-vaso\/","title":{"rendered":"La Corne 3 Cervezas 33 cl 1 Vaso"},"content":{"rendered":"<p>Pack La Corne 3 Cervezas 33 cl 1 Vaso<\/p>\n<p>\u00bfEst\u00e1s buscando cerveza para regalar? Este pack de cerveza La Corne du Bois des Pendus es el regalo perfecto para cualquier amante de la cerveza belga. Incluye 2 botellas de cerveza La Corne Blonde de 33 cl, 1 botella de cerveza La Corne Tripel de 33 cl, 1 cerveza La Corne Black de 33 cl, y una copa original con el famoso soporte de madera, dise\u00f1ada especialmente para degustar estas cervezas.<\/p>\n<p>La Corne du Bois des Pendus Blonde<\/p>\n<p>Pale Ale belga elaborada con malta Pilsen y el l\u00fapulo belga Target. Es una cerveza muy refrescante, de perfil equilibrado y ligeramente amarga con notas herbales y c\u00edtricas. Graduaci\u00f3n: 5,9 grados de alcohol.<\/p>\n<p>La Corne du Bois des Pendus Triple<\/p>\n<p>Cerveza rubia de estilo Tripel, muy agradable y f\u00e1cil de beber. Posee aroma a lupulo y especias y es dulce al paladar con notas c\u00edtricas. Graduaci\u00f3n: 10 grados de alcohol.<\/p>\n<p>La Corne du Bois des Pendus Black<\/p>\n<p>Stout de color oscuro y espuma densa y cremosa, c\u00e1lida al paladar, con aroma y sabor a caf\u00e9, malta, ron a\u00f1ejo, madera y chocolate. Graduaci\u00f3n: 8 grados de alcohol.<\/p>\n","protected":false},"excerpt":{"rendered":"<p>Pack La Corne 3 Cervezas 33 cl 1 Vaso \u00bfEst\u00e1s buscando cerveza para regalar? Este pack de cerveza La Corne du Bois des Pendus es el regalo perfecto para cualquier amante de la cerveza belga. Incluye 2 botellas de cerveza La Corne Blonde de 33 cl, 1 botella de cerveza La Corne Tripel de 33 &hellip;<\/p>\n<p class=\"read-more\"> <a class=\"\" href=\"https:\/\/encinardeljamon.com\/es\/product\/la-corne-3-cervezas-33-cl-1-vaso\/\"> <span class=\"screen-reader-text\">La Corne 3 Cervezas 33 cl 1 Vaso<\/span> Leer m\u00e1s &raquo;<\/a><\/p>\n","protected":false},"featured_media":2730,"comment_status":"closed","ping_status":"closed","template":"","meta":{"site-sidebar-layout":"default","site-content-layout":"","ast-site-content-layout":"default","site-content-style":"default","site-sidebar-style":"default","ast-global-header-display":"","ast-banner-title-visibility":"","ast-main-header-display":"","ast-hfb-above-header-display":"","ast-hfb-below-header-display":"","ast-hfb-mobile-header-display":"","site-post-title":"","ast-breadcrumbs-content":"","ast-featured-img":"","footer-sml-layout":"","theme-transparent-header-meta":"default","adv-header-id-meta":"","stick-header-meta":"","header-above-stick-meta":"","header-main-stick-meta":"","header-below-stick-meta":"","astra-migrate-meta-layouts":"set","_joinchat":[]},"product_brand":[],"product_cat":[27,29],"product_tag":[],"yst_prominent_words":[],"class_list":{"0":"post-2728","1":"product","2":"type-product","3":"status-publish","4":"has-post-thumbnail","6":"product_cat-licores-vinos-y-cervezas","7":"product_cat-eventos-especiales","8":"desktop-align-left","9":"tablet-align-left","10":"mobile-align-left","12":"first","13":"instock","14":"taxable","15":"shipping-taxable","16":"purchasable","17":"product-type-simple"},"_links":{"self":[{"href":"https:\/\/encinardeljamon.com\/es\/wp-json\/wp\/v2\/product\/2728","targetHints":{"allow":["GET"]}}],"collection":[{"href":"https:\/\/encinardeljamon.com\/es\/wp-json\/wp\/v2\/product"}],"about":[{"href":"https:\/\/encinardeljamon.com\/es\/wp-json\/wp\/v2\/types\/product"}],"replies":[{"embeddable":true,"href":"https:\/\/encinardeljamon.com\/es\/wp-json\/wp\/v2\/comments?post=2728"}],"wp:featuredmedia":[{"embeddable":true,"href":"https:\/\/encinardeljamon.com\/es\/wp-json\/wp\/v2\/media\/2730"}],"wp:attachment":[{"href":"https:\/\/encinardeljamon.com\/es\/wp-json\/wp\/v2\/media?parent=2728"}],"wp:term":[{"taxonomy":"product_brand","embeddable":true,"href":"https:\/\/encinardeljamon.com\/es\/wp-json\/wp\/v2\/product_brand?post=2728"},{"taxonomy":"product_cat","embeddable":true,"href":"https:\/\/encinardeljamon.com\/es\/wp-json\/wp\/v2\/product_cat?post=2728"},{"taxonomy":"product_tag","embeddable":true,"href":"https:\/\/encinardeljamon.com\/es\/wp-json\/wp\/v2\/product_tag?post=2728"},{"taxonomy":"yst_prominent_words","embeddable":true,"href":"https:\/\/encinardeljamon.com\/es\/wp-json\/wp\/v2\/yst_prominent_words?post=2728"}],"curies":[{"name":"wp","href":"https:\/\/api.w.org\/{rel}","templated":true}]}}