{"id":2725,"date":"2022-10-16T21:27:39","date_gmt":"2022-10-16T21:27:39","guid":{"rendered":"https:\/\/encinardeljamon.com\/?post_type=product&#038;p=2725"},"modified":"2024-03-24T17:08:02","modified_gmt":"2024-03-24T17:08:02","slug":"kwak-4-cervezas-33-cl-1-vaso","status":"publish","type":"product","link":"https:\/\/encinardeljamon.com\/es\/product\/kwak-4-cervezas-33-cl-1-vaso\/","title":{"rendered":"Kwak 4 Cervezas 33 cl + 1 Vaso"},"content":{"rendered":"<p>( no pack) ( con caja para regalar)<\/p>\n<p>&nbsp;<\/p>\n<p>Pawel Kwak<span style=\"font-size: 16px;\">\u00a0<\/span><\/p>\n<p><span style=\"font-size: 16px;\">Cerveza belga Pawel Kwak que contiene 4 botellas de cerveza Kwak de 33 cl y \u00a01 t\u00edpico vaso original con su famoso soporte de madera.<\/span><\/p>\n<p>Kwak<\/p>\n<p>Kwak es una Belgian Strong Ale, de color \u00e1mbar y espuma densa y cremosa. Muestra un aroma con presencia de la malta y notas a regaliz, especias y caramelo. Su sabor es suave con un toque c\u00edtrico. Graduaci\u00f3n: 8,4% alcohol.<\/p>\n<p>Brouwerij Bosteels<\/p>\n<p>Brouwerij Bosteels es una cervecer\u00eda fundada por Evarist Bosteels en el 1791 en Bruggenhout, B\u00e9lgica. Su cerveza Kwak est\u00e1 inspirada en la historia del cervecero y posadero de Dendermonde, Pawel Kwak. Este invent\u00f3 el famoso soporte de madera que permit\u00eda que los conductores del coche del correo pudiesen disfrutar de su cerveza sin bajarse del carromato, ya que estos ten\u00edan prohibido por ley dejar su veh\u00edculo para beber. Brouwerij Bosteels empez\u00f3 a elaborar Kwak en el 1980. Adem\u00e1s, tambi\u00e9n elaboran la conocida Tripel Karmeliet.<\/p>\n","protected":false},"excerpt":{"rendered":"<p>( no pack) ( con caja para regalar) &nbsp; Pawel Kwak\u00a0 Cerveza belga Pawel Kwak que contiene 4 botellas de cerveza Kwak de 33 cl y \u00a01 t\u00edpico vaso original con su famoso soporte de madera. Kwak Kwak es una Belgian Strong Ale, de color \u00e1mbar y espuma densa y cremosa. Muestra un aroma con &hellip;<\/p>\n<p class=\"read-more\"> <a class=\"\" href=\"https:\/\/encinardeljamon.com\/es\/product\/kwak-4-cervezas-33-cl-1-vaso\/\"> <span class=\"screen-reader-text\">Kwak 4 Cervezas 33 cl + 1 Vaso<\/span> Leer m\u00e1s &raquo;<\/a><\/p>\n","protected":false},"featured_media":2727,"comment_status":"closed","ping_status":"closed","template":"","meta":{"site-sidebar-layout":"default","site-content-layout":"","ast-site-content-layout":"default","site-content-style":"default","site-sidebar-style":"default","ast-global-header-display":"","ast-banner-title-visibility":"","ast-main-header-display":"","ast-hfb-above-header-display":"","ast-hfb-below-header-display":"","ast-hfb-mobile-header-display":"","site-post-title":"","ast-breadcrumbs-content":"","ast-featured-img":"","footer-sml-layout":"","theme-transparent-header-meta":"default","adv-header-id-meta":"","stick-header-meta":"","header-above-stick-meta":"","header-main-stick-meta":"","header-below-stick-meta":"","astra-migrate-meta-layouts":"set","_joinchat":[]},"product_brand":[],"product_cat":[27,29],"product_tag":[],"yst_prominent_words":[],"class_list":{"0":"post-2725","1":"product","2":"type-product","3":"status-publish","4":"has-post-thumbnail","6":"product_cat-licores-vinos-y-cervezas","7":"product_cat-eventos-especiales","8":"desktop-align-left","9":"tablet-align-left","10":"mobile-align-left","12":"first","13":"instock","14":"taxable","15":"shipping-taxable","16":"purchasable","17":"product-type-simple"},"_links":{"self":[{"href":"https:\/\/encinardeljamon.com\/es\/wp-json\/wp\/v2\/product\/2725","targetHints":{"allow":["GET"]}}],"collection":[{"href":"https:\/\/encinardeljamon.com\/es\/wp-json\/wp\/v2\/product"}],"about":[{"href":"https:\/\/encinardeljamon.com\/es\/wp-json\/wp\/v2\/types\/product"}],"replies":[{"embeddable":true,"href":"https:\/\/encinardeljamon.com\/es\/wp-json\/wp\/v2\/comments?post=2725"}],"wp:featuredmedia":[{"embeddable":true,"href":"https:\/\/encinardeljamon.com\/es\/wp-json\/wp\/v2\/media\/2727"}],"wp:attachment":[{"href":"https:\/\/encinardeljamon.com\/es\/wp-json\/wp\/v2\/media?parent=2725"}],"wp:term":[{"taxonomy":"product_brand","embeddable":true,"href":"https:\/\/encinardeljamon.com\/es\/wp-json\/wp\/v2\/product_brand?post=2725"},{"taxonomy":"product_cat","embeddable":true,"href":"https:\/\/encinardeljamon.com\/es\/wp-json\/wp\/v2\/product_cat?post=2725"},{"taxonomy":"product_tag","embeddable":true,"href":"https:\/\/encinardeljamon.com\/es\/wp-json\/wp\/v2\/product_tag?post=2725"},{"taxonomy":"yst_prominent_words","embeddable":true,"href":"https:\/\/encinardeljamon.com\/es\/wp-json\/wp\/v2\/yst_prominent_words?post=2725"}],"curies":[{"name":"wp","href":"https:\/\/api.w.org\/{rel}","templated":true}]}}