{"id":2719,"date":"2022-10-16T21:22:57","date_gmt":"2022-10-16T21:22:57","guid":{"rendered":"https:\/\/encinardeljamon.com\/?post_type=product&#038;p=2719"},"modified":"2024-04-04T21:26:54","modified_gmt":"2024-04-04T21:26:54","slug":"kwak-1-cerveza-2-vasos","status":"publish","type":"product","link":"https:\/\/encinardeljamon.com\/es\/product\/kwak-1-cerveza-2-vasos\/","title":{"rendered":"Kwak 1 Cerveza 2 Vasos"},"content":{"rendered":"<p>Pack Pawel Kwak<\/p>\n<p>\u00bfEst\u00e1s buscando cerveza para regalar? Este pack de cerveza Kwak es el regalo perfecto para cualquier amante de la cerveza belga. Estuche que contiene una botella de cerveza Kwak de 75 cl y dos t\u00edpicos vasos originales. No incluye el soporte de madera.<\/p>\n<p>Kwak<\/p>\n<p>Kwak es una cerveza belga de estilo Belgian Strong Ale de color \u00e1mbar con reflejos rojizos y espuma cremosa y persistente. Su aroma posee matices a malta, regaliz, especias y caramelo. Al paladar es muy equilibrada y suave con notas c\u00edtricas y dulces. Graduaci\u00f3n: 8,4 grados de alcohol.<\/p>\n<p>Brouwerij Bosteels<\/p>\n<p>Brouwerij Bosteels fue fundada en el 1791 en Bruggenhout por Evarist Bosteels. La cerveza Kwak est\u00e1 inspirada en la historia del cervecero del siglo XVIII Pawel Kwak de Dendermonde. Este cervecero adem\u00e1s de elaborar cerveza pose\u00eda una posada situada entre Michelen y Gante donde paraban a descansar los coches de caballos del correo. Debido a una Ley Napole\u00f3nica, los conductores de los carromatos ten\u00edan prohibido bajarse de ellos, por lo que no les era posibledisfrutar de la cerveza en la posada. Kwak invent\u00f3 un soporte para que el vaso se pudiese enganchar al carruaje, de esta forma el conductor pod\u00eda beber sin bajarse del veh\u00edculo.<\/p>\n<p>Esta historia inspir\u00f3 a Brouwerij Bosteels a comenzar a elaborar Kwak en el 1980. Esta cervecera belga tambi\u00e9n produce la popular Tripel Karmeliet. La cervecer\u00eda ha pertenecido a la familia Bosteels durante 200 a\u00f1os, y actualmente es la s\u00e9ptima generaci\u00f3n la que se encuentra a su cargo.<\/p>\n","protected":false},"excerpt":{"rendered":"<p>Pack Pawel Kwak \u00bfEst\u00e1s buscando cerveza para regalar? Este pack de cerveza Kwak es el regalo perfecto para cualquier amante de la cerveza belga. Estuche que contiene una botella de cerveza Kwak de 75 cl y dos t\u00edpicos vasos originales. No incluye el soporte de madera. Kwak Kwak es una cerveza belga de estilo Belgian &hellip;<\/p>\n<p class=\"read-more\"> <a class=\"\" href=\"https:\/\/encinardeljamon.com\/es\/product\/kwak-1-cerveza-2-vasos\/\"> <span class=\"screen-reader-text\">Kwak 1 Cerveza 2 Vasos<\/span> Leer m\u00e1s &raquo;<\/a><\/p>\n","protected":false},"featured_media":2720,"comment_status":"closed","ping_status":"closed","template":"","meta":{"site-sidebar-layout":"default","site-content-layout":"","ast-site-content-layout":"default","site-content-style":"default","site-sidebar-style":"default","ast-global-header-display":"","ast-banner-title-visibility":"","ast-main-header-display":"","ast-hfb-above-header-display":"","ast-hfb-below-header-display":"","ast-hfb-mobile-header-display":"","site-post-title":"","ast-breadcrumbs-content":"","ast-featured-img":"","footer-sml-layout":"","theme-transparent-header-meta":"default","adv-header-id-meta":"","stick-header-meta":"","header-above-stick-meta":"","header-main-stick-meta":"","header-below-stick-meta":"","astra-migrate-meta-layouts":"set","_joinchat":[]},"product_brand":[],"product_cat":[27,29],"product_tag":[],"yst_prominent_words":[],"class_list":{"0":"post-2719","1":"product","2":"type-product","3":"status-publish","4":"has-post-thumbnail","6":"product_cat-licores-vinos-y-cervezas","7":"product_cat-eventos-especiales","8":"desktop-align-left","9":"tablet-align-left","10":"mobile-align-left","12":"first","13":"instock","14":"taxable","15":"shipping-taxable","16":"purchasable","17":"product-type-simple"},"_links":{"self":[{"href":"https:\/\/encinardeljamon.com\/es\/wp-json\/wp\/v2\/product\/2719","targetHints":{"allow":["GET"]}}],"collection":[{"href":"https:\/\/encinardeljamon.com\/es\/wp-json\/wp\/v2\/product"}],"about":[{"href":"https:\/\/encinardeljamon.com\/es\/wp-json\/wp\/v2\/types\/product"}],"replies":[{"embeddable":true,"href":"https:\/\/encinardeljamon.com\/es\/wp-json\/wp\/v2\/comments?post=2719"}],"wp:featuredmedia":[{"embeddable":true,"href":"https:\/\/encinardeljamon.com\/es\/wp-json\/wp\/v2\/media\/2720"}],"wp:attachment":[{"href":"https:\/\/encinardeljamon.com\/es\/wp-json\/wp\/v2\/media?parent=2719"}],"wp:term":[{"taxonomy":"product_brand","embeddable":true,"href":"https:\/\/encinardeljamon.com\/es\/wp-json\/wp\/v2\/product_brand?post=2719"},{"taxonomy":"product_cat","embeddable":true,"href":"https:\/\/encinardeljamon.com\/es\/wp-json\/wp\/v2\/product_cat?post=2719"},{"taxonomy":"product_tag","embeddable":true,"href":"https:\/\/encinardeljamon.com\/es\/wp-json\/wp\/v2\/product_tag?post=2719"},{"taxonomy":"yst_prominent_words","embeddable":true,"href":"https:\/\/encinardeljamon.com\/es\/wp-json\/wp\/v2\/yst_prominent_words?post=2719"}],"curies":[{"name":"wp","href":"https:\/\/api.w.org\/{rel}","templated":true}]}}