{"id":2716,"date":"2022-10-16T21:20:56","date_gmt":"2022-10-16T21:20:56","guid":{"rendered":"https:\/\/encinardeljamon.com\/?post_type=product&#038;p=2716"},"modified":"2024-04-04T21:27:21","modified_gmt":"2024-04-04T21:27:21","slug":"kasteel-4-cervezas-33-cl-1-copa","status":"publish","type":"product","link":"https:\/\/encinardeljamon.com\/es\/product\/kasteel-4-cervezas-33-cl-1-copa\/","title":{"rendered":"Kasteel 4 Cervezas 33 cl 1 Copa"},"content":{"rendered":"<p>Pack Kasteel 4 Cervezas 33 cl 1 Copa<\/p>\n<p>\u00bfEst\u00e1s buscando cerveza para regalar? Este pack de cerveza Kasteelbier es el regalo perfecto para cualquier amante de la cerveza belga. Este estuche contiene cuatro botellas de cerveza Kasteel de 33 cl (2 Kasteel Triple y 2 Kasteel Donker) y una copa original.<\/p>\n<p>Kasteel Tripel<\/p>\n<p>Kasteel Tripel es una cerveza rubia belga de estilo Triple. Posee un color dorado con reflejos anaranjados y espuma densa y cremosa. Su aroma muestra notas a l\u00fapulo, hierbas, vainilla y malta y un toque frutal. Al paladar es robusta, con sabor c\u00edtrico y frutal. Graduaci\u00f3n: 11 grados de alcohol.<\/p>\n<p>Kasteel Donker<\/p>\n<p>Kasteel Donker se lanz\u00f3 al mercado en 1989 y fue la primera cerveza de la gama Kasteel que elabor\u00f3 Kasteel Brouwerij Van Honsebrouck. Es una cerveza oscura belga de estilo Quadrupel, de perfil potente y robusto con aroma a malta tostada y caf\u00e9. Su sabor es dulce con notas tostadas y a a caramelo, caf\u00e9 y chocolate. Graduaci\u00f3n: 11 grados de alcohol.<\/p>\n<p>Kasteel Brouwerij Van Honsebrouck<\/p>\n<p>Kasteel Brouwerij Van Honsebrouck es una cervecer\u00eda familiar belga situada en la localidad de Emelgem y conocida por ser la f\u00e1brica de cerveza m\u00e1s moderna de Europa. Adem\u00e1s de las cervezas Kasteel, en su cat\u00e1logo se incluyen otras grandes cervezas como Bacchus, Brigand y Filou, entre otras.<\/p>\n","protected":false},"excerpt":{"rendered":"<p>Pack Kasteel 4 Cervezas 33 cl 1 Copa \u00bfEst\u00e1s buscando cerveza para regalar? Este pack de cerveza Kasteelbier es el regalo perfecto para cualquier amante de la cerveza belga. Este estuche contiene cuatro botellas de cerveza Kasteel de 33 cl (2 Kasteel Triple y 2 Kasteel Donker) y una copa original. Kasteel Tripel Kasteel Tripel &hellip;<\/p>\n<p class=\"read-more\"> <a class=\"\" href=\"https:\/\/encinardeljamon.com\/es\/product\/kasteel-4-cervezas-33-cl-1-copa\/\"> <span class=\"screen-reader-text\">Kasteel 4 Cervezas 33 cl 1 Copa<\/span> Leer m\u00e1s &raquo;<\/a><\/p>\n","protected":false},"featured_media":2718,"comment_status":"closed","ping_status":"closed","template":"","meta":{"site-sidebar-layout":"default","site-content-layout":"","ast-site-content-layout":"default","site-content-style":"default","site-sidebar-style":"default","ast-global-header-display":"","ast-banner-title-visibility":"","ast-main-header-display":"","ast-hfb-above-header-display":"","ast-hfb-below-header-display":"","ast-hfb-mobile-header-display":"","site-post-title":"","ast-breadcrumbs-content":"","ast-featured-img":"","footer-sml-layout":"","theme-transparent-header-meta":"default","adv-header-id-meta":"","stick-header-meta":"","header-above-stick-meta":"","header-main-stick-meta":"","header-below-stick-meta":"","astra-migrate-meta-layouts":"set","_joinchat":[]},"product_brand":[],"product_cat":[27,29],"product_tag":[],"yst_prominent_words":[],"class_list":{"0":"post-2716","1":"product","2":"type-product","3":"status-publish","4":"has-post-thumbnail","6":"product_cat-licores-vinos-y-cervezas","7":"product_cat-eventos-especiales","8":"desktop-align-left","9":"tablet-align-left","10":"mobile-align-left","12":"first","13":"instock","14":"taxable","15":"shipping-taxable","16":"purchasable","17":"product-type-simple"},"_links":{"self":[{"href":"https:\/\/encinardeljamon.com\/es\/wp-json\/wp\/v2\/product\/2716","targetHints":{"allow":["GET"]}}],"collection":[{"href":"https:\/\/encinardeljamon.com\/es\/wp-json\/wp\/v2\/product"}],"about":[{"href":"https:\/\/encinardeljamon.com\/es\/wp-json\/wp\/v2\/types\/product"}],"replies":[{"embeddable":true,"href":"https:\/\/encinardeljamon.com\/es\/wp-json\/wp\/v2\/comments?post=2716"}],"wp:featuredmedia":[{"embeddable":true,"href":"https:\/\/encinardeljamon.com\/es\/wp-json\/wp\/v2\/media\/2718"}],"wp:attachment":[{"href":"https:\/\/encinardeljamon.com\/es\/wp-json\/wp\/v2\/media?parent=2716"}],"wp:term":[{"taxonomy":"product_brand","embeddable":true,"href":"https:\/\/encinardeljamon.com\/es\/wp-json\/wp\/v2\/product_brand?post=2716"},{"taxonomy":"product_cat","embeddable":true,"href":"https:\/\/encinardeljamon.com\/es\/wp-json\/wp\/v2\/product_cat?post=2716"},{"taxonomy":"product_tag","embeddable":true,"href":"https:\/\/encinardeljamon.com\/es\/wp-json\/wp\/v2\/product_tag?post=2716"},{"taxonomy":"yst_prominent_words","embeddable":true,"href":"https:\/\/encinardeljamon.com\/es\/wp-json\/wp\/v2\/yst_prominent_words?post=2716"}],"curies":[{"name":"wp","href":"https:\/\/api.w.org\/{rel}","templated":true}]}}