{"id":2714,"date":"2022-10-16T21:18:43","date_gmt":"2022-10-16T21:18:43","guid":{"rendered":"https:\/\/encinardeljamon.com\/?post_type=product&#038;p=2714"},"modified":"2024-04-04T21:27:44","modified_gmt":"2024-04-04T21:27:44","slug":"gulden-draak-5-cervezas-33-cl-1-vaso","status":"publish","type":"product","link":"https:\/\/encinardeljamon.com\/es\/product\/gulden-draak-5-cervezas-33-cl-1-vaso\/","title":{"rendered":"Gulden Draak 5 Cervezas 33 cl 1 Vaso"},"content":{"rendered":"<blockquote><p>Pack Gulden Draak 5 Cervezas 33 cl 1 Vaso<\/p><\/blockquote>\n<p>\u00bfEst\u00e1s buscando cerveza para regalar? Este pack de cerveza Gulden Draak es el regalo perfecto para cualquier amante de la cerveza belga. El estuche contiene cinco botellas de cerveza Gulden Draak de 33 cl y el t\u00edpico vaso Gulden Draak Copa Huevo Dragon.<\/p>\n<p>1 Gulden Draak cl\u00e1sica<\/p>\n<p>1 Gulden Draak 9000<\/p>\n<p>1 Gulden Draak Smoked<\/p>\n<p>1 Gulden Draak Imperial Stout<\/p>\n<p>1 Gulden Draak Brewmaster<\/p>\n<p>Gulden Draak Classic<\/p>\n<p>Gulden Draak Classic es el buque insignia de Brouwerij Van Steenberge. En la elaboraci\u00f3n de esta Strong Dark Ale se utilizan materias primas de la mejor calidad, como agua, malta, levaduras exclusivas y l\u00fapulos nobles. Durante su proceso de elaboraci\u00f3n se a\u00f1ade levadura de vino, que le aporta su caracter\u00edstico sabor \u00fanico. La cerveza Gulden Draak posee un color oscuro y espuma densa y cremosa. Tiene un aroma complejo a malta, caf\u00e9 y levadura y un sabor dulce a tofe y caramelo con final amargo. 10,5% ABV.<\/p>\n<p>Gulden Draak 9000<\/p>\n<p>Gulden Draak 9000 es una t\u00edpica cerveza Quadruple belga elaborada mediante alta fermentaci\u00f3n y con segunda fermentaci\u00f3n en botella, con cuatro variedades de malta. El resultado es una cerveza de color \u00e1mbar, con espuma cremosa y aroma complejo y frutal. Al paladar es dulce con sabor a malta tostada. 10,5% ABV.<\/p>\n<p>Gulden Draak Smoked<\/p>\n<p>Gulden Draak Smoked se elabora mediante un proceso de ahumado. Este antiguo m\u00e9todo de secado de malta aporta a la cerveza un sabor caracter\u00edstico que la hace \u00fanica. Posee un color caoba oscuro con espuma abundante. Su aroma ahumado con un toque a malta tostada combina a la perfecci\u00f3n con su sabor tambi\u00e9n ahumado y a caramelo y chocolate. 10,5% ABV.<\/p>\n<p>Gulden Draak Imperial Stout<\/p>\n<p>Gulden Draak Imperial Stout es una Stout de perfil potente, con alta fermentaci\u00f3n y segunda fermentaci\u00f3n en botella. La malta caramelizada le aporta su caracter\u00edstico sabor a malta tostada. Es una cerveza de color oscuro con espuma beige y aroma frutal a pl\u00e1tano y chocolate. Al paladar es una cerveza oscura de sabor complejo a cereal tostado, chocolate y vainilla. 12% ABV.<\/p>\n<p>Gulden Draak Brewmaster<\/p>\n<p>Gulden Draak Brewmaster es una cerveza elaborada con una base de Gulden Draak Classic madurada en barriles de whisky. Posee un color \u00e1mbar con aroma a madera, vainilla y malta y sabor intenso y dulce a caramelo y vainilla. Esta cerveza fue creada para homenajear a los maestros cerveceros de Brouwerij Van Steenberge en general y a Josef Van Steenberge en particular, el maestro cervecero de quinta generaci\u00f3n. 10,5% ABV.<\/p>\n","protected":false},"excerpt":{"rendered":"<p>Pack Gulden Draak 5 Cervezas 33 cl 1 Vaso \u00bfEst\u00e1s buscando cerveza para regalar? Este pack de cerveza Gulden Draak es el regalo perfecto para cualquier amante de la cerveza belga. El estuche contiene cinco botellas de cerveza Gulden Draak de 33 cl y el t\u00edpico vaso Gulden Draak Copa Huevo Dragon. 1 Gulden Draak &hellip;<\/p>\n<p class=\"read-more\"> <a class=\"\" href=\"https:\/\/encinardeljamon.com\/es\/product\/gulden-draak-5-cervezas-33-cl-1-vaso\/\"> <span class=\"screen-reader-text\">Gulden Draak 5 Cervezas 33 cl 1 Vaso<\/span> Leer m\u00e1s &raquo;<\/a><\/p>\n","protected":false},"featured_media":2715,"comment_status":"closed","ping_status":"closed","template":"","meta":{"site-sidebar-layout":"default","site-content-layout":"","ast-site-content-layout":"default","site-content-style":"default","site-sidebar-style":"default","ast-global-header-display":"","ast-banner-title-visibility":"","ast-main-header-display":"","ast-hfb-above-header-display":"","ast-hfb-below-header-display":"","ast-hfb-mobile-header-display":"","site-post-title":"","ast-breadcrumbs-content":"","ast-featured-img":"","footer-sml-layout":"","theme-transparent-header-meta":"default","adv-header-id-meta":"","stick-header-meta":"","header-above-stick-meta":"","header-main-stick-meta":"","header-below-stick-meta":"","astra-migrate-meta-layouts":"set","_joinchat":[]},"product_brand":[],"product_cat":[27,29],"product_tag":[],"yst_prominent_words":[],"class_list":{"0":"post-2714","1":"product","2":"type-product","3":"status-publish","4":"has-post-thumbnail","6":"product_cat-licores-vinos-y-cervezas","7":"product_cat-eventos-especiales","8":"desktop-align-left","9":"tablet-align-left","10":"mobile-align-left","12":"first","13":"instock","14":"taxable","15":"shipping-taxable","16":"purchasable","17":"product-type-simple"},"_links":{"self":[{"href":"https:\/\/encinardeljamon.com\/es\/wp-json\/wp\/v2\/product\/2714","targetHints":{"allow":["GET"]}}],"collection":[{"href":"https:\/\/encinardeljamon.com\/es\/wp-json\/wp\/v2\/product"}],"about":[{"href":"https:\/\/encinardeljamon.com\/es\/wp-json\/wp\/v2\/types\/product"}],"replies":[{"embeddable":true,"href":"https:\/\/encinardeljamon.com\/es\/wp-json\/wp\/v2\/comments?post=2714"}],"wp:featuredmedia":[{"embeddable":true,"href":"https:\/\/encinardeljamon.com\/es\/wp-json\/wp\/v2\/media\/2715"}],"wp:attachment":[{"href":"https:\/\/encinardeljamon.com\/es\/wp-json\/wp\/v2\/media?parent=2714"}],"wp:term":[{"taxonomy":"product_brand","embeddable":true,"href":"https:\/\/encinardeljamon.com\/es\/wp-json\/wp\/v2\/product_brand?post=2714"},{"taxonomy":"product_cat","embeddable":true,"href":"https:\/\/encinardeljamon.com\/es\/wp-json\/wp\/v2\/product_cat?post=2714"},{"taxonomy":"product_tag","embeddable":true,"href":"https:\/\/encinardeljamon.com\/es\/wp-json\/wp\/v2\/product_tag?post=2714"},{"taxonomy":"yst_prominent_words","embeddable":true,"href":"https:\/\/encinardeljamon.com\/es\/wp-json\/wp\/v2\/yst_prominent_words?post=2714"}],"curies":[{"name":"wp","href":"https:\/\/api.w.org\/{rel}","templated":true}]}}