{"id":2711,"date":"2022-10-16T21:16:28","date_gmt":"2022-10-16T21:16:28","guid":{"rendered":"https:\/\/encinardeljamon.com\/?post_type=product&#038;p=2711"},"modified":"2024-04-04T21:28:23","modified_gmt":"2024-04-04T21:28:23","slug":"gulden-draak-2-cervezas-33-cl-1-vaso","status":"publish","type":"product","link":"https:\/\/encinardeljamon.com\/es\/product\/gulden-draak-2-cervezas-33-cl-1-vaso\/","title":{"rendered":"Gulden Draak 2 Cervezas 33 cl 1 Vaso"},"content":{"rendered":"<p>Pack Gulden Draak 2 Cervezas 33 cl 1 Vaso<\/p>\n<p>\u00bfEst\u00e1s buscando cerveza para regalar? Este pack de cerveza Gulden Draak es el regalo perfecto para cualquier amante de la cerveza belga. Contiene dos botellas de cerveza Gulden Draak de 33 cl (una Gulden Draak cl\u00e1sica y una Gulden Draak 9000) y el t\u00edpico vaso Gulden Draak Copa Huevo Dragon<\/p>\n<p>Gulden Draak<\/p>\n<p>Cerveza belga de estilo Strong Dark Ale, elaborada con agua, malta, varias levaduras exclusivas y l\u00fapulos nobles tradicionales. Durante la segunda fermentaci\u00f3n se a\u00f1ade levadura de vino. Esto le da un car\u00e1cter y sabor \u00fanicos. Es una cerveza de perfil evolutivo de color oscuro con espuma densa y cremosa. Su aroma es complejo a malta, levadura, caf\u00e9, chocolate y frutos secos. Al paladar es dulce con sabor a caramelo y un final potente. Graduaci\u00f3n: 10,5 grados de alcohol.<\/p>\n<p>Gulden Draak 9000<\/p>\n<p>Cerveza \u00e1mbar de estilo Quadrupel elaborada con levadura de vino y cuatro variedades de malta que le aportan su caracter\u00edstico color y aroma. El dise\u00f1o de su botella en rojo y negro rinde homenaje a la cuidad de Gante, ya que son sus colores. Posee un color \u00e1mbar con espuma cremosa de color caramelo, aroma afrutado con notas a malta, pl\u00e1tano y caramelo. Su sabor es dulce y c\u00e1lido a malta tostada. Final amargo y seco. Graduaci\u00f3n: 10,5 grados de alcohol.<\/p>\n","protected":false},"excerpt":{"rendered":"<p>Pack Gulden Draak 2 Cervezas 33 cl 1 Vaso \u00bfEst\u00e1s buscando cerveza para regalar? Este pack de cerveza Gulden Draak es el regalo perfecto para cualquier amante de la cerveza belga. Contiene dos botellas de cerveza Gulden Draak de 33 cl (una Gulden Draak cl\u00e1sica y una Gulden Draak 9000) y el t\u00edpico vaso Gulden &hellip;<\/p>\n<p class=\"read-more\"> <a class=\"\" href=\"https:\/\/encinardeljamon.com\/es\/product\/gulden-draak-2-cervezas-33-cl-1-vaso\/\"> <span class=\"screen-reader-text\">Gulden Draak 2 Cervezas 33 cl 1 Vaso<\/span> Leer m\u00e1s &raquo;<\/a><\/p>\n","protected":false},"featured_media":2712,"comment_status":"closed","ping_status":"closed","template":"","meta":{"site-sidebar-layout":"default","site-content-layout":"","ast-site-content-layout":"default","site-content-style":"default","site-sidebar-style":"default","ast-global-header-display":"","ast-banner-title-visibility":"","ast-main-header-display":"","ast-hfb-above-header-display":"","ast-hfb-below-header-display":"","ast-hfb-mobile-header-display":"","site-post-title":"","ast-breadcrumbs-content":"","ast-featured-img":"","footer-sml-layout":"","theme-transparent-header-meta":"default","adv-header-id-meta":"","stick-header-meta":"","header-above-stick-meta":"","header-main-stick-meta":"","header-below-stick-meta":"","astra-migrate-meta-layouts":"set","_joinchat":[]},"product_brand":[],"product_cat":[27,29],"product_tag":[],"yst_prominent_words":[],"class_list":{"0":"post-2711","1":"product","2":"type-product","3":"status-publish","4":"has-post-thumbnail","6":"product_cat-licores-vinos-y-cervezas","7":"product_cat-eventos-especiales","8":"desktop-align-left","9":"tablet-align-left","10":"mobile-align-left","12":"first","13":"instock","14":"taxable","15":"shipping-taxable","16":"purchasable","17":"product-type-simple"},"_links":{"self":[{"href":"https:\/\/encinardeljamon.com\/es\/wp-json\/wp\/v2\/product\/2711","targetHints":{"allow":["GET"]}}],"collection":[{"href":"https:\/\/encinardeljamon.com\/es\/wp-json\/wp\/v2\/product"}],"about":[{"href":"https:\/\/encinardeljamon.com\/es\/wp-json\/wp\/v2\/types\/product"}],"replies":[{"embeddable":true,"href":"https:\/\/encinardeljamon.com\/es\/wp-json\/wp\/v2\/comments?post=2711"}],"wp:featuredmedia":[{"embeddable":true,"href":"https:\/\/encinardeljamon.com\/es\/wp-json\/wp\/v2\/media\/2712"}],"wp:attachment":[{"href":"https:\/\/encinardeljamon.com\/es\/wp-json\/wp\/v2\/media?parent=2711"}],"wp:term":[{"taxonomy":"product_brand","embeddable":true,"href":"https:\/\/encinardeljamon.com\/es\/wp-json\/wp\/v2\/product_brand?post=2711"},{"taxonomy":"product_cat","embeddable":true,"href":"https:\/\/encinardeljamon.com\/es\/wp-json\/wp\/v2\/product_cat?post=2711"},{"taxonomy":"product_tag","embeddable":true,"href":"https:\/\/encinardeljamon.com\/es\/wp-json\/wp\/v2\/product_tag?post=2711"},{"taxonomy":"yst_prominent_words","embeddable":true,"href":"https:\/\/encinardeljamon.com\/es\/wp-json\/wp\/v2\/yst_prominent_words?post=2711"}],"curies":[{"name":"wp","href":"https:\/\/api.w.org\/{rel}","templated":true}]}}