{"id":2706,"date":"2022-10-16T21:11:44","date_gmt":"2022-10-16T21:11:44","guid":{"rendered":"https:\/\/encinardeljamon.com\/?post_type=product&#038;p=2706"},"modified":"2024-04-04T21:30:50","modified_gmt":"2024-04-04T21:30:50","slug":"duvel-4-cervezas-33-cl-1-vaso","status":"publish","type":"product","link":"https:\/\/encinardeljamon.com\/es\/product\/duvel-4-cervezas-33-cl-1-vaso\/","title":{"rendered":"Duvel 4 Cervezas 33 cl 1 Vaso"},"content":{"rendered":"<p>Pack Duvel 4 Cervezas 33 cl 1 Vaso<\/p>\n<p>Este estuche contiene cuatro botellas de cerveza Duvel Blonde de 33 cl y una copa original dise\u00f1ada especialmente para degustar esta cerveza.<\/p>\n<p>Duvel Blonde<\/p>\n<p>Cerveza rubia belga de estilo Belgian Strong Ale, de color dorado, espuma densa y cremosa, aroma c\u00edtrico y sabor amargo y especiado. Se elabora mediante un proceso \u00fanico que dura 90 d\u00edas y que le otorga su sabor caracter\u00edstico. Sus ingredientes incluyen agua pura de manantial, cebada, los l\u00fapulos Saaz y Styrian Golding y la cepa de levadura original que Alber Moortgat trajo de su viaje a Escocia en el 1920. 8,5% alc\/vol.<\/p>\n<p>Duvel Moortgat<\/p>\n<p>Jan-Leonard Moortgat, un gran aficionado a la cerveza descendiente de una familia de cerveceros, fund\u00f3 Duvel Moortgat en 1871. Los or\u00edgenes de la cerveza Duvel tuvieron lugar mucho despu\u00e9s, cuando al finalizar la Primera Guerra Mundial se cre\u00f3 una cerveza conmemorativa llamada Victory Ale. Durante una cata, una personalidad local exclam\u00f3 al probarla \u201c\u00a1Nen echten Duvel!\u201d (\u201c\u00a1Esto es un verdadero diablo!\u201d en flamenco). La an\u00e9cdota provoc\u00f3 que se cambiase su nombre a Duvel. Duvel Moortgat incluye en su cat\u00e1logo otras grandes marcas, entre las que se encuentran Maredsous, Vedett, De Koninck, Ommergang, Liefmans, etc.<\/p>\n","protected":false},"excerpt":{"rendered":"<p>Pack Duvel 4 Cervezas 33 cl 1 Vaso Este estuche contiene cuatro botellas de cerveza Duvel Blonde de 33 cl y una copa original dise\u00f1ada especialmente para degustar esta cerveza. Duvel Blonde Cerveza rubia belga de estilo Belgian Strong Ale, de color dorado, espuma densa y cremosa, aroma c\u00edtrico y sabor amargo y especiado. Se &hellip;<\/p>\n<p class=\"read-more\"> <a class=\"\" href=\"https:\/\/encinardeljamon.com\/es\/product\/duvel-4-cervezas-33-cl-1-vaso\/\"> <span class=\"screen-reader-text\">Duvel 4 Cervezas 33 cl 1 Vaso<\/span> Leer m\u00e1s &raquo;<\/a><\/p>\n","protected":false},"featured_media":2707,"comment_status":"closed","ping_status":"closed","template":"","meta":{"site-sidebar-layout":"default","site-content-layout":"","ast-site-content-layout":"default","site-content-style":"default","site-sidebar-style":"default","ast-global-header-display":"","ast-banner-title-visibility":"","ast-main-header-display":"","ast-hfb-above-header-display":"","ast-hfb-below-header-display":"","ast-hfb-mobile-header-display":"","site-post-title":"","ast-breadcrumbs-content":"","ast-featured-img":"","footer-sml-layout":"","theme-transparent-header-meta":"default","adv-header-id-meta":"","stick-header-meta":"","header-above-stick-meta":"","header-main-stick-meta":"","header-below-stick-meta":"","astra-migrate-meta-layouts":"set","_joinchat":[]},"product_brand":[],"product_cat":[27,29],"product_tag":[],"yst_prominent_words":[],"class_list":{"0":"post-2706","1":"product","2":"type-product","3":"status-publish","4":"has-post-thumbnail","6":"product_cat-licores-vinos-y-cervezas","7":"product_cat-eventos-especiales","8":"desktop-align-left","9":"tablet-align-left","10":"mobile-align-left","12":"first","13":"instock","14":"taxable","15":"shipping-taxable","16":"purchasable","17":"product-type-simple"},"_links":{"self":[{"href":"https:\/\/encinardeljamon.com\/es\/wp-json\/wp\/v2\/product\/2706","targetHints":{"allow":["GET"]}}],"collection":[{"href":"https:\/\/encinardeljamon.com\/es\/wp-json\/wp\/v2\/product"}],"about":[{"href":"https:\/\/encinardeljamon.com\/es\/wp-json\/wp\/v2\/types\/product"}],"replies":[{"embeddable":true,"href":"https:\/\/encinardeljamon.com\/es\/wp-json\/wp\/v2\/comments?post=2706"}],"wp:featuredmedia":[{"embeddable":true,"href":"https:\/\/encinardeljamon.com\/es\/wp-json\/wp\/v2\/media\/2707"}],"wp:attachment":[{"href":"https:\/\/encinardeljamon.com\/es\/wp-json\/wp\/v2\/media?parent=2706"}],"wp:term":[{"taxonomy":"product_brand","embeddable":true,"href":"https:\/\/encinardeljamon.com\/es\/wp-json\/wp\/v2\/product_brand?post=2706"},{"taxonomy":"product_cat","embeddable":true,"href":"https:\/\/encinardeljamon.com\/es\/wp-json\/wp\/v2\/product_cat?post=2706"},{"taxonomy":"product_tag","embeddable":true,"href":"https:\/\/encinardeljamon.com\/es\/wp-json\/wp\/v2\/product_tag?post=2706"},{"taxonomy":"yst_prominent_words","embeddable":true,"href":"https:\/\/encinardeljamon.com\/es\/wp-json\/wp\/v2\/yst_prominent_words?post=2706"}],"curies":[{"name":"wp","href":"https:\/\/api.w.org\/{rel}","templated":true}]}}