{"id":2703,"date":"2022-10-16T21:09:48","date_gmt":"2022-10-16T21:09:48","guid":{"rendered":"https:\/\/encinardeljamon.com\/?post_type=product&#038;p=2703"},"modified":"2024-04-04T21:31:25","modified_gmt":"2024-04-04T21:31:25","slug":"duvel-2-cervezas-33-cl-1-vaso","status":"publish","type":"product","link":"https:\/\/encinardeljamon.com\/es\/product\/duvel-2-cervezas-33-cl-1-vaso\/","title":{"rendered":"Duvel 2 Cervezas 33 cl 1 Vaso"},"content":{"rendered":"<p>Pack Duvel 2 Cervezas 33 cl 1 Vaso<\/p>\n<p>\u00bfTe peguntas qu\u00e9 regalar a un amante de la cerveza belga? Este pack de cerveza Duvel es el regalo ideal para cualquier cervecero. Este estuche contiene dos botellas de cerveza Duvel de 33 cl (1 Duvel cl\u00e1sica y 1 Duvel Tripel Hop Citra) y una copa original dise\u00f1ada especialmente para degustar estas cervezas.<\/p>\n<p>Duvel Blonde<\/p>\n<p>Duvel es una cerveza rubia belga de estilo Belgian Strong Ale, elaborada con ingredientes naturales que incluyen agua pura de manantial, cebada y los l\u00fapulos Saaz y Styrian Golding, gracias a los que obtiene su caracter\u00edstico amargor. La cerveza se somete a un proceso de elaboraci\u00f3n \u00fanico que dura 90 d\u00edas y que le otorga su agradable sabor. Durante la fermentaci\u00f3n se utiliza la cepa de levadura original que Alber Moortgat trajo de su viaje a Escocia en el 1920. Posee un color dorado con espuma cremosa, abundante y persistente y un aroma potente con notas c\u00edtricas. Su sabor es amargo con toques especiados, complejo y de gran car\u00e1cter. 8,5 grados de alcohol.<\/p>\n<p>Duvel Tripel Hop Citra<\/p>\n<p>Duvel Tripel Hop Citra es una Belgian Strong Ale elaborada mediante dry-hopping con l\u00fapulos Saaz Saaz, Styrian Golding y Citra. Esta cerveza artesana se elabora cada a\u00f1o desde el 2007 con una tercera variedad de l\u00fapulo diferente que se a\u00f1ade a los l\u00fapulos Saaz Saaz y Styrian Golding. En el 2016, Duvel Moortgat pidi\u00f3 a los aficionados que eligiesen su Tripel Hop favorita, siendo Duvel Tripel Hop Citra la ganadora y convirti\u00e9ndose en una cerveza permanente. Esta cerveza belga fuerte muestra un color dorado y espuma cremosa y persistente y posee aroma a frutas tropicales con notas c\u00edtricas y florales. Al paladar es muy refrescante y suave con notas amargas a l\u00fapulo. Graduaci\u00f3n: 9,5 grados de alcohol.<\/p>\n<p>Duvel Moortgat<\/p>\n<p>Duvel Moortgat fue fundada en 1871 por Jan-Leonard Moortgat, un gran aficionado a la cerveza que descend\u00eda de una familia de cerveceros. Duvel se cre\u00f3 para conmemorar el fin de la Primera guerra Mundial e inicialmente se llamaba Victory Ale. En la d\u00e9cada de los 20, durante una cata, una personalidad local exclam\u00f3 al probarla \u201c\u00a1Nen echten Duvel!\u201d (\u201c\u00a1Esto es un verdadero diablo!\u201d en flamenco), por lo que la cerveza cambi\u00f3 su nombre por Duvel. Adem\u00e1s de Duvel, Duvel Moortgat posee en su cat\u00e1logo una amplia gama de cervezas de gran calidad, entre las que se encuentran Maredsous, Vedett, Liefmans, etc.<\/p>\n","protected":false},"excerpt":{"rendered":"<p>Pack Duvel 2 Cervezas 33 cl 1 Vaso \u00bfTe peguntas qu\u00e9 regalar a un amante de la cerveza belga? Este pack de cerveza Duvel es el regalo ideal para cualquier cervecero. Este estuche contiene dos botellas de cerveza Duvel de 33 cl (1 Duvel cl\u00e1sica y 1 Duvel Tripel Hop Citra) y una copa original &hellip;<\/p>\n<p class=\"read-more\"> <a class=\"\" href=\"https:\/\/encinardeljamon.com\/es\/product\/duvel-2-cervezas-33-cl-1-vaso\/\"> <span class=\"screen-reader-text\">Duvel 2 Cervezas 33 cl 1 Vaso<\/span> Leer m\u00e1s &raquo;<\/a><\/p>\n","protected":false},"featured_media":2704,"comment_status":"closed","ping_status":"closed","template":"","meta":{"site-sidebar-layout":"default","site-content-layout":"","ast-site-content-layout":"default","site-content-style":"default","site-sidebar-style":"default","ast-global-header-display":"","ast-banner-title-visibility":"","ast-main-header-display":"","ast-hfb-above-header-display":"","ast-hfb-below-header-display":"","ast-hfb-mobile-header-display":"","site-post-title":"","ast-breadcrumbs-content":"","ast-featured-img":"","footer-sml-layout":"","theme-transparent-header-meta":"default","adv-header-id-meta":"","stick-header-meta":"","header-above-stick-meta":"","header-main-stick-meta":"","header-below-stick-meta":"","astra-migrate-meta-layouts":"set","_joinchat":[]},"product_brand":[],"product_cat":[27,29],"product_tag":[],"yst_prominent_words":[],"class_list":{"0":"post-2703","1":"product","2":"type-product","3":"status-publish","4":"has-post-thumbnail","6":"product_cat-licores-vinos-y-cervezas","7":"product_cat-eventos-especiales","8":"desktop-align-left","9":"tablet-align-left","10":"mobile-align-left","12":"first","13":"instock","14":"taxable","15":"shipping-taxable","16":"purchasable","17":"product-type-simple"},"_links":{"self":[{"href":"https:\/\/encinardeljamon.com\/es\/wp-json\/wp\/v2\/product\/2703","targetHints":{"allow":["GET"]}}],"collection":[{"href":"https:\/\/encinardeljamon.com\/es\/wp-json\/wp\/v2\/product"}],"about":[{"href":"https:\/\/encinardeljamon.com\/es\/wp-json\/wp\/v2\/types\/product"}],"replies":[{"embeddable":true,"href":"https:\/\/encinardeljamon.com\/es\/wp-json\/wp\/v2\/comments?post=2703"}],"wp:featuredmedia":[{"embeddable":true,"href":"https:\/\/encinardeljamon.com\/es\/wp-json\/wp\/v2\/media\/2704"}],"wp:attachment":[{"href":"https:\/\/encinardeljamon.com\/es\/wp-json\/wp\/v2\/media?parent=2703"}],"wp:term":[{"taxonomy":"product_brand","embeddable":true,"href":"https:\/\/encinardeljamon.com\/es\/wp-json\/wp\/v2\/product_brand?post=2703"},{"taxonomy":"product_cat","embeddable":true,"href":"https:\/\/encinardeljamon.com\/es\/wp-json\/wp\/v2\/product_cat?post=2703"},{"taxonomy":"product_tag","embeddable":true,"href":"https:\/\/encinardeljamon.com\/es\/wp-json\/wp\/v2\/product_tag?post=2703"},{"taxonomy":"yst_prominent_words","embeddable":true,"href":"https:\/\/encinardeljamon.com\/es\/wp-json\/wp\/v2\/yst_prominent_words?post=2703"}],"curies":[{"name":"wp","href":"https:\/\/api.w.org\/{rel}","templated":true}]}}