{"id":2700,"date":"2022-10-16T21:07:25","date_gmt":"2022-10-16T21:07:25","guid":{"rendered":"https:\/\/encinardeljamon.com\/?post_type=product&#038;p=2700"},"modified":"2026-02-15T15:56:44","modified_gmt":"2026-02-15T15:56:44","slug":"cuvee-des-trolls-5-cervezas-33-cl-1-vaso","status":"publish","type":"product","link":"https:\/\/encinardeljamon.com\/es\/product\/cuvee-des-trolls-5-cervezas-33-cl-1-vaso\/","title":{"rendered":"Cuvee des Trolls 5 Cervezas 33 cl 1 Vaso"},"content":{"rendered":"<p>Pack Cuvee des Trolls 5 Cervezas 33 cl 1 Vaso<\/p>\n<p>Este estuche contiene seis botellas de cerveza Cuvee Des Trolls de 33 cl y una copa original dise\u00f1ada especialmente para degustar esta cerveza.<\/p>\n<p>Cuvee Des Trolls<\/p>\n<p>Cerveza rubia belga, sin filtrar, de estilo Belgian Ale, elaborada con malta p\u00e1lida de cebada de primavera y cura\u00e7ao. Posee aspecto turbio, color dorado y espuba densay persistente. Aroma frutal y c\u00edotrico con notas a cereales y pan. Es una cerveza de sabor sauve y ligero, con un toque frutal y final amargo.<\/p>\n<p>Brasserie Dubuisson<\/p>\n<p>La elabora Le Brasse-Temps, una cervecer\u00eda que pertenece a Brasserie Dubuisson, fundada por Joseph Leroy en 1769. Brasserie Dubuisson es la productora de cerveza m\u00e1s antigua de la regi\u00f3n de Valonia. Todas sus cervezas se elaboran con materias primas de la m\u00e1s alta calidad de manera artesanal. Sus productos se encuentran presentes en m\u00e1s de 35 pa\u00edses.<\/p>\n","protected":false},"excerpt":{"rendered":"<p>Pack Cuvee des Trolls 5 Cervezas 33 cl 1 Vaso Este estuche contiene seis botellas de cerveza Cuvee Des Trolls de 33 cl y una copa original dise\u00f1ada especialmente para degustar esta cerveza. Cuvee Des Trolls Cerveza rubia belga, sin filtrar, de estilo Belgian Ale, elaborada con malta p\u00e1lida de cebada de primavera y cura\u00e7ao. &hellip;<\/p>\n<p class=\"read-more\"> <a class=\"\" href=\"https:\/\/encinardeljamon.com\/es\/product\/cuvee-des-trolls-5-cervezas-33-cl-1-vaso\/\"> <span class=\"screen-reader-text\">Cuvee des Trolls 5 Cervezas 33 cl 1 Vaso<\/span> Leer m\u00e1s &raquo;<\/a><\/p>\n","protected":false},"featured_media":2702,"comment_status":"closed","ping_status":"closed","template":"","meta":{"site-sidebar-layout":"default","site-content-layout":"","ast-site-content-layout":"default","site-content-style":"default","site-sidebar-style":"default","ast-global-header-display":"","ast-banner-title-visibility":"","ast-main-header-display":"","ast-hfb-above-header-display":"","ast-hfb-below-header-display":"","ast-hfb-mobile-header-display":"","site-post-title":"","ast-breadcrumbs-content":"","ast-featured-img":"","footer-sml-layout":"","theme-transparent-header-meta":"default","adv-header-id-meta":"","stick-header-meta":"","header-above-stick-meta":"","header-main-stick-meta":"","header-below-stick-meta":"","astra-migrate-meta-layouts":"set","_joinchat":[]},"product_brand":[],"product_cat":[27,29],"product_tag":[],"yst_prominent_words":[],"class_list":{"0":"post-2700","1":"product","2":"type-product","3":"status-publish","4":"has-post-thumbnail","6":"product_cat-licores-vinos-y-cervezas","7":"product_cat-eventos-especiales","8":"desktop-align-left","9":"tablet-align-left","10":"mobile-align-left","12":"first","13":"instock","14":"taxable","15":"shipping-taxable","16":"purchasable","17":"product-type-simple"},"_links":{"self":[{"href":"https:\/\/encinardeljamon.com\/es\/wp-json\/wp\/v2\/product\/2700","targetHints":{"allow":["GET"]}}],"collection":[{"href":"https:\/\/encinardeljamon.com\/es\/wp-json\/wp\/v2\/product"}],"about":[{"href":"https:\/\/encinardeljamon.com\/es\/wp-json\/wp\/v2\/types\/product"}],"replies":[{"embeddable":true,"href":"https:\/\/encinardeljamon.com\/es\/wp-json\/wp\/v2\/comments?post=2700"}],"wp:featuredmedia":[{"embeddable":true,"href":"https:\/\/encinardeljamon.com\/es\/wp-json\/wp\/v2\/media\/2702"}],"wp:attachment":[{"href":"https:\/\/encinardeljamon.com\/es\/wp-json\/wp\/v2\/media?parent=2700"}],"wp:term":[{"taxonomy":"product_brand","embeddable":true,"href":"https:\/\/encinardeljamon.com\/es\/wp-json\/wp\/v2\/product_brand?post=2700"},{"taxonomy":"product_cat","embeddable":true,"href":"https:\/\/encinardeljamon.com\/es\/wp-json\/wp\/v2\/product_cat?post=2700"},{"taxonomy":"product_tag","embeddable":true,"href":"https:\/\/encinardeljamon.com\/es\/wp-json\/wp\/v2\/product_tag?post=2700"},{"taxonomy":"yst_prominent_words","embeddable":true,"href":"https:\/\/encinardeljamon.com\/es\/wp-json\/wp\/v2\/yst_prominent_words?post=2700"}],"curies":[{"name":"wp","href":"https:\/\/api.w.org\/{rel}","templated":true}]}}