{"id":2695,"date":"2022-10-16T21:01:30","date_gmt":"2022-10-16T21:01:30","guid":{"rendered":"https:\/\/encinardeljamon.com\/?post_type=product&#038;p=2695"},"modified":"2024-04-04T21:38:38","modified_gmt":"2024-04-04T21:38:38","slug":"westmalle-75-cl-2-cervezas-y-2-copas","status":"publish","type":"product","link":"https:\/\/encinardeljamon.com\/es\/product\/westmalle-75-cl-2-cervezas-y-2-copas\/","title":{"rendered":"Westmalle 75 cl 2 cervezas y 2 Copas"},"content":{"rendered":"<blockquote><p>Pack Westmalle 2 Cervezas 2 Vasos en estuche de madera<\/p><\/blockquote>\n<p>Este pack contiene dos botellas de aut\u00e9ntica cerveza belga trapense Westmalle de 75 cl y dos copas originales que potencia todo el aroma y sabor de ambas cervezas. El pack viene presentado en una elegante caja de madera lo que lo convierte en un regalo cervecero ideal para cualquier amante de la cerveza de calidad.<\/p>\n<p>Westmalle Trappist Tripel<\/p>\n<p>Westmalle Tripel es conocida como \u201cla madre de todas las triples\u201d ya que es considerada la primera cerveza triple de la historia. Fue creada en 1934 para celebrar la inauguraci\u00f3n de la nueva f\u00e1brica de cerveza de la abad\u00eda. Esta extraordinaria cerveza rubia de aspecto turbio tiene un aroma complejo e intenso con notas a l\u00fapulo y malta. Su sabor es suave y equilibrado con matices frutales y lupulados. 9,5% alc\/vol.<\/p>\n<p>Westmalle Trappist Dubbel<\/p>\n<p>Aunque la primera cerveza tostada de Westmalle se produjo en 1856, Westmalle Dubbel est\u00e1 basada en una receta de 1926. Esta cerveza trapense de estilo Dubbel es sometida a una segunda fermentaci\u00f3n en botella que tiene lugar en la bodega de la abad\u00eda durante tres semanas. El resultado es una cerveza de color oscuro, con un aroma complejo, muy frutal, a caramelo, chocolate y levadura. Su sabor es complejo y agradable a malta tostada, chocolate y frutos secos. 7% alc\/vol.<\/p>\n<p>Abad\u00eda de Westmalle<\/p>\n<p>La abad\u00eda de Westmalle fue fundada en 1794 aunque fue el 1836 cuando fue elevada al rango de abad\u00eda. En este mismo a\u00f1o se empez\u00f3 a elaborar cerveza, ya que el suelo de la abad\u00eda ya no permit\u00eda el cultivo de uvas para elaborar vino. En 1856 se produjo la primera cerveza tostada, considerada la primera dubbel de la historia. En 1934 se cre\u00f3 una pale ale fuerte de 9,5% que se denomin\u00f3 tripel y es la actual Westmalle Tripel. Recientemente, se lanz\u00f3 al mercado por primera vez Westmale Trappist Extra, la cerveza de refectorio o \u201cpatersbier\u201d que originalmente estaba destinada para consumo propio de los monjes de la abad\u00eda durante sus almuerzos.<\/p>\n","protected":false},"excerpt":{"rendered":"<p>Pack Westmalle 2 Cervezas 2 Vasos en estuche de madera Este pack contiene dos botellas de aut\u00e9ntica cerveza belga trapense Westmalle de 75 cl y dos copas originales que potencia todo el aroma y sabor de ambas cervezas. El pack viene presentado en una elegante caja de madera lo que lo convierte en un regalo &hellip;<\/p>\n<p class=\"read-more\"> <a class=\"\" href=\"https:\/\/encinardeljamon.com\/es\/product\/westmalle-75-cl-2-cervezas-y-2-copas\/\"> <span class=\"screen-reader-text\">Westmalle 75 cl 2 cervezas y 2 Copas<\/span> Leer m\u00e1s &raquo;<\/a><\/p>\n","protected":false},"featured_media":2696,"comment_status":"closed","ping_status":"closed","template":"","meta":{"site-sidebar-layout":"default","site-content-layout":"","ast-site-content-layout":"default","site-content-style":"default","site-sidebar-style":"default","ast-global-header-display":"","ast-banner-title-visibility":"","ast-main-header-display":"","ast-hfb-above-header-display":"","ast-hfb-below-header-display":"","ast-hfb-mobile-header-display":"","site-post-title":"","ast-breadcrumbs-content":"","ast-featured-img":"","footer-sml-layout":"","theme-transparent-header-meta":"default","adv-header-id-meta":"","stick-header-meta":"","header-above-stick-meta":"","header-main-stick-meta":"","header-below-stick-meta":"","astra-migrate-meta-layouts":"set","_joinchat":[]},"product_brand":[],"product_cat":[27,29],"product_tag":[],"yst_prominent_words":[],"class_list":{"0":"post-2695","1":"product","2":"type-product","3":"status-publish","4":"has-post-thumbnail","6":"product_cat-licores-vinos-y-cervezas","7":"product_cat-eventos-especiales","8":"desktop-align-left","9":"tablet-align-left","10":"mobile-align-left","12":"first","13":"instock","14":"taxable","15":"shipping-taxable","16":"purchasable","17":"product-type-simple"},"_links":{"self":[{"href":"https:\/\/encinardeljamon.com\/es\/wp-json\/wp\/v2\/product\/2695","targetHints":{"allow":["GET"]}}],"collection":[{"href":"https:\/\/encinardeljamon.com\/es\/wp-json\/wp\/v2\/product"}],"about":[{"href":"https:\/\/encinardeljamon.com\/es\/wp-json\/wp\/v2\/types\/product"}],"replies":[{"embeddable":true,"href":"https:\/\/encinardeljamon.com\/es\/wp-json\/wp\/v2\/comments?post=2695"}],"wp:featuredmedia":[{"embeddable":true,"href":"https:\/\/encinardeljamon.com\/es\/wp-json\/wp\/v2\/media\/2696"}],"wp:attachment":[{"href":"https:\/\/encinardeljamon.com\/es\/wp-json\/wp\/v2\/media?parent=2695"}],"wp:term":[{"taxonomy":"product_brand","embeddable":true,"href":"https:\/\/encinardeljamon.com\/es\/wp-json\/wp\/v2\/product_brand?post=2695"},{"taxonomy":"product_cat","embeddable":true,"href":"https:\/\/encinardeljamon.com\/es\/wp-json\/wp\/v2\/product_cat?post=2695"},{"taxonomy":"product_tag","embeddable":true,"href":"https:\/\/encinardeljamon.com\/es\/wp-json\/wp\/v2\/product_tag?post=2695"},{"taxonomy":"yst_prominent_words","embeddable":true,"href":"https:\/\/encinardeljamon.com\/es\/wp-json\/wp\/v2\/yst_prominent_words?post=2695"}],"curies":[{"name":"wp","href":"https:\/\/api.w.org\/{rel}","templated":true}]}}