{"id":2692,"date":"2022-10-16T20:59:23","date_gmt":"2022-10-16T20:59:23","guid":{"rendered":"https:\/\/encinardeljamon.com\/?post_type=product&#038;p=2692"},"modified":"2024-04-04T21:39:13","modified_gmt":"2024-04-04T21:39:13","slug":"chouffe-coffee-2-vasos","status":"publish","type":"product","link":"https:\/\/encinardeljamon.com\/es\/product\/chouffe-coffee-2-vasos\/","title":{"rendered":"Chouffe Coffee + 2 Vasos"},"content":{"rendered":"<p>Pack Chouffe Coffee<\/p>\n<p>Estuche que contiene una botella de licor Chouffe Coffee de 70 cl y dos vasos originales. Chouffe Coffee es un licor de caf\u00e9 elaborado con una base de aguardiente de cerveza Espirit d\u2019Achouffe \u2013obtenido a partir de la destilaci\u00f3n de cerveza Chouffee-, alcohol de grano y extracto natural de caf\u00e9. El resultado es un delicioso licor con sabor a caf\u00e9 que se puede tomar fr\u00edo o caliente, y al que se le puede a\u00f1adir nata. Lo elabora la cervecer\u00eda belga Brasserie d\u2019Achouffe en colaboraci\u00f3n con la destiler\u00eda Rubbens.<\/p>\n<p>Brasserie d\u2019Achouffe \/ Rubbens<\/p>\n<p>Rubbens es una destiler\u00eda fundada en 1817 en la ciudad de Zele, en Flandes Oriental. Inicialmente, era una empresa agr\u00edcola que pronto empez\u00f3 a dedicar parte de sus recursos a la destilaci\u00f3n de ginebra con grano y malta. En 1872, Charles Rubbens invirti\u00f3 en la expansi\u00f3n de las instalaciones y dedic\u00f3 a\u00fan m\u00e1s recursos a la elaboraci\u00f3n de destilados. En 2008, la familia Rubbens vendi\u00f3 la destiler\u00eda a Dirk Beck, un agricultor en Sint-Gillis-Waas, quien traslad\u00f3 la destiler\u00eda a Wichele.<\/p>\n<p>Brasserie d\u2019Achouffe es una cervecer\u00eda belga fundada a finales de los a\u00f1os 80 por Pierre Gobron y Chris Bauweraerts con un presupuesto de tan solo 5000 euros. Poco a poco sus cervezas comenzaron a adquirir un gran prestigio y tuvieron que aumentar la producci\u00f3n. Hoy en d\u00eda, sus cervezas del gnomo del gorro rojo son conocidas en el mundo entero. Aunque Brasserie d\u2019Achouffe pertenece al grupo cervecero belga Duvel Moortgat sus cervezas se siguen elaborando en las instalaciones originales en las \u00c1rdenas belgas.<\/p>\n<p>Notas de cata<\/p>\n<p>Color cobre, aroma a cacao y chocolate con notas a vainilla y frutos secos. Al paladar es dulce con un toque a chocolate y un regusto amargo. Graduaci\u00f3n: 20 grados de alcohol.<\/p>\n","protected":false},"excerpt":{"rendered":"<p>Pack Chouffe Coffee Estuche que contiene una botella de licor Chouffe Coffee de 70 cl y dos vasos originales. Chouffe Coffee es un licor de caf\u00e9 elaborado con una base de aguardiente de cerveza Espirit d\u2019Achouffe \u2013obtenido a partir de la destilaci\u00f3n de cerveza Chouffee-, alcohol de grano y extracto natural de caf\u00e9. El resultado &hellip;<\/p>\n<p class=\"read-more\"> <a class=\"\" href=\"https:\/\/encinardeljamon.com\/es\/product\/chouffe-coffee-2-vasos\/\"> <span class=\"screen-reader-text\">Chouffe Coffee + 2 Vasos<\/span> Leer m\u00e1s &raquo;<\/a><\/p>\n","protected":false},"featured_media":2693,"comment_status":"closed","ping_status":"closed","template":"","meta":{"site-sidebar-layout":"default","site-content-layout":"","ast-site-content-layout":"default","site-content-style":"default","site-sidebar-style":"default","ast-global-header-display":"","ast-banner-title-visibility":"","ast-main-header-display":"","ast-hfb-above-header-display":"","ast-hfb-below-header-display":"","ast-hfb-mobile-header-display":"","site-post-title":"","ast-breadcrumbs-content":"","ast-featured-img":"","footer-sml-layout":"","theme-transparent-header-meta":"default","adv-header-id-meta":"","stick-header-meta":"","header-above-stick-meta":"","header-main-stick-meta":"","header-below-stick-meta":"","astra-migrate-meta-layouts":"set","_joinchat":[]},"product_brand":[],"product_cat":[27,29],"product_tag":[],"yst_prominent_words":[],"class_list":{"0":"post-2692","1":"product","2":"type-product","3":"status-publish","4":"has-post-thumbnail","6":"product_cat-licores-vinos-y-cervezas","7":"product_cat-eventos-especiales","8":"desktop-align-left","9":"tablet-align-left","10":"mobile-align-left","12":"first","13":"instock","14":"taxable","15":"shipping-taxable","16":"purchasable","17":"product-type-simple"},"_links":{"self":[{"href":"https:\/\/encinardeljamon.com\/es\/wp-json\/wp\/v2\/product\/2692","targetHints":{"allow":["GET"]}}],"collection":[{"href":"https:\/\/encinardeljamon.com\/es\/wp-json\/wp\/v2\/product"}],"about":[{"href":"https:\/\/encinardeljamon.com\/es\/wp-json\/wp\/v2\/types\/product"}],"replies":[{"embeddable":true,"href":"https:\/\/encinardeljamon.com\/es\/wp-json\/wp\/v2\/comments?post=2692"}],"wp:featuredmedia":[{"embeddable":true,"href":"https:\/\/encinardeljamon.com\/es\/wp-json\/wp\/v2\/media\/2693"}],"wp:attachment":[{"href":"https:\/\/encinardeljamon.com\/es\/wp-json\/wp\/v2\/media?parent=2692"}],"wp:term":[{"taxonomy":"product_brand","embeddable":true,"href":"https:\/\/encinardeljamon.com\/es\/wp-json\/wp\/v2\/product_brand?post=2692"},{"taxonomy":"product_cat","embeddable":true,"href":"https:\/\/encinardeljamon.com\/es\/wp-json\/wp\/v2\/product_cat?post=2692"},{"taxonomy":"product_tag","embeddable":true,"href":"https:\/\/encinardeljamon.com\/es\/wp-json\/wp\/v2\/product_tag?post=2692"},{"taxonomy":"yst_prominent_words","embeddable":true,"href":"https:\/\/encinardeljamon.com\/es\/wp-json\/wp\/v2\/yst_prominent_words?post=2692"}],"curies":[{"name":"wp","href":"https:\/\/api.w.org\/{rel}","templated":true}]}}