{"id":2686,"date":"2022-10-16T20:48:27","date_gmt":"2022-10-16T20:48:27","guid":{"rendered":"https:\/\/encinardeljamon.com\/?post_type=product&#038;p=2686"},"modified":"2024-04-04T21:39:40","modified_gmt":"2024-04-04T21:39:40","slug":"karmeliet-1-cerveza-2-vasos","status":"publish","type":"product","link":"https:\/\/encinardeljamon.com\/es\/product\/karmeliet-1-cerveza-2-vasos\/","title":{"rendered":"Karmeliet 1 cerveza 2 vasos"},"content":{"rendered":"<p>Pack Cerveza Belga Tripel Karmeliet 1 cerveza 2 vasos<\/p>\n<p>Este estuche de madera contiene una botella de cerveza Tripel Karmeliet de 75 cl y dos copas originales de 20 cl dise\u00f1adas especialmente para degustar la cerveza.<\/p>\n<p>Tripel Karmeliet es una cerveza rubia belga de estilo Belgian Tripel elaborada con tres tipos diferentes de cereales: trigo, avena y cebada. La idea de elaborar una cerveza que combinase tres cereales surge a finales de los 90, a ra\u00edz del \u00e9xito del que gozaban los panes multicereales en la \u00e9poca. Su receta est\u00e1 inspirada en una del 1680 con origen en un convento de Carmelitas en Dendermode.<\/p>\n<p>Esta cerveza posee un color dorado con espuma cremosa y abundante y muestra aromas a caramelo tostado, malta y flores. Al paladar es suave y muy equilibrada, con un toque a trigo y malta. Final amargo. 8,4% alcohol.<br \/>\nBrouwerij Bosteels<\/p>\n<p>Brouwerij Bosteels fue fundada en 1791 por Jean-Baptist Bosteels y en la actualidad sigue siendo una empresa familiar. La historia de la familia Bosteels ha estado ligada a la pol\u00edtica, ya que tres Bosteels has ocupado el cargo de alcalde. En el 1930, Antoine Bosteels, perteneciente a la quinta generaci\u00f3n, empez\u00f3 a exportar su cerveza a Gante, Amberes y Bruselas. A\u00f1os m\u00e1s tarde, su hijo Ivo resucit\u00f3 la ic\u00f3nica cerveza Kwak. En los a\u00f1os 90, el hijo de Ivo, Antoine se dedic\u00f3 de lleno a la elaboraci\u00f3n de cervezas rubias fuertes, lo que result\u00f3 en la creaci\u00f3n de Tripel Karmeliet.<\/p>\n","protected":false},"excerpt":{"rendered":"<p>Pack Cerveza Belga Tripel Karmeliet 1 cerveza 2 vasos Este estuche de madera contiene una botella de cerveza Tripel Karmeliet de 75 cl y dos copas originales de 20 cl dise\u00f1adas especialmente para degustar la cerveza. Tripel Karmeliet es una cerveza rubia belga de estilo Belgian Tripel elaborada con tres tipos diferentes de cereales: trigo, &hellip;<\/p>\n<p class=\"read-more\"> <a class=\"\" href=\"https:\/\/encinardeljamon.com\/es\/product\/karmeliet-1-cerveza-2-vasos\/\"> <span class=\"screen-reader-text\">Karmeliet 1 cerveza 2 vasos<\/span> Leer m\u00e1s &raquo;<\/a><\/p>\n","protected":false},"featured_media":2687,"comment_status":"closed","ping_status":"closed","template":"","meta":{"site-sidebar-layout":"default","site-content-layout":"","ast-site-content-layout":"default","site-content-style":"default","site-sidebar-style":"default","ast-global-header-display":"","ast-banner-title-visibility":"","ast-main-header-display":"","ast-hfb-above-header-display":"","ast-hfb-below-header-display":"","ast-hfb-mobile-header-display":"","site-post-title":"","ast-breadcrumbs-content":"","ast-featured-img":"","footer-sml-layout":"","theme-transparent-header-meta":"default","adv-header-id-meta":"","stick-header-meta":"","header-above-stick-meta":"","header-main-stick-meta":"","header-below-stick-meta":"","astra-migrate-meta-layouts":"set","_joinchat":[]},"product_brand":[],"product_cat":[27,29],"product_tag":[],"yst_prominent_words":[],"class_list":{"0":"post-2686","1":"product","2":"type-product","3":"status-publish","4":"has-post-thumbnail","6":"product_cat-licores-vinos-y-cervezas","7":"product_cat-eventos-especiales","8":"desktop-align-left","9":"tablet-align-left","10":"mobile-align-left","12":"first","13":"instock","14":"taxable","15":"shipping-taxable","16":"purchasable","17":"product-type-simple"},"_links":{"self":[{"href":"https:\/\/encinardeljamon.com\/es\/wp-json\/wp\/v2\/product\/2686","targetHints":{"allow":["GET"]}}],"collection":[{"href":"https:\/\/encinardeljamon.com\/es\/wp-json\/wp\/v2\/product"}],"about":[{"href":"https:\/\/encinardeljamon.com\/es\/wp-json\/wp\/v2\/types\/product"}],"replies":[{"embeddable":true,"href":"https:\/\/encinardeljamon.com\/es\/wp-json\/wp\/v2\/comments?post=2686"}],"wp:featuredmedia":[{"embeddable":true,"href":"https:\/\/encinardeljamon.com\/es\/wp-json\/wp\/v2\/media\/2687"}],"wp:attachment":[{"href":"https:\/\/encinardeljamon.com\/es\/wp-json\/wp\/v2\/media?parent=2686"}],"wp:term":[{"taxonomy":"product_brand","embeddable":true,"href":"https:\/\/encinardeljamon.com\/es\/wp-json\/wp\/v2\/product_brand?post=2686"},{"taxonomy":"product_cat","embeddable":true,"href":"https:\/\/encinardeljamon.com\/es\/wp-json\/wp\/v2\/product_cat?post=2686"},{"taxonomy":"product_tag","embeddable":true,"href":"https:\/\/encinardeljamon.com\/es\/wp-json\/wp\/v2\/product_tag?post=2686"},{"taxonomy":"yst_prominent_words","embeddable":true,"href":"https:\/\/encinardeljamon.com\/es\/wp-json\/wp\/v2\/yst_prominent_words?post=2686"}],"curies":[{"name":"wp","href":"https:\/\/api.w.org\/{rel}","templated":true}]}}