{"id":2682,"date":"2022-10-16T20:41:13","date_gmt":"2022-10-16T20:41:13","guid":{"rendered":"https:\/\/encinardeljamon.com\/?post_type=product&#038;p=2682"},"modified":"2024-03-24T17:50:03","modified_gmt":"2024-03-24T17:50:03","slug":"delirium-tremens-2-cervezas-1-vaso","status":"publish","type":"product","link":"https:\/\/encinardeljamon.com\/es\/product\/delirium-tremens-2-cervezas-1-vaso\/","title":{"rendered":"Delirium Tremens 2 Cervezas 1 Vaso"},"content":{"rendered":"<p>Pack 2 Delirium Tremens de 75 cl y un vaso<\/p>\n<p>Estuche de Delirium Tremens que contiene dos botella de cerveza Delirium Tremens de 75 cl y una copa original especialmente dise\u00f1ada para degustar esta cerveza.<\/p>\n<p>Delirium Tremens es una conocida cerveza belga de estilo Belgian Strong Ale elaborada mediante la mezcla de tres tipos diferentes de levaduras. Posee un color amarillo p\u00e1lido con reflejos dorados y espuma fina y persistente. Su aroma tiene notas a malta y es especiado. Al paladar es una cerveza c\u00e1lida y robusta con un fondo frutal y bals\u00e1mico. Final largo, seco y amargo. 8,5% alc\/vol.<\/p>\n<p>Brouwerij Huyghe fue fundada en 1906, cuando Le\u00f3n Huyghe compr\u00f3 una f\u00e1brica de cerveza en la ciudad de Melle. En 1936 se construy\u00f3 un nuevo complejo cervecero y en 1938 la cervecer\u00eda cambi\u00f3 su nombre por PVBA Leon Huyghe. El buque insignia de Huyghe, Delirium Tremens, fue lanzada al mercado por primera vez el 26 de diciembre de 1988. Esta cerveza es muy conocida por su caracter\u00edstica botella que imita la cer\u00e1mica y el elefante rosa de su logo. Adem\u00e1s, ha recibido numerosos premios a lo largo de los a\u00f1os en prestigiosos festivales y concursos de cerveza.<\/p>\n","protected":false},"excerpt":{"rendered":"<p>Pack 2 Delirium Tremens de 75 cl y un vaso Estuche de Delirium Tremens que contiene dos botella de cerveza Delirium Tremens de 75 cl y una copa original especialmente dise\u00f1ada para degustar esta cerveza. Delirium Tremens es una conocida cerveza belga de estilo Belgian Strong Ale elaborada mediante la mezcla de tres tipos diferentes &hellip;<\/p>\n<p class=\"read-more\"> <a class=\"\" href=\"https:\/\/encinardeljamon.com\/es\/product\/delirium-tremens-2-cervezas-1-vaso\/\"> <span class=\"screen-reader-text\">Delirium Tremens 2 Cervezas 1 Vaso<\/span> Leer m\u00e1s &raquo;<\/a><\/p>\n","protected":false},"featured_media":2683,"comment_status":"closed","ping_status":"closed","template":"","meta":{"site-sidebar-layout":"default","site-content-layout":"default","ast-site-content-layout":"default","site-content-style":"default","site-sidebar-style":"default","ast-global-header-display":"","ast-banner-title-visibility":"","ast-main-header-display":"","ast-hfb-above-header-display":"","ast-hfb-below-header-display":"","ast-hfb-mobile-header-display":"","site-post-title":"","ast-breadcrumbs-content":"","ast-featured-img":"","footer-sml-layout":"","theme-transparent-header-meta":"default","adv-header-id-meta":"","stick-header-meta":"","header-above-stick-meta":"","header-main-stick-meta":"","header-below-stick-meta":"","astra-migrate-meta-layouts":"set","_joinchat":[]},"product_brand":[],"product_cat":[27,29],"product_tag":[],"yst_prominent_words":[],"class_list":{"0":"post-2682","1":"product","2":"type-product","3":"status-publish","4":"has-post-thumbnail","6":"product_cat-licores-vinos-y-cervezas","7":"product_cat-eventos-especiales","8":"desktop-align-left","9":"tablet-align-left","10":"mobile-align-left","12":"first","13":"instock","14":"taxable","15":"shipping-taxable","16":"purchasable","17":"product-type-simple"},"_links":{"self":[{"href":"https:\/\/encinardeljamon.com\/es\/wp-json\/wp\/v2\/product\/2682","targetHints":{"allow":["GET"]}}],"collection":[{"href":"https:\/\/encinardeljamon.com\/es\/wp-json\/wp\/v2\/product"}],"about":[{"href":"https:\/\/encinardeljamon.com\/es\/wp-json\/wp\/v2\/types\/product"}],"replies":[{"embeddable":true,"href":"https:\/\/encinardeljamon.com\/es\/wp-json\/wp\/v2\/comments?post=2682"}],"wp:featuredmedia":[{"embeddable":true,"href":"https:\/\/encinardeljamon.com\/es\/wp-json\/wp\/v2\/media\/2683"}],"wp:attachment":[{"href":"https:\/\/encinardeljamon.com\/es\/wp-json\/wp\/v2\/media?parent=2682"}],"wp:term":[{"taxonomy":"product_brand","embeddable":true,"href":"https:\/\/encinardeljamon.com\/es\/wp-json\/wp\/v2\/product_brand?post=2682"},{"taxonomy":"product_cat","embeddable":true,"href":"https:\/\/encinardeljamon.com\/es\/wp-json\/wp\/v2\/product_cat?post=2682"},{"taxonomy":"product_tag","embeddable":true,"href":"https:\/\/encinardeljamon.com\/es\/wp-json\/wp\/v2\/product_tag?post=2682"},{"taxonomy":"yst_prominent_words","embeddable":true,"href":"https:\/\/encinardeljamon.com\/es\/wp-json\/wp\/v2\/yst_prominent_words?post=2682"}],"curies":[{"name":"wp","href":"https:\/\/api.w.org\/{rel}","templated":true}]}}