{"id":2680,"date":"2022-10-16T20:36:32","date_gmt":"2022-10-16T20:36:32","guid":{"rendered":"https:\/\/encinardeljamon.com\/?post_type=product&#038;p=2680"},"modified":"2024-03-24T17:54:10","modified_gmt":"2024-03-24T17:54:10","slug":"chouffe-4-cervezas-1-vaso-no-pack","status":"publish","type":"product","link":"https:\/\/encinardeljamon.com\/es\/product\/chouffe-4-cervezas-1-vaso-no-pack\/","title":{"rendered":"Chouffe 4 Cervezas 1 Vaso (NO PACK)"},"content":{"rendered":"<blockquote><p>La Chouffe\u00a0 4 Cervezas 1 Vaso<\/p>\n<p><span style=\"font-size: 16px;\">contiene 4 botellas La Chouffe Blonde de 33 cl y una copa original. Tanto las botellas como la copa muestran un dise\u00f1o exclusivo que celebra\u00a0 de la cerveza del gnomo del gorro rojo. En este dise\u00f1o tematizado el gnomo Marcel cambia su habitual monociclo por un tambor, que toca para unirse a las celebraciones.<\/span><\/p><\/blockquote>\n<p>El cart\u00f3n de la caja est\u00e1 decorado con los momentos importantes de la historia de Brasserie d\u2019Achouffe. Es un regalo de cerveza ideal para cualquier amante de la cerveza belga. Adem\u00e1s de este pack de regalo cervecero, Brasserie d\u2019Achouffe tambi\u00e9n ha lanzado al mercado Chouffe 40, una cerveza tem\u00e1tica, especial para celebrar el aniversario de la cervecer\u00eda belga.<\/p>\n<p>La Chouffe Blonde<\/p>\n<p>La Chouffe Blonde es una Belgian Strong Ale de color dorado, elaborada mediante alta fermentaci\u00f3n y con segunda fermentaci\u00f3n en botella. No est\u00e1 filtrada, por lo que presenta un aspecto turbio caracter\u00edstico. Esta cerveza belga posee un perfil fuerte, aroma frutal con notas a cilantro y un sabor caracter\u00edstico, ligeramente afrutado y especiado y con un toque a l\u00fapulo. Graduaci\u00f3n: 8 grados de alcohol.<\/p>\n<p>Brasserie d\u2019Achouffe<\/p>\n<p>La cervecer\u00eda belga Brasserie d\u2019Achouffe est\u00e1 situada en plena regi\u00f3n de las \u00c1rdenas belgas. Fue fundada por Pierre Gobron y su cu\u00f1ado Chris Bauweraerts, quienes comenzaron elaborando cerveza como hobby en los a\u00f1os 70. Con un presupuesto de menos de 5000 euros, en el a\u00f1o 1982 lanzaron su primera cerveza: La Chouffe.<\/p>\n<p>Esta cerveza obtuvo un enorme \u00e9xito y poco a poco las cervezas Chouffe ocuparon un lugar cada vez m\u00e1s prominente en la escena de la cerveza artesana belga. El grupo cervecero Duvel Moortgat adquiri\u00f3 Brasserie d\u2019Achouffe a finales del 2006 y en la actualidad sus cervezas se encuentran presentes en m\u00e1s de 40 pa\u00edses.<\/p>\n","protected":false},"excerpt":{"rendered":"<p>La Chouffe\u00a0 4 Cervezas 1 Vaso contiene 4 botellas La Chouffe Blonde de 33 cl y una copa original. Tanto las botellas como la copa muestran un dise\u00f1o exclusivo que celebra\u00a0 de la cerveza del gnomo del gorro rojo. En este dise\u00f1o tematizado el gnomo Marcel cambia su habitual monociclo por un tambor, que toca &hellip;<\/p>\n<p class=\"read-more\"> <a class=\"\" href=\"https:\/\/encinardeljamon.com\/es\/product\/chouffe-4-cervezas-1-vaso-no-pack\/\"> <span class=\"screen-reader-text\">Chouffe 4 Cervezas 1 Vaso (NO PACK)<\/span> Leer m\u00e1s &raquo;<\/a><\/p>\n","protected":false},"featured_media":2681,"comment_status":"closed","ping_status":"closed","template":"","meta":{"site-sidebar-layout":"default","site-content-layout":"default","ast-site-content-layout":"default","site-content-style":"default","site-sidebar-style":"default","ast-global-header-display":"","ast-banner-title-visibility":"","ast-main-header-display":"","ast-hfb-above-header-display":"","ast-hfb-below-header-display":"","ast-hfb-mobile-header-display":"","site-post-title":"","ast-breadcrumbs-content":"","ast-featured-img":"","footer-sml-layout":"","theme-transparent-header-meta":"default","adv-header-id-meta":"","stick-header-meta":"","header-above-stick-meta":"","header-main-stick-meta":"","header-below-stick-meta":"","astra-migrate-meta-layouts":"set","_joinchat":[]},"product_brand":[],"product_cat":[27,29],"product_tag":[],"yst_prominent_words":[],"class_list":{"0":"post-2680","1":"product","2":"type-product","3":"status-publish","4":"has-post-thumbnail","6":"product_cat-licores-vinos-y-cervezas","7":"product_cat-eventos-especiales","8":"desktop-align-left","9":"tablet-align-left","10":"mobile-align-left","12":"first","13":"instock","14":"taxable","15":"shipping-taxable","16":"purchasable","17":"product-type-simple"},"_links":{"self":[{"href":"https:\/\/encinardeljamon.com\/es\/wp-json\/wp\/v2\/product\/2680","targetHints":{"allow":["GET"]}}],"collection":[{"href":"https:\/\/encinardeljamon.com\/es\/wp-json\/wp\/v2\/product"}],"about":[{"href":"https:\/\/encinardeljamon.com\/es\/wp-json\/wp\/v2\/types\/product"}],"replies":[{"embeddable":true,"href":"https:\/\/encinardeljamon.com\/es\/wp-json\/wp\/v2\/comments?post=2680"}],"wp:featuredmedia":[{"embeddable":true,"href":"https:\/\/encinardeljamon.com\/es\/wp-json\/wp\/v2\/media\/2681"}],"wp:attachment":[{"href":"https:\/\/encinardeljamon.com\/es\/wp-json\/wp\/v2\/media?parent=2680"}],"wp:term":[{"taxonomy":"product_brand","embeddable":true,"href":"https:\/\/encinardeljamon.com\/es\/wp-json\/wp\/v2\/product_brand?post=2680"},{"taxonomy":"product_cat","embeddable":true,"href":"https:\/\/encinardeljamon.com\/es\/wp-json\/wp\/v2\/product_cat?post=2680"},{"taxonomy":"product_tag","embeddable":true,"href":"https:\/\/encinardeljamon.com\/es\/wp-json\/wp\/v2\/product_tag?post=2680"},{"taxonomy":"yst_prominent_words","embeddable":true,"href":"https:\/\/encinardeljamon.com\/es\/wp-json\/wp\/v2\/yst_prominent_words?post=2680"}],"curies":[{"name":"wp","href":"https:\/\/api.w.org\/{rel}","templated":true}]}}