{"id":1634,"date":"2022-08-08T11:24:59","date_gmt":"2022-08-08T11:24:59","guid":{"rendered":"https:\/\/encinardeljamon.com\/?post_type=product&#038;p=1634"},"modified":"2025-11-07T23:13:31","modified_gmt":"2025-11-07T23:13:31","slug":"jamon-alpujarra-duroc-24-meses-curacion-natural-8-8-5-kg-aprox","status":"publish","type":"product","link":"https:\/\/encinardeljamon.com\/es\/product\/jamon-alpujarra-duroc-24-meses-curacion-natural-8-8-5-kg-aprox\/","title":{"rendered":"Jam\u00f3n Alpujarra Duroc + 24 meses Curaci\u00f3n Natural (8-8.5 kg. aprox)"},"content":{"rendered":"<p>Jam\u00f3n en pata Alpujarra Duroc con m\u00e1s de 24 meses de Curaci\u00f3n al Natural a 1250 metros de altura en el parque Natural de Sierra Nevada.<br \/>\nSin aditivos ni conservantes, contenido reducido de sal, sin gluten ni lactosa.<br \/>\nCertificado por la marca garant\u00eda de la Alpujarra.<br \/>\nIngredientes: Jam\u00f3n y sal marina. Origen Espa\u00f1ol<\/p>\n","protected":false},"excerpt":{"rendered":"<p>Jam\u00f3n en pata Alpujarra Duroc con m\u00e1s de 24 meses de Curaci\u00f3n al Natural a 1250 metros de altura en el parque Natural de Sierra Nevada. Sin aditivos ni conservantes, contenido reducido de sal, sin gluten ni lactosa. Certificado por la marca garant\u00eda de la Alpujarra. Ingredientes: Jam\u00f3n y sal marina. Origen Espa\u00f1ol<\/p>\n","protected":false},"featured_media":1637,"comment_status":"closed","ping_status":"closed","template":"","meta":{"site-sidebar-layout":"default","site-content-layout":"default","ast-site-content-layout":"default","site-content-style":"default","site-sidebar-style":"default","ast-global-header-display":"","ast-banner-title-visibility":"","ast-main-header-display":"","ast-hfb-above-header-display":"","ast-hfb-below-header-display":"","ast-hfb-mobile-header-display":"","site-post-title":"","ast-breadcrumbs-content":"","ast-featured-img":"","footer-sml-layout":"","theme-transparent-header-meta":"default","adv-header-id-meta":"","stick-header-meta":"","header-above-stick-meta":"","header-main-stick-meta":"","header-below-stick-meta":"","astra-migrate-meta-layouts":"set","_joinchat":[]},"product_brand":[],"product_cat":[17],"product_tag":[],"yst_prominent_words":[],"class_list":{"0":"post-1634","1":"product","2":"type-product","3":"status-publish","4":"has-post-thumbnail","6":"product_cat-jamones-y-paletas","7":"desktop-align-left","8":"tablet-align-left","9":"mobile-align-left","11":"first","12":"instock","13":"taxable","14":"shipping-taxable","15":"purchasable","16":"product-type-variable"},"_links":{"self":[{"href":"https:\/\/encinardeljamon.com\/es\/wp-json\/wp\/v2\/product\/1634","targetHints":{"allow":["GET"]}}],"collection":[{"href":"https:\/\/encinardeljamon.com\/es\/wp-json\/wp\/v2\/product"}],"about":[{"href":"https:\/\/encinardeljamon.com\/es\/wp-json\/wp\/v2\/types\/product"}],"replies":[{"embeddable":true,"href":"https:\/\/encinardeljamon.com\/es\/wp-json\/wp\/v2\/comments?post=1634"}],"wp:featuredmedia":[{"embeddable":true,"href":"https:\/\/encinardeljamon.com\/es\/wp-json\/wp\/v2\/media\/1637"}],"wp:attachment":[{"href":"https:\/\/encinardeljamon.com\/es\/wp-json\/wp\/v2\/media?parent=1634"}],"wp:term":[{"taxonomy":"product_brand","embeddable":true,"href":"https:\/\/encinardeljamon.com\/es\/wp-json\/wp\/v2\/product_brand?post=1634"},{"taxonomy":"product_cat","embeddable":true,"href":"https:\/\/encinardeljamon.com\/es\/wp-json\/wp\/v2\/product_cat?post=1634"},{"taxonomy":"product_tag","embeddable":true,"href":"https:\/\/encinardeljamon.com\/es\/wp-json\/wp\/v2\/product_tag?post=1634"},{"taxonomy":"yst_prominent_words","embeddable":true,"href":"https:\/\/encinardeljamon.com\/es\/wp-json\/wp\/v2\/yst_prominent_words?post=1634"}],"curies":[{"name":"wp","href":"https:\/\/api.w.org\/{rel}","templated":true}]}}