{"id":1485,"date":"2022-08-01T15:04:34","date_gmt":"2022-08-01T15:04:34","guid":{"rendered":"https:\/\/encinardeljamon.com\/?post_type=product&#038;p=1485"},"modified":"2024-11-15T22:16:08","modified_gmt":"2024-11-15T22:16:08","slug":"celeste-roble-2023","status":"publish","type":"product","link":"https:\/\/encinardeljamon.com\/es\/product\/celeste-roble-2023\/","title":{"rendered":"Celeste Roble 2023"},"content":{"rendered":"<p><strong>VALORACI\u00d3N DE NUESTRO SUMILLER<\/strong><\/p>\n<p>El vino de las bodegas de Miguel Torres en Ribera de Duero. Una apuesta fuerte de Torres por hacerse un hueco en esta denominaci\u00f3n de origen. Con este roble han conseguido situarse en la misma l\u00ednea de los cl\u00e1sicos robles de Ribera del Duero. Un vino equilibrado con un buen trabajo en sus meses de barrica.<\/p>\n<table border=\"1\">\n<tbody>\n<tr>\n<td style=\"width: 65%; padding: 0px; background: transparent; padding-left: 10px; font-size: .8em;\">Tipo de vino<\/td>\n<td style=\"width: 30%; padding: 0px; background: transparent; padding-left: 10px; font-size: .8em;\">Vino tinto<\/td>\n<\/tr>\n<tr>\n<td style=\"width: 65%; padding: 0px; background: transparent; padding-left: 10px; font-size: .8em;\">A\u00f1ada<\/td>\n<td style=\"width: 30%; padding: 0px; background: transparent; padding-left: 10px; font-size: .8em;\">2020<\/td>\n<\/tr>\n<tr>\n<td style=\"width: 65%; padding: 0px; background: transparent; padding-left: 10px; font-size: .8em;\">Tipo de crianza<\/td>\n<td style=\"width: 30%; padding: 0px; background: transparent; padding-left: 10px; font-size: .8em;\">Joven \/ Roble<\/td>\n<\/tr>\n<tr>\n<td style=\"width: 65%; padding: 0px; background: transparent; padding-left: 10px; font-size: .8em;\">Tiempo de Crianza<\/td>\n<td style=\"width: 30%; padding: 0px; background: transparent; padding-left: 10px; font-size: .8em;\">3 meses en barrica de roble franc\u00e9s.<\/td>\n<\/tr>\n<tr>\n<td style=\"width: 65%; padding: 0px; background: transparent; padding-left: 10px; font-size: .8em;\">Variedades<\/td>\n<td style=\"width: 30%; padding: 0px; background: transparent; padding-left: 10px; font-size: .8em;\">100% Tempranillo<\/td>\n<\/tr>\n<tr>\n<td style=\"width: 65%; padding: 0px; background: transparent; padding-left: 10px; font-size: .8em;\">Graduaci\u00f3n<\/td>\n<td style=\"width: 30%; padding: 0px; background: transparent; padding-left: 10px; font-size: .8em;\">13%<\/td>\n<\/tr>\n<tr>\n<td style=\"width: 65%; padding: 0px; background: transparent; padding-left: 10px; font-size: .8em;\">Denominaci\u00f3n de origen<\/td>\n<td style=\"width: 30%; padding: 0px; background: transparent; padding-left: 10px; font-size: .8em;\">Ribera del Duero<\/td>\n<\/tr>\n<tr>\n<td style=\"width: 65%; padding: 0px; background: transparent; padding-left: 10px; font-size: .8em;\">Pa\u00eds<\/td>\n<td style=\"width: 30%; padding: 0px; background: transparent; padding-left: 10px; font-size: .8em;\">Espa\u00f1a<\/td>\n<\/tr>\n<tr>\n<td style=\"width: 65%; padding: 0px; background: transparent; padding-left: 10px; font-size: .8em;\">Temperatura de Servicio<\/td>\n<td style=\"width: 30%; padding: 0px; background: transparent; padding-left: 10px; font-size: .8em;\">Entre 14\u00ba y 16\u00baC<\/td>\n<\/tr>\n<\/tbody>\n<\/table>\n<p><strong>NOTAS DE CATA<\/strong><\/p>\n<table border=\"1\">\n<tbody>\n<tr>\n<td style=\"width: 95%; padding: 0px; background: transparent; padding-left: 10px; font-size: .8em;\"><strong>Color cereza oscuro con ribetes malvas. Limpio y brillante.<\/strong><\/td>\n<\/tr>\n<tr>\n<td style=\"width: 95%; padding: 0px; background: transparent; padding-left: 10px; font-size: .8em;\"><strong>En nariz aromas de macedonia de frutos rojos con un ligero fondo especiado.<\/strong><\/td>\n<\/tr>\n<tr>\n<td style=\"width: 95%; padding: 0px; background: transparent; padding-left: 10px; font-size: .8em;\"><strong>En boca entrada golosa y fresca que persiste a lo largo de todo su paso en boca reflejando su cuerpo y juventud.<\/strong><\/td>\n<\/tr>\n<\/tbody>\n<\/table>\n","protected":false},"excerpt":{"rendered":"<p>VALORACI\u00d3N DE NUESTRO SUMILLER El vino de las bodegas de Miguel Torres en Ribera de Duero. Una apuesta fuerte de Torres por hacerse un hueco en esta denominaci\u00f3n de origen. Con este roble han conseguido situarse en la misma l\u00ednea de los cl\u00e1sicos robles de Ribera del Duero. Un vino equilibrado con un buen trabajo &hellip;<\/p>\n<p class=\"read-more\"> <a class=\"\" href=\"https:\/\/encinardeljamon.com\/es\/product\/celeste-roble-2023\/\"> <span class=\"screen-reader-text\">Celeste Roble 2023<\/span> Leer m\u00e1s &raquo;<\/a><\/p>\n","protected":false},"featured_media":1486,"comment_status":"closed","ping_status":"closed","template":"","meta":{"site-sidebar-layout":"default","site-content-layout":"","ast-site-content-layout":"default","site-content-style":"default","site-sidebar-style":"default","ast-global-header-display":"","ast-banner-title-visibility":"","ast-main-header-display":"","ast-hfb-above-header-display":"","ast-hfb-below-header-display":"","ast-hfb-mobile-header-display":"","site-post-title":"","ast-breadcrumbs-content":"","ast-featured-img":"","footer-sml-layout":"","theme-transparent-header-meta":"default","adv-header-id-meta":"","stick-header-meta":"","header-above-stick-meta":"","header-main-stick-meta":"","header-below-stick-meta":"","astra-migrate-meta-layouts":"set","_joinchat":[]},"product_brand":[],"product_cat":[27],"product_tag":[],"yst_prominent_words":[],"class_list":{"0":"post-1485","1":"product","2":"type-product","3":"status-publish","4":"has-post-thumbnail","6":"product_cat-licores-vinos-y-cervezas","7":"desktop-align-left","8":"tablet-align-left","9":"mobile-align-left","11":"first","12":"instock","13":"taxable","14":"shipping-taxable","15":"purchasable","16":"product-type-simple"},"_links":{"self":[{"href":"https:\/\/encinardeljamon.com\/es\/wp-json\/wp\/v2\/product\/1485","targetHints":{"allow":["GET"]}}],"collection":[{"href":"https:\/\/encinardeljamon.com\/es\/wp-json\/wp\/v2\/product"}],"about":[{"href":"https:\/\/encinardeljamon.com\/es\/wp-json\/wp\/v2\/types\/product"}],"replies":[{"embeddable":true,"href":"https:\/\/encinardeljamon.com\/es\/wp-json\/wp\/v2\/comments?post=1485"}],"wp:featuredmedia":[{"embeddable":true,"href":"https:\/\/encinardeljamon.com\/es\/wp-json\/wp\/v2\/media\/1486"}],"wp:attachment":[{"href":"https:\/\/encinardeljamon.com\/es\/wp-json\/wp\/v2\/media?parent=1485"}],"wp:term":[{"taxonomy":"product_brand","embeddable":true,"href":"https:\/\/encinardeljamon.com\/es\/wp-json\/wp\/v2\/product_brand?post=1485"},{"taxonomy":"product_cat","embeddable":true,"href":"https:\/\/encinardeljamon.com\/es\/wp-json\/wp\/v2\/product_cat?post=1485"},{"taxonomy":"product_tag","embeddable":true,"href":"https:\/\/encinardeljamon.com\/es\/wp-json\/wp\/v2\/product_tag?post=1485"},{"taxonomy":"yst_prominent_words","embeddable":true,"href":"https:\/\/encinardeljamon.com\/es\/wp-json\/wp\/v2\/yst_prominent_words?post=1485"}],"curies":[{"name":"wp","href":"https:\/\/api.w.org\/{rel}","templated":true}]}}