{"id":1471,"date":"2022-08-01T14:33:50","date_gmt":"2022-08-01T14:33:50","guid":{"rendered":"https:\/\/encinardeljamon.com\/?post_type=product&#038;p=1471"},"modified":"2026-02-14T09:58:47","modified_gmt":"2026-02-14T09:58:47","slug":"paleta-benito-cebo-50-raza-iberica4-4-5kg-aprox","status":"publish","type":"product","link":"https:\/\/encinardeljamon.com\/es\/product\/paleta-benito-cebo-50-raza-iberica4-4-5kg-aprox\/","title":{"rendered":"Paleta Benito cebo 50% RAZA IBERICA(4-4.5kg. aprox)"},"content":{"rendered":"<ol>\n<li>Jam\u00f3n y Paleta Ib\u00e9rica<\/li>\n<\/ol>\n<p>Descripci\u00f3n:\u00a0Productos elaborado con la extremidad posterior o pernil (Jam\u00f3n) o extremidad anterior (Paleta), procedentes de cerdos certificados seg\u00fan R.D. 4\/2014 como jam\u00f3n ib\u00e9rico (seg\u00fan raza y alimentaci\u00f3n), sometidos a un proceso de salaz\u00f3n, secado y madurado, con un tiempo m\u00ednimo de curaci\u00f3n seg\u00fan se indica en la tabla.<\/p>\n<p>Producto CERTIFICADO por CERTICALIDAD, S.L. de conformidad con el Real Decreto 04\/2014<br \/>\n<strong>PROPIEDADES NUTRICIONALES:<\/strong><\/p>\n<table border=\"1\">\n<tbody>\n<tr>\n<td style=\"width: 35%; padding: 0px; background: transparent; padding-left: 10px; font-size: .8em;\"><\/td>\n<td style=\"width: 25%; padding: 0px; background: transparent; padding-left: 10px; font-size: .8em;\"><\/td>\n<td style=\"width: 25%; padding: 0px; background: transparent; padding-left: 10px; font-size: .8em;\"><\/td>\n<td style=\"width: 15%; padding: 0px; background: transparent; padding-left: 10px; font-size: .8em;\"><\/td>\n<\/tr>\n<tr>\n<td style=\"width: 35%; padding: 0px; background: transparent; padding-left: 10px; font-size: .8em;\"><\/td>\n<td style=\"width: 25%; padding: 0px; background: transparent; padding-left: 10px; font-size: .8em;\">Jamones y paletas de\u00a0bellota<\/td>\n<td style=\"width: 25%; padding: 0px; background: transparent; padding-left: 10px; font-size: .8em;\">Jamones y paletas de\u00a0cebo<\/td>\n<td style=\"width: 15%; padding: 0px; background: transparent; padding-left: 10px; font-size: .8em;\"><\/td>\n<\/tr>\n<tr>\n<td style=\"width: 35%; padding: 0px; background: transparent; padding-left: 10px; font-size: .8em;\">Valor energ\u00e9tico<\/td>\n<td style=\"width: 25%; padding: 0px; background: transparent; padding-left: 10px; font-size: .8em;\">KJ:\u00a01401\u00a0Kcal:\u00a0335<\/td>\n<td style=\"width: 25%; padding: 0px; background: transparent; padding-left: 10px; font-size: .8em;\">KJ:\u00a01267\u00a0Kcal:\u00a0303<\/td>\n<td style=\"width: 15%; padding: 0px; background: transparent; padding-left: 10px; font-size: .8em;\"><\/td>\n<\/tr>\n<tr>\n<td style=\"width: 35%; padding: 0px; background: transparent; padding-left: 10px; font-size: .8em;\">Grasas<\/td>\n<td style=\"width: 25%; padding: 0px; background: transparent; padding-left: 10px; font-size: .8em;\">22,2<\/td>\n<td style=\"width: 25%; padding: 0px; background: transparent; padding-left: 10px; font-size: .8em;\">19,2<\/td>\n<td style=\"width: 15%; padding: 0px; background: transparent; padding-left: 10px; font-size: .8em;\">g\/100gr.<\/td>\n<\/tr>\n<tr>\n<td style=\"width: 35%; padding: 0px; background: transparent; padding-left: 10px; font-size: .8em;\">De las cuales \u00c1cidos grasos saturados<\/td>\n<td style=\"width: 25%; padding: 0px; background: transparent; padding-left: 10px; font-size: .8em;\">6,53<\/td>\n<td style=\"width: 25%; padding: 0px; background: transparent; padding-left: 10px; font-size: .8em;\">7,81<\/td>\n<td style=\"width: 15%; padding: 0px; background: transparent; padding-left: 10px; font-size: .8em;\">g\/100g<\/td>\n<\/tr>\n<tr>\n<td style=\"width: 35%; padding: 0px; background: transparent; padding-left: 10px; font-size: .8em;\">Hidratos de carbono<\/td>\n<td style=\"width: 25%; padding: 0px; background: transparent; padding-left: 10px; font-size: .8em;\">0,5<\/td>\n<td style=\"width: 25%; padding: 0px; background: transparent; padding-left: 10px; font-size: .8em;\">0,1<\/td>\n<td style=\"width: 15%; padding: 0px; background: transparent; padding-left: 10px; font-size: .8em;\">g\/100g<\/td>\n<\/tr>\n<tr>\n<td style=\"width: 35%; padding: 0px; background: transparent; padding-left: 10px; font-size: .8em;\">De las cuales Az\u00facares<\/td>\n<td style=\"width: 25%; padding: 0px; background: transparent; padding-left: 10px; font-size: .8em;\">0<\/td>\n<td style=\"width: 25%; padding: 0px; background: transparent; padding-left: 10px; font-size: .8em;\">0<\/td>\n<td style=\"width: 15%; padding: 0px; background: transparent; padding-left: 10px; font-size: .8em;\">g\/100gr.<\/td>\n<\/tr>\n<tr>\n<td style=\"width: 35%; padding: 0px; background: transparent; padding-left: 10px; font-size: .8em;\">De las cuales Fibra alimentaria.<\/td>\n<td style=\"width: 25%; padding: 0px; background: transparent; padding-left: 10px; font-size: .8em;\">0<\/td>\n<td style=\"width: 25%; padding: 0px; background: transparent; padding-left: 10px; font-size: .8em;\">0<\/td>\n<td style=\"width: 15%; padding: 0px; background: transparent; padding-left: 10px; font-size: .8em;\">g\/100gr.<\/td>\n<\/tr>\n<tr>\n<td style=\"width: 35%; padding: 0px; background: transparent; padding-left: 10px; font-size: .8em;\">De las cuales Prote\u00ednas<\/td>\n<td style=\"width: 25%; padding: 0px; background: transparent; padding-left: 10px; font-size: .8em;\">33,2<\/td>\n<td style=\"width: 25%; padding: 0px; background: transparent; padding-left: 10px; font-size: .8em;\">32,3<\/td>\n<td style=\"width: 15%; padding: 0px; background: transparent; padding-left: 10px; font-size: .8em;\">g\/100gr.<\/td>\n<\/tr>\n<tr>\n<td style=\"width: 35%; padding: 0px; background: transparent; padding-left: 10px; font-size: .8em;\">Sal<\/td>\n<td style=\"width: 25%; padding: 0px; background: transparent; padding-left: 10px; font-size: .8em;\">4,83<\/td>\n<td style=\"width: 25%; padding: 0px; background: transparent; padding-left: 10px; font-size: .8em;\">4,85<\/td>\n<td style=\"width: 15%; padding: 0px; background: transparent; padding-left: 10px; font-size: .8em;\">g\/100gr.<\/td>\n<\/tr>\n<\/tbody>\n<\/table>\n<p>Fuente base de datos de BEDCA<\/p>\n<p><strong>CARACTER\u00cdSTICAS ORGANOL\u00c9PTICAS<\/strong><strong>:<\/strong><\/p>\n<table border=\"1\">\n<tbody>\n<tr>\n<td style=\"width: 35%; padding: 0px; background: transparent; padding-left: 10px; font-size: .8em;\">Color<\/td>\n<td style=\"width: 65%; padding: 0px; background: transparent; padding-left: 10px; font-size: .8em;\">T\u00edpico a jam\u00f3n ib\u00e9rico curado. Con veta de grasa blanca-nacarada<\/td>\n<\/tr>\n<tr>\n<td style=\"width: 35%; padding: 0px; background: transparent; padding-left: 10px; font-size: .8em;\">Aroma<\/td>\n<td style=\"width: 65%; padding: 0px; background: transparent; padding-left: 10px; font-size: .8em;\">Agradable y caracter\u00edstico<\/td>\n<\/tr>\n<tr>\n<td style=\"width: 35%; padding: 0px; background: transparent; padding-left: 10px; font-size: .8em;\">Sabor<\/td>\n<td style=\"width: 65%; padding: 0px; background: transparent; padding-left: 10px; font-size: .8em;\">Carne curada poco salada<\/td>\n<\/tr>\n<tr>\n<td style=\"width: 35%; padding: 0px; background: transparent; padding-left: 10px; font-size: .8em;\">Textura<\/td>\n<td style=\"width: 65%; padding: 0px; background: transparent; padding-left: 10px; font-size: .8em;\">Homog\u00e9nea<\/td>\n<\/tr>\n<\/tbody>\n<\/table>\n","protected":false},"excerpt":{"rendered":"<p>Jam\u00f3n y Paleta Ib\u00e9rica Descripci\u00f3n:\u00a0Productos elaborado con la extremidad posterior o pernil (Jam\u00f3n) o extremidad anterior (Paleta), procedentes de cerdos certificados seg\u00fan R.D. 4\/2014 como jam\u00f3n ib\u00e9rico (seg\u00fan raza y alimentaci\u00f3n), sometidos a un proceso de salaz\u00f3n, secado y madurado, con un tiempo m\u00ednimo de curaci\u00f3n seg\u00fan se indica en la tabla. Producto CERTIFICADO por &hellip;<\/p>\n<p class=\"read-more\"> <a class=\"\" href=\"https:\/\/encinardeljamon.com\/es\/product\/paleta-benito-cebo-50-raza-iberica4-4-5kg-aprox\/\"> <span class=\"screen-reader-text\">Paleta Benito cebo 50% RAZA IBERICA(4-4.5kg. aprox)<\/span> Leer m\u00e1s &raquo;<\/a><\/p>\n","protected":false},"featured_media":1474,"comment_status":"closed","ping_status":"closed","template":"","meta":{"site-sidebar-layout":"default","site-content-layout":"","ast-site-content-layout":"default","site-content-style":"default","site-sidebar-style":"default","ast-global-header-display":"","ast-banner-title-visibility":"","ast-main-header-display":"","ast-hfb-above-header-display":"","ast-hfb-below-header-display":"","ast-hfb-mobile-header-display":"","site-post-title":"","ast-breadcrumbs-content":"","ast-featured-img":"","footer-sml-layout":"","theme-transparent-header-meta":"default","adv-header-id-meta":"","stick-header-meta":"","header-above-stick-meta":"","header-main-stick-meta":"","header-below-stick-meta":"","astra-migrate-meta-layouts":"set","_joinchat":[]},"product_brand":[],"product_cat":[17],"product_tag":[],"yst_prominent_words":[],"class_list":{"0":"post-1471","1":"product","2":"type-product","3":"status-publish","4":"has-post-thumbnail","6":"product_cat-jamones-y-paletas","7":"desktop-align-left","8":"tablet-align-left","9":"mobile-align-left","11":"first","12":"instock","13":"taxable","14":"shipping-taxable","15":"purchasable","16":"product-type-variable"},"_links":{"self":[{"href":"https:\/\/encinardeljamon.com\/es\/wp-json\/wp\/v2\/product\/1471","targetHints":{"allow":["GET"]}}],"collection":[{"href":"https:\/\/encinardeljamon.com\/es\/wp-json\/wp\/v2\/product"}],"about":[{"href":"https:\/\/encinardeljamon.com\/es\/wp-json\/wp\/v2\/types\/product"}],"replies":[{"embeddable":true,"href":"https:\/\/encinardeljamon.com\/es\/wp-json\/wp\/v2\/comments?post=1471"}],"wp:featuredmedia":[{"embeddable":true,"href":"https:\/\/encinardeljamon.com\/es\/wp-json\/wp\/v2\/media\/1474"}],"wp:attachment":[{"href":"https:\/\/encinardeljamon.com\/es\/wp-json\/wp\/v2\/media?parent=1471"}],"wp:term":[{"taxonomy":"product_brand","embeddable":true,"href":"https:\/\/encinardeljamon.com\/es\/wp-json\/wp\/v2\/product_brand?post=1471"},{"taxonomy":"product_cat","embeddable":true,"href":"https:\/\/encinardeljamon.com\/es\/wp-json\/wp\/v2\/product_cat?post=1471"},{"taxonomy":"product_tag","embeddable":true,"href":"https:\/\/encinardeljamon.com\/es\/wp-json\/wp\/v2\/product_tag?post=1471"},{"taxonomy":"yst_prominent_words","embeddable":true,"href":"https:\/\/encinardeljamon.com\/es\/wp-json\/wp\/v2\/yst_prominent_words?post=1471"}],"curies":[{"name":"wp","href":"https:\/\/api.w.org\/{rel}","templated":true}]}}