{"id":1369,"date":"2022-08-01T08:58:55","date_gmt":"2022-08-01T08:58:55","guid":{"rendered":"https:\/\/encinardeljamon.com\/?post_type=product&#038;p=1369"},"modified":"2026-02-14T10:04:34","modified_gmt":"2026-02-14T10:04:34","slug":"jamon-cebo-iberico-24-meses-100-natural-7-5-8-kg-aprox","status":"publish","type":"product","link":"https:\/\/encinardeljamon.com\/es\/product\/jamon-cebo-iberico-24-meses-100-natural-7-5-8-kg-aprox\/","title":{"rendered":"Jam\u00f3n Cebo Ib\u00e9rico + 24 meses 100% Natural (7.5-8 kg. aprox)"},"content":{"rendered":"<p>Jam\u00f3n en pata CEBO IB\u00c9RICO 50% RAZA IB\u00c9RICA. 100% Natural con m\u00e1s de 24 meses de curaci\u00f3n en el Parque Nacional de Sierra Nevada.<br \/>\nSin aditivos ni conservantes, contenido reducido de sal, sin gluten ni lactosa.<br \/>\nCertificado por la norma del ib\u00e9rico R.D.4\/2014<br \/>\nIngredientes: Jam\u00f3n ib\u00e9rico de cebo y sal marina.<\/p>\n","protected":false},"excerpt":{"rendered":"<p>Jam\u00f3n en pata CEBO IB\u00c9RICO 50% RAZA IB\u00c9RICA. 100% Natural con m\u00e1s de 24 meses de curaci\u00f3n en el Parque Nacional de Sierra Nevada. Sin aditivos ni conservantes, contenido reducido de sal, sin gluten ni lactosa. Certificado por la norma del ib\u00e9rico R.D.4\/2014 Ingredientes: Jam\u00f3n ib\u00e9rico de cebo y sal marina.<\/p>\n","protected":false},"featured_media":1370,"comment_status":"closed","ping_status":"closed","template":"","meta":{"site-sidebar-layout":"default","site-content-layout":"","ast-site-content-layout":"default","site-content-style":"default","site-sidebar-style":"default","ast-global-header-display":"","ast-banner-title-visibility":"","ast-main-header-display":"","ast-hfb-above-header-display":"","ast-hfb-below-header-display":"","ast-hfb-mobile-header-display":"","site-post-title":"","ast-breadcrumbs-content":"","ast-featured-img":"","footer-sml-layout":"","theme-transparent-header-meta":"default","adv-header-id-meta":"","stick-header-meta":"","header-above-stick-meta":"","header-main-stick-meta":"","header-below-stick-meta":"","astra-migrate-meta-layouts":"set","_joinchat":[]},"product_brand":[],"product_cat":[17],"product_tag":[],"yst_prominent_words":[],"class_list":{"0":"post-1369","1":"product","2":"type-product","3":"status-publish","4":"has-post-thumbnail","6":"product_cat-jamones-y-paletas","7":"desktop-align-left","8":"tablet-align-left","9":"mobile-align-left","11":"first","12":"instock","13":"taxable","14":"shipping-taxable","15":"purchasable","16":"product-type-variable"},"_links":{"self":[{"href":"https:\/\/encinardeljamon.com\/es\/wp-json\/wp\/v2\/product\/1369","targetHints":{"allow":["GET"]}}],"collection":[{"href":"https:\/\/encinardeljamon.com\/es\/wp-json\/wp\/v2\/product"}],"about":[{"href":"https:\/\/encinardeljamon.com\/es\/wp-json\/wp\/v2\/types\/product"}],"replies":[{"embeddable":true,"href":"https:\/\/encinardeljamon.com\/es\/wp-json\/wp\/v2\/comments?post=1369"}],"wp:featuredmedia":[{"embeddable":true,"href":"https:\/\/encinardeljamon.com\/es\/wp-json\/wp\/v2\/media\/1370"}],"wp:attachment":[{"href":"https:\/\/encinardeljamon.com\/es\/wp-json\/wp\/v2\/media?parent=1369"}],"wp:term":[{"taxonomy":"product_brand","embeddable":true,"href":"https:\/\/encinardeljamon.com\/es\/wp-json\/wp\/v2\/product_brand?post=1369"},{"taxonomy":"product_cat","embeddable":true,"href":"https:\/\/encinardeljamon.com\/es\/wp-json\/wp\/v2\/product_cat?post=1369"},{"taxonomy":"product_tag","embeddable":true,"href":"https:\/\/encinardeljamon.com\/es\/wp-json\/wp\/v2\/product_tag?post=1369"},{"taxonomy":"yst_prominent_words","embeddable":true,"href":"https:\/\/encinardeljamon.com\/es\/wp-json\/wp\/v2\/yst_prominent_words?post=1369"}],"curies":[{"name":"wp","href":"https:\/\/api.w.org\/{rel}","templated":true}]}}