{"id":3147,"date":"2023-10-15T22:19:10","date_gmt":"2023-10-15T22:19:10","guid":{"rendered":"https:\/\/encinardeljamon.com\/?post_type=product&#038;p=3147"},"modified":"2026-02-14T09:50:14","modified_gmt":"2026-02-14T09:50:14","slug":"plato-salchichon-iberico-100-gramos-cortado-a-cuchillo","status":"publish","type":"product","link":"https:\/\/encinardeljamon.com\/en\/product\/plato-salchichon-iberico-100-gramos-cortado-a-cuchillo\/","title":{"rendered":"Plate Iberian Salchich\u00f3n 100 grams (knife-cut)"},"content":{"rendered":"<div class=\"bloque especial\">\n<h2 class=\"titulo uppercase\">DESCRIPTION<\/h2>\n<div class=\"descripcion\">\n<p>The <em><strong>Salchich\u00f3n Cular Extra<\/strong><\/em> se obtiene de cerdos criados en ganader\u00edas de Guijuelo.<\/p>\n<p>This Salchich\u00f3n Cular Extra is the result of carefully reared pigs fed on natural feed and cereals, which gives it its flavour and texture.<\/p>\n<p>El olor y sabor de los salchichones y embutidos ib\u00e9ricos \u00a0son tan caracter\u00edsticos y \u00fanicos gracias a su curaci\u00f3n con el aire puro y la sombra que le proporciona.<\/p>\n<p>Made from Iberian pork meat and fat, minced and seasoned with salt and other natural spices, seasonings and authorised additives, kneaded and stuffed into a casing, which has undergone a maturation-drying process that ensures good stability, as well as an excellent smell and taste.<\/p>\n<p>Taste excellence in every bite.<\/p>\n<p><strong><em>Meat product<\/em><\/strong>.<\/p>\n<h2><em>Consumption<\/em><\/h2>\n<p>To enjoy the full flavour of the Salchich\u00f3n Cular Extra we recommend consuming it at approximately 24\u00b0C.<\/p>\n<p>If it is packaged, we recommend removing it from its packaging and leaving it at room temperature for 30 minutes before serving. If it has been kept refrigerated, this time can be increased to 2 hours.<\/p>\n<p>Best before: 16 months<\/p>\n<h2><em>Storage<\/em><\/h2>\n<p><em><strong>Sliced or sliced sausage<\/strong><\/em>Store chilled at 4-10\u00b0C. When ready to eat, leave to cool for 10 minutes.<\/p>\n<h2><em>Feeding<\/em><\/h2>\n<p>Natural feed and cereals.<\/p>\n<h2><em>Healing time<\/em><\/h2>\n<p>Curaci\u00f3n total de 4 meses<\/p>\n<\/div>\n<\/div>\n<div class=\"caracteristicas\">\n<div class=\"bloque especial\">\n<p><span class=\"titulo uppercase\">INGREDIENTS<\/span><\/p>\n<div class=\"descripcion\">\n<p>Pork meat and fat, salt, dextrin, spices, dextrose, stabilisers (E450 and E452), acidity regulator (E331), antioxidant (E301), preservatives (E250 and E252) and natural casing.<\/p>\n<table>\n<tbody>\n<tr>\n<th class=\"uppercase\">NUTRITIONAL VALUES<\/th>\n<th class=\"uppercase\">AVERAGE VALUE PER 100 G.<\/th>\n<\/tr>\n<tr>\n<td>Energy Value (Kj.)<\/td>\n<td>1955 Kj.<\/td>\n<\/tr>\n<tr>\n<td>Energy Value (Kcal.)<\/td>\n<td>472.3 Kcal.<\/td>\n<\/tr>\n<tr>\n<td>Fats<\/td>\n<td>41.7 g.<\/td>\n<\/tr>\n<tr>\n<td>Of which saturated fatty acids<\/td>\n<td>16.5 g.<\/td>\n<\/tr>\n<tr>\n<td>Carbohydrates<\/td>\n<td>1.6 g.<\/td>\n<\/tr>\n<tr>\n<td>Of which sugars<\/td>\n<td>1.2 g.<\/td>\n<\/tr>\n<tr>\n<td>Proteins<\/td>\n<td>2.5 g.<\/td>\n<\/tr>\n<tr>\n<td>Salt<\/td>\n<td>3.4 g.<\/td>\n<\/tr>\n<\/tbody>\n<\/table>\n<\/div>\n<\/div>\n<\/div>\n<div class=\"otros\">\n<div class=\"bloque\">\n<p><span class=\"titulo uppercase\">RECOMMENDATIONS<\/span><\/p>\n<div class=\"descripcion\">\n<p>Keep in a cool, dry place away from direct sunlight.<\/p>\n<\/div>\n<\/div>\n<\/div>","protected":false},"excerpt":{"rendered":"<p>DESCRIPCI\u00d3N El Salchich\u00f3n Cular Extra se obtiene de cerdos criados en ganader\u00edas de Guijuelo. Esta Salchich\u00f3n Cular Extra es el resultado de una cuidadosa crianza de cerdos con una alimentaci\u00f3n basada en piensos naturales y cereales, lo que le confiere su sabor y su textura. El olor y sabor de los salchichones y embutidos ib\u00e9ricos &hellip;<\/p>\n<p class=\"read-more\"> <a class=\"\" href=\"https:\/\/encinardeljamon.com\/en\/product\/plato-salchichon-iberico-100-gramos-cortado-a-cuchillo\/\"> <span class=\"screen-reader-text\">Plate Iberian Salchich\u00f3n 100 grams (knife-cut)<\/span> Read More \"<\/a><\/p>","protected":false},"featured_media":3148,"comment_status":"closed","ping_status":"closed","template":"","meta":{"site-sidebar-layout":"default","site-content-layout":"","ast-site-content-layout":"default","site-content-style":"default","site-sidebar-style":"default","ast-global-header-display":"","ast-banner-title-visibility":"","ast-main-header-display":"","ast-hfb-above-header-display":"","ast-hfb-below-header-display":"","ast-hfb-mobile-header-display":"","site-post-title":"","ast-breadcrumbs-content":"","ast-featured-img":"","footer-sml-layout":"","theme-transparent-header-meta":"default","adv-header-id-meta":"","stick-header-meta":"","header-above-stick-meta":"","header-main-stick-meta":"","header-below-stick-meta":"","astra-migrate-meta-layouts":"set","_joinchat":[]},"product_brand":[],"product_cat":[39,29],"product_tag":[],"yst_prominent_words":[],"class_list":{"0":"post-3147","1":"product","2":"type-product","3":"status-publish","4":"has-post-thumbnail","6":"product_cat-ofertas-y-novedades","7":"product_cat-eventos-especiales","8":"desktop-align-left","9":"tablet-align-left","10":"mobile-align-left","12":"first","13":"instock","14":"taxable","15":"shipping-taxable","16":"purchasable","17":"product-type-variable"},"_links":{"self":[{"href":"https:\/\/encinardeljamon.com\/en\/wp-json\/wp\/v2\/product\/3147","targetHints":{"allow":["GET"]}}],"collection":[{"href":"https:\/\/encinardeljamon.com\/en\/wp-json\/wp\/v2\/product"}],"about":[{"href":"https:\/\/encinardeljamon.com\/en\/wp-json\/wp\/v2\/types\/product"}],"replies":[{"embeddable":true,"href":"https:\/\/encinardeljamon.com\/en\/wp-json\/wp\/v2\/comments?post=3147"}],"wp:featuredmedia":[{"embeddable":true,"href":"https:\/\/encinardeljamon.com\/en\/wp-json\/wp\/v2\/media\/3148"}],"wp:attachment":[{"href":"https:\/\/encinardeljamon.com\/en\/wp-json\/wp\/v2\/media?parent=3147"}],"wp:term":[{"taxonomy":"product_brand","embeddable":true,"href":"https:\/\/encinardeljamon.com\/en\/wp-json\/wp\/v2\/product_brand?post=3147"},{"taxonomy":"product_cat","embeddable":true,"href":"https:\/\/encinardeljamon.com\/en\/wp-json\/wp\/v2\/product_cat?post=3147"},{"taxonomy":"product_tag","embeddable":true,"href":"https:\/\/encinardeljamon.com\/en\/wp-json\/wp\/v2\/product_tag?post=3147"},{"taxonomy":"yst_prominent_words","embeddable":true,"href":"https:\/\/encinardeljamon.com\/en\/wp-json\/wp\/v2\/yst_prominent_words?post=3147"}],"curies":[{"name":"wp","href":"https:\/\/api.w.org\/{rel}","templated":true}]}}