{"id":1435,"date":"2022-08-01T12:06:43","date_gmt":"2022-08-01T12:06:43","guid":{"rendered":"https:\/\/encinardeljamon.com\/?post_type=product&#038;p=1435"},"modified":"2025-10-04T18:11:10","modified_gmt":"2025-10-04T18:11:10","slug":"paletilla-gran-reserva45-a-5-kg-aprox","status":"publish","type":"product","link":"https:\/\/encinardeljamon.com\/en\/product\/paletilla-gran-reserva45-a-5-kg-aprox\/","title":{"rendered":"Paletilla Gran Reserva(4,5 a 5 kg aprox)"},"content":{"rendered":"<h1 style=\"text-align: center;\"><\/h1>\n<blockquote>\n<ol>\n<li>PALETA cruce k cerdo blanco Duroc con peso de 4,5 a 5 kilos\u00a0 aprox.<\/li>\n<\/ol>\n<\/blockquote>\n<p>Foreleg (shoulder), from pigs that have undergone a salting, drying and maturing process, with a minimum curing time as indicated in the table.<br \/>\nProduct<br \/>\nMin. healing time<br \/>\nIngredients<br \/>\nProduct formats<br \/>\nPart<br \/>\nKnife cutting<br \/>\nBoning<\/p>\n<p>Palette<br \/>\n365 days<br \/>\nPork shoulder (98%), salt (1,97%), acidity regulator E-331iii, preservatives E-252 (0,015%) and E-250 (0,0099%)<\/p>\n<p>Allergens: Contains no ingredients, as specified in ANNEX II of Regulation 1169\/2011, that may cause allergies or intolerance.<br \/>\nNutritional properties:<\/p>\n<p>Palette<br \/>\nEnergy value<br \/>\nKJ: 1267 Kcal: 303<br \/>\nKJ: 1267 Kcal: 303<br \/>\nFats<br \/>\n19,2<br \/>\n19,2<br \/>\ng\/100g<br \/>\nOf which:<br \/>\nSaturated fatty acids 7,81 7,81 g\/100g<br \/>\nCarbohydrate 0,1 0,1 g\/100g<br \/>\nOf which:<br \/>\nSugars<br \/>\n0<br \/>\n0<br \/>\ng\/100g<br \/>\nDietary fibre.<br \/>\n0<br \/>\n0<br \/>\ng\/100g<br \/>\nProteins<br \/>\n32,3<br \/>\n32,3<br \/>\ng\/100g<br \/>\nSalt<br \/>\n4,85<br \/>\n4,85<br \/>\ng\/100g<br \/>\nSource: BEDCA database<br \/>\nOrganoleptic characteristics:<br \/>\nMicrobiological: Physical-Chemical:<br \/>\nColour<br \/>\nTypical of cured ham. With a pearly-white fatty streak.<br \/>\nAroma<br \/>\nPleasant and characteristic<br \/>\nTaste<br \/>\nLightly salted cured meat<br \/>\nTexture<br \/>\nHomogeneous<\/p>\n<p>Technical Specification Sheet Date:20\/03\/2023-Rev:6<br \/>\nKeep this sheet up to date at all times<br \/>\nEscherichia coli<br \/>\n1 x 102 cfu\/g<br \/>\nSalmonella<br \/>\nAbsence \/ 25 g<br \/>\nListeria monocytogenes<br \/>\nAbsence \/ 25 g<\/p>","protected":false},"excerpt":{"rendered":"<p>PALETA cruce k cerdo blanco Duroc con peso de 4,5 a 5 kilos\u00a0 aprox. Extremidad anterior (Paleta), procedentes de cerdos, sometidos a un proceso de salaz\u00f3n, secado y madurado, con un tiempo m\u00ednimo de curaci\u00f3n seg\u00fan se indica en la tabla. Producto Tiempo m\u00edn. de curaci\u00f3n Ingredientes Formatos de productos Pieza Corte a cuchillo Deshuesado &hellip;<\/p>\n<p class=\"read-more\"> <a class=\"\" href=\"https:\/\/encinardeljamon.com\/en\/product\/paletilla-gran-reserva45-a-5-kg-aprox\/\"> <span class=\"screen-reader-text\">Paletilla Gran Reserva(4,5 a 5 kg aprox)<\/span> Read More \"<\/a><\/p>","protected":false},"featured_media":3160,"comment_status":"closed","ping_status":"closed","template":"","meta":{"site-sidebar-layout":"default","site-content-layout":"","ast-site-content-layout":"default","site-content-style":"default","site-sidebar-style":"default","ast-global-header-display":"","ast-banner-title-visibility":"","ast-main-header-display":"","ast-hfb-above-header-display":"","ast-hfb-below-header-display":"","ast-hfb-mobile-header-display":"","site-post-title":"","ast-breadcrumbs-content":"","ast-featured-img":"","footer-sml-layout":"","theme-transparent-header-meta":"default","adv-header-id-meta":"","stick-header-meta":"","header-above-stick-meta":"","header-main-stick-meta":"","header-below-stick-meta":"","astra-migrate-meta-layouts":"set","_joinchat":[]},"product_brand":[],"product_cat":[17,39],"product_tag":[],"yst_prominent_words":[],"class_list":{"0":"post-1435","1":"product","2":"type-product","3":"status-publish","4":"has-post-thumbnail","6":"product_cat-jamones-y-paletas","7":"product_cat-ofertas-y-novedades","8":"desktop-align-left","9":"tablet-align-left","10":"mobile-align-left","12":"first","13":"instock","14":"sale","15":"taxable","16":"shipping-taxable","17":"purchasable","18":"product-type-variable"},"_links":{"self":[{"href":"https:\/\/encinardeljamon.com\/en\/wp-json\/wp\/v2\/product\/1435","targetHints":{"allow":["GET"]}}],"collection":[{"href":"https:\/\/encinardeljamon.com\/en\/wp-json\/wp\/v2\/product"}],"about":[{"href":"https:\/\/encinardeljamon.com\/en\/wp-json\/wp\/v2\/types\/product"}],"replies":[{"embeddable":true,"href":"https:\/\/encinardeljamon.com\/en\/wp-json\/wp\/v2\/comments?post=1435"}],"wp:featuredmedia":[{"embeddable":true,"href":"https:\/\/encinardeljamon.com\/en\/wp-json\/wp\/v2\/media\/3160"}],"wp:attachment":[{"href":"https:\/\/encinardeljamon.com\/en\/wp-json\/wp\/v2\/media?parent=1435"}],"wp:term":[{"taxonomy":"product_brand","embeddable":true,"href":"https:\/\/encinardeljamon.com\/en\/wp-json\/wp\/v2\/product_brand?post=1435"},{"taxonomy":"product_cat","embeddable":true,"href":"https:\/\/encinardeljamon.com\/en\/wp-json\/wp\/v2\/product_cat?post=1435"},{"taxonomy":"product_tag","embeddable":true,"href":"https:\/\/encinardeljamon.com\/en\/wp-json\/wp\/v2\/product_tag?post=1435"},{"taxonomy":"yst_prominent_words","embeddable":true,"href":"https:\/\/encinardeljamon.com\/en\/wp-json\/wp\/v2\/yst_prominent_words?post=1435"}],"curies":[{"name":"wp","href":"https:\/\/api.w.org\/{rel}","templated":true}]}}